{"id":9185,"date":"2018-09-18T12:48:57","date_gmt":"2018-09-18T12:48:57","guid":{"rendered":"http:\/\/127.0.0.1\/test2\/?page_id=6"},"modified":"2024-04-12T14:04:40","modified_gmt":"2024-04-12T14:04:40","slug":"home-default","status":"publish","type":"page","link":"https:\/\/cmn.com.pt\/printhub\/","title":{"rendered":"Home"},"content":{"rendered":"\t\t<div data-elementor-type=\"wp-page\" data-elementor-id=\"9185\" class=\"elementor elementor-9185\">\n\t\t\t\t\t\t<div class=\"elementor-inner\">\n\t\t\t\t<div class=\"elementor-section-wrap\">\n\t\t\t\t\t\t\t\t\t<section class=\"elementor-section elementor-top-section elementor-element elementor-element-b0f547e elementor-section-full_width elementor-section-stretched elementor-section-height-default elementor-section-height-default\" data-id=\"b0f547e\" data-element_type=\"section\" data-settings=\"{&quot;stretch_section&quot;:&quot;section-stretched&quot;}\">\n\t\t\t\t\t\t<div class=\"elementor-container elementor-column-gap-default\">\n\t\t\t\t\t\t\t<div class=\"elementor-row\">\n\t\t\t\t\t<div class=\"elementor-column elementor-col-100 elementor-top-column elementor-element elementor-element-b2519a5\" data-id=\"b2519a5\" data-element_type=\"column\">\n\t\t\t<div class=\"elementor-column-wrap elementor-element-populated\">\n\t\t\t\t\t\t\t<div class=\"elementor-widget-wrap\">\n\t\t\t\t\t\t<div class=\"elementor-element elementor-element-fc84574 elementor-arrows-position-inside elementor-pagination-position-outside elementor-widget elementor-widget-image-carousel\" data-id=\"fc84574\" data-element_type=\"widget\" data-settings=\"{&quot;slides_to_show&quot;:&quot;1&quot;,&quot;navigation&quot;:&quot;both&quot;,&quot;autoplay&quot;:&quot;yes&quot;,&quot;pause_on_hover&quot;:&quot;yes&quot;,&quot;pause_on_interaction&quot;:&quot;yes&quot;,&quot;autoplay_speed&quot;:5000,&quot;infinite&quot;:&quot;yes&quot;,&quot;effect&quot;:&quot;slide&quot;,&quot;speed&quot;:500}\" data-widget_type=\"image-carousel.default\">\n\t\t\t\t<div class=\"elementor-widget-container\">\n\t\t\t\t\t<div class=\"elementor-image-carousel-wrapper swiper-container\" dir=\"ltr\">\n\t\t\t<div class=\"elementor-image-carousel swiper-wrapper swiper-image-stretch\">\n\t\t\t\t\t\t\t\t<div class=\"swiper-slide\"><figure class=\"swiper-slide-inner\"><img decoding=\"async\" class=\"swiper-slide-image\" src=\"https:\/\/cmn.com.pt\/printhub\/wp-content\/uploads\/2024\/03\/siser2.jpg\" alt=\"siser2\" \/><\/figure><\/div><div class=\"swiper-slide\"><figure class=\"swiper-slide-inner\"><img decoding=\"async\" class=\"swiper-slide-image\" src=\"https:\/\/cmn.com.pt\/printhub\/wp-content\/uploads\/2024\/03\/img_imprimax-1.jpg\" alt=\"img_imprimax\" \/><\/figure><\/div>\t\t\t<\/div>\n\t\t\t\t\t\t\t\t\t\t\t\t<div class=\"swiper-pagination\"><\/div>\n\t\t\t\t\t\t\t\t\t\t\t\t\t<div class=\"elementor-swiper-button elementor-swiper-button-prev\">\n\t\t\t\t\t\t<i aria-hidden=\"true\" class=\"eicon-chevron-left\"><\/i>\t\t\t\t\t\t<span class=\"elementor-screen-only\">Anterior<\/span>\n\t\t\t\t\t<\/div>\n\t\t\t\t\t<div class=\"elementor-swiper-button elementor-swiper-button-next\">\n\t\t\t\t\t\t<i aria-hidden=\"true\" class=\"eicon-chevron-right\"><\/i>\t\t\t\t\t\t<span class=\"elementor-screen-only\">Seguinte<\/span>\n\t\t\t\t\t<\/div>\n\t\t\t\t\t\t\t\t\t<\/div>\n\t\t\t\t<\/div>\n\t\t\t\t<\/div>\n\t\t\t\t\t\t<\/div>\n\t\t\t\t\t<\/div>\n\t\t<\/div>\n\t\t\t\t\t\t\t\t<\/div>\n\t\t\t\t\t<\/div>\n\t\t<\/section>\n\t\t\t\t<section class=\"elementor-section elementor-top-section elementor-element elementor-element-6e3f78a elementor-section-full_width elementor-section-height-default elementor-section-height-default\" data-id=\"6e3f78a\" data-element_type=\"section\">\n\t\t\t\t\t\t<div class=\"elementor-container elementor-column-gap-default\">\n\t\t\t\t\t\t\t<div class=\"elementor-row\">\n\t\t\t\t\t<div class=\"elementor-column elementor-col-100 elementor-top-column elementor-element elementor-element-97305db\" data-id=\"97305db\" data-element_type=\"column\">\n\t\t\t<div class=\"elementor-column-wrap elementor-element-populated\">\n\t\t\t\t\t\t\t<div class=\"elementor-widget-wrap\">\n\t\t\t\t\t\t<div class=\"elementor-element elementor-element-f6051e9 elementor-arrows-position-inside elementor-pagination-position-outside elementor-widget elementor-widget-image-carousel\" data-id=\"f6051e9\" data-element_type=\"widget\" data-settings=\"{&quot;slides_to_show&quot;:&quot;2&quot;,&quot;navigation&quot;:&quot;both&quot;,&quot;autoplay&quot;:&quot;yes&quot;,&quot;pause_on_hover&quot;:&quot;yes&quot;,&quot;pause_on_interaction&quot;:&quot;yes&quot;,&quot;autoplay_speed&quot;:5000,&quot;infinite&quot;:&quot;yes&quot;,&quot;speed&quot;:500}\" data-widget_type=\"image-carousel.default\">\n\t\t\t\t<div class=\"elementor-widget-container\">\n\t\t\t\t\t<div class=\"elementor-image-carousel-wrapper swiper-container\" dir=\"ltr\">\n\t\t\t<div class=\"elementor-image-carousel swiper-wrapper swiper-image-stretch\">\n\t\t\t\t\t\t\t\t<div class=\"swiper-slide\"><figure class=\"swiper-slide-inner\"><img decoding=\"async\" class=\"swiper-slide-image\" src=\"https:\/\/cmn.com.pt\/printhub\/wp-content\/uploads\/2024\/03\/printheads-e1710717196820.png\" alt=\"printheads\" \/><\/figure><\/div><div class=\"swiper-slide\"><figure class=\"swiper-slide-inner\"><img decoding=\"async\" class=\"swiper-slide-image\" src=\"https:\/\/cmn.com.pt\/printhub\/wp-content\/uploads\/2024\/03\/da2-1-scaled.jpg\" alt=\"da2\" \/><\/figure><\/div><div class=\"swiper-slide\"><figure class=\"swiper-slide-inner\"><img decoding=\"async\" class=\"swiper-slide-image\" src=\"https:\/\/cmn.com.pt\/printhub\/wp-content\/uploads\/2024\/03\/kit1-scaled.jpg\" alt=\"kit1\" \/><\/figure><\/div><div class=\"swiper-slide\"><figure class=\"swiper-slide-inner\"><img decoding=\"async\" class=\"swiper-slide-image\" src=\"https:\/\/cmn.com.pt\/printhub\/wp-content\/uploads\/2024\/03\/inks-scaled.jpg\" alt=\"inks\" \/><\/figure><\/div>\t\t\t<\/div>\n\t\t\t\t\t\t\t\t\t\t\t\t<div class=\"swiper-pagination\"><\/div>\n\t\t\t\t\t\t\t\t\t\t\t\t\t<div class=\"elementor-swiper-button elementor-swiper-button-prev\">\n\t\t\t\t\t\t<i aria-hidden=\"true\" class=\"eicon-chevron-left\"><\/i>\t\t\t\t\t\t<span class=\"elementor-screen-only\">Anterior<\/span>\n\t\t\t\t\t<\/div>\n\t\t\t\t\t<div class=\"elementor-swiper-button elementor-swiper-button-next\">\n\t\t\t\t\t\t<i aria-hidden=\"true\" class=\"eicon-chevron-right\"><\/i>\t\t\t\t\t\t<span class=\"elementor-screen-only\">Seguinte<\/span>\n\t\t\t\t\t<\/div>\n\t\t\t\t\t\t\t\t\t<\/div>\n\t\t\t\t<\/div>\n\t\t\t\t<\/div>\n\t\t\t\t\t\t<\/div>\n\t\t\t\t\t<\/div>\n\t\t<\/div>\n\t\t\t\t\t\t\t\t<\/div>\n\t\t\t\t\t<\/div>\n\t\t<\/section>\n\t\t\t\t\t\t\t\t\t<\/div>\n\t\t\t<\/div>\n\t\t\t\t\t<\/div>\n\t\t","protected":false},"excerpt":{"rendered":"<p>Anterior Seguinte Anterior Seguinte<\/p>\n","protected":false},"author":1,"featured_media":0,"parent":0,"menu_order":0,"comment_status":"closed","ping_status":"closed","template":"","meta":{"content-type":"","footnotes":""},"class_list":["post-9185","page","type-page","status-publish","hentry"],"yoast_head":"<!-- This site is optimized with the Yoast SEO plugin v20.4 - https:\/\/yoast.com\/wordpress\/plugins\/seo\/ -->\n<title>Home - PRINTHUB<\/title>\n<meta name=\"robots\" content=\"index, follow, max-snippet:-1, max-image-preview:large, max-video-preview:-1\" \/>\n<link rel=\"canonical\" href=\"https:\/\/cmn.com.pt\/printhub\/\" \/>\n<meta property=\"og:locale\" content=\"pt_PT\" \/>\n<meta property=\"og:type\" content=\"article\" \/>\n<meta property=\"og:title\" content=\"Home - PRINTHUB\" \/>\n<meta property=\"og:description\" content=\"Anterior Seguinte Anterior Seguinte\" \/>\n<meta property=\"og:url\" content=\"https:\/\/cmn.com.pt\/printhub\/\" \/>\n<meta property=\"og:site_name\" content=\"PRINTHUB\" \/>\n<meta property=\"article:publisher\" content=\"https:\/\/www.facebook.com\/cmn.equipamentos.consumiveis\/\" \/>\n<meta property=\"article:modified_time\" content=\"2024-04-12T14:04:40+00:00\" \/>\n<meta property=\"og:image\" content=\"https:\/\/cmn.com.pt\/printhub\/wp-content\/uploads\/2024\/03\/siser2.jpg\" \/>\n<meta name=\"twitter:card\" content=\"summary_large_image\" \/>\n<meta name=\"twitter:label1\" content=\"Tempo estimado de leitura\" \/>\n\t<meta name=\"twitter:data1\" content=\"3 minutos\" \/>\n<script type=\"application\/ld+json\" class=\"yoast-schema-graph\">{\"@context\":\"https:\/\/schema.org\",\"@graph\":[{\"@type\":\"WebPage\",\"@id\":\"https:\/\/cmn.com.pt\/printhub\/\",\"url\":\"https:\/\/cmn.com.pt\/printhub\/\",\"name\":\"Home - PRINTHUB\",\"isPartOf\":{\"@id\":\"https:\/\/cmn.com.pt\/printhub\/#website\"},\"datePublished\":\"2018-09-18T12:48:57+00:00\",\"dateModified\":\"2024-04-12T14:04:40+00:00\",\"breadcrumb\":{\"@id\":\"https:\/\/cmn.com.pt\/printhub\/#breadcrumb\"},\"inLanguage\":\"pt-PT\",\"potentialAction\":[{\"@type\":\"ReadAction\",\"target\":[\"https:\/\/cmn.com.pt\/printhub\/\"]}]},{\"@type\":\"BreadcrumbList\",\"@id\":\"https:\/\/cmn.com.pt\/printhub\/#breadcrumb\",\"itemListElement\":[{\"@type\":\"ListItem\",\"position\":1,\"name\":\"In\u00edcio\",\"item\":\"https:\/\/cmn.com.pt\/printhub\/\"},{\"@type\":\"ListItem\",\"position\":2,\"name\":\"Home\"}]},{\"@type\":\"WebSite\",\"@id\":\"https:\/\/cmn.com.pt\/printhub\/#website\",\"url\":\"https:\/\/cmn.com.pt\/printhub\/\",\"name\":\"CMN Equipamentos e Consum\u00edveis\",\"description\":\"Equipamentos e Consum\u00edveis de Impress\u00e3o, Lda\",\"publisher\":{\"@id\":\"https:\/\/cmn.com.pt\/printhub\/#organization\"},\"alternateName\":\"Empresa de Com\u00e9rcio e Repara\u00e7\u00e3o de equipamentos de impress\u00e3o de grande e pequeno formato, venda de Consum\u00edveis e materiais\",\"potentialAction\":[{\"@type\":\"SearchAction\",\"target\":{\"@type\":\"EntryPoint\",\"urlTemplate\":\"https:\/\/cmn.com.pt\/printhub\/?s={search_term_string}\"},\"query-input\":\"required name=search_term_string\"}],\"inLanguage\":\"pt-PT\"},{\"@type\":\"Organization\",\"@id\":\"https:\/\/cmn.com.pt\/printhub\/#organization\",\"name\":\"CMN - Import Export Trading\",\"url\":\"https:\/\/cmn.com.pt\/printhub\/\",\"logo\":{\"@type\":\"ImageObject\",\"inLanguage\":\"pt-PT\",\"@id\":\"https:\/\/cmn.com.pt\/printhub\/#\/schema\/logo\/image\/\",\"url\":\"https:\/\/cmn.com.pt\/printhub\/wp-content\/uploads\/2022\/07\/Logo-21-e1659456161272.png\",\"contentUrl\":\"https:\/\/cmn.com.pt\/printhub\/wp-content\/uploads\/2022\/07\/Logo-21-e1659456161272.png\",\"width\":149,\"height\":51,\"caption\":\"CMN - Import Export Trading\"},\"image\":{\"@id\":\"https:\/\/cmn.com.pt\/printhub\/#\/schema\/logo\/image\/\"},\"sameAs\":[\"https:\/\/www.facebook.com\/cmn.equipamentos.consumiveis\/\",\"https:\/\/www.instagram.com\/cmn_equipamentos\/\",\"https:\/\/www.linkedin.com\/in\/cmnequipamentoseconsumiveis\",\"https:\/\/www.youtube.com\/channel\/UCGla_lu2IiHeN4oHY2118Tg\"]}]}<\/script>\n<!-- \/ Yoast SEO plugin. -->","yoast_head_json":{"title":"Home - PRINTHUB","robots":{"index":"index","follow":"follow","max-snippet":"max-snippet:-1","max-image-preview":"max-image-preview:large","max-video-preview":"max-video-preview:-1"},"canonical":"https:\/\/cmn.com.pt\/printhub\/","og_locale":"pt_PT","og_type":"article","og_title":"Home - PRINTHUB","og_description":"Anterior Seguinte Anterior Seguinte","og_url":"https:\/\/cmn.com.pt\/printhub\/","og_site_name":"PRINTHUB","article_publisher":"https:\/\/www.facebook.com\/cmn.equipamentos.consumiveis\/","article_modified_time":"2024-04-12T14:04:40+00:00","og_image":[{"url":"https:\/\/cmn.com.pt\/printhub\/wp-content\/uploads\/2024\/03\/siser2.jpg"}],"twitter_card":"summary_large_image","twitter_misc":{"Tempo estimado de leitura":"3 minutos"},"schema":{"@context":"https:\/\/schema.org","@graph":[{"@type":"WebPage","@id":"https:\/\/cmn.com.pt\/printhub\/","url":"https:\/\/cmn.com.pt\/printhub\/","name":"Home - PRINTHUB","isPartOf":{"@id":"https:\/\/cmn.com.pt\/printhub\/#website"},"datePublished":"2018-09-18T12:48:57+00:00","dateModified":"2024-04-12T14:04:40+00:00","breadcrumb":{"@id":"https:\/\/cmn.com.pt\/printhub\/#breadcrumb"},"inLanguage":"pt-PT","potentialAction":[{"@type":"ReadAction","target":["https:\/\/cmn.com.pt\/printhub\/"]}]},{"@type":"BreadcrumbList","@id":"https:\/\/cmn.com.pt\/printhub\/#breadcrumb","itemListElement":[{"@type":"ListItem","position":1,"name":"In\u00edcio","item":"https:\/\/cmn.com.pt\/printhub\/"},{"@type":"ListItem","position":2,"name":"Home"}]},{"@type":"WebSite","@id":"https:\/\/cmn.com.pt\/printhub\/#website","url":"https:\/\/cmn.com.pt\/printhub\/","name":"CMN Equipamentos e Consum\u00edveis","description":"Equipamentos e Consum\u00edveis de Impress\u00e3o, Lda","publisher":{"@id":"https:\/\/cmn.com.pt\/printhub\/#organization"},"alternateName":"Empresa de Com\u00e9rcio e Repara\u00e7\u00e3o de equipamentos de impress\u00e3o de grande e pequeno formato, venda de Consum\u00edveis e materiais","potentialAction":[{"@type":"SearchAction","target":{"@type":"EntryPoint","urlTemplate":"https:\/\/cmn.com.pt\/printhub\/?s={search_term_string}"},"query-input":"required name=search_term_string"}],"inLanguage":"pt-PT"},{"@type":"Organization","@id":"https:\/\/cmn.com.pt\/printhub\/#organization","name":"CMN - Import Export Trading","url":"https:\/\/cmn.com.pt\/printhub\/","logo":{"@type":"ImageObject","inLanguage":"pt-PT","@id":"https:\/\/cmn.com.pt\/printhub\/#\/schema\/logo\/image\/","url":"https:\/\/cmn.com.pt\/printhub\/wp-content\/uploads\/2022\/07\/Logo-21-e1659456161272.png","contentUrl":"https:\/\/cmn.com.pt\/printhub\/wp-content\/uploads\/2022\/07\/Logo-21-e1659456161272.png","width":149,"height":51,"caption":"CMN - Import Export Trading"},"image":{"@id":"https:\/\/cmn.com.pt\/printhub\/#\/schema\/logo\/image\/"},"sameAs":["https:\/\/www.facebook.com\/cmn.equipamentos.consumiveis\/","https:\/\/www.instagram.com\/cmn_equipamentos\/","https:\/\/www.linkedin.com\/in\/cmnequipamentoseconsumiveis","https:\/\/www.youtube.com\/channel\/UCGla_lu2IiHeN4oHY2118Tg"]}]}},"_links":{"self":[{"href":"https:\/\/cmn.com.pt\/printhub\/wp-json\/wp\/v2\/pages\/9185","targetHints":{"allow":["GET"]}}],"collection":[{"href":"https:\/\/cmn.com.pt\/printhub\/wp-json\/wp\/v2\/pages"}],"about":[{"href":"https:\/\/cmn.com.pt\/printhub\/wp-json\/wp\/v2\/types\/page"}],"author":[{"embeddable":true,"href":"https:\/\/cmn.com.pt\/printhub\/wp-json\/wp\/v2\/users\/1"}],"replies":[{"embeddable":true,"href":"https:\/\/cmn.com.pt\/printhub\/wp-json\/wp\/v2\/comments?post=9185"}],"version-history":[{"count":90,"href":"https:\/\/cmn.com.pt\/printhub\/wp-json\/wp\/v2\/pages\/9185\/revisions"}],"predecessor-version":[{"id":54711,"href":"https:\/\/cmn.com.pt\/printhub\/wp-json\/wp\/v2\/pages\/9185\/revisions\/54711"}],"wp:attachment":[{"href":"https:\/\/cmn.com.pt\/printhub\/wp-json\/wp\/v2\/media?parent=9185"}],"curies":[{"name":"wp","href":"https:\/\/api.w.org\/{rel}","templated":true}]}}