{"id":46063,"date":"2021-01-21T16:52:29","date_gmt":"2021-01-21T16:52:29","guid":{"rendered":"https:\/\/cmn.com.pt\/pt\/home\/produto\/import-placeholder-for-anti-estatico-100ml\/"},"modified":"2025-02-07T14:44:52","modified_gmt":"2025-02-07T14:44:52","slug":"liquido-anti-estatico-100ml","status":"publish","type":"product","link":"https:\/\/cmn.com.pt\/printhub\/produto\/consumiveis\/liquido-anti-estatico-100ml\/","title":{"rendered":"L\u00edquido Anti-Est\u00e1tico 100ml"},"content":{"rendered":"","protected":false},"excerpt":{"rendered":"<p><strong>DESCRI\u00c7\u00c3O<\/strong><br \/>\nL\u00edquido que elimina o choque de eletricidade est\u00e1tica em superf\u00edcies pl\u00e1sticas e met\u00e1licas. Este produto \u00e9 de secagem r\u00e1pida e deixa a superf\u00edcie livre de est\u00e1tica.<\/p>\n<p><strong>APLICA\u00c7\u00d5ES<\/strong><br \/>\n* Para a limpeza de gorduras e \u00f3leos em trabalhos realizados com materiais metacrilato de metilo (PMMA), extrus\u00e3o e fundi\u00e7\u00e3o e outros pl\u00e1sticos.<br \/>\n* Para limpar materiais pl\u00e1sticos de cargas est\u00e1ticas.<\/p>\n<p><strong>INSTRU\u00c7\u00d5ES DE USO<\/strong><br \/>\n* Agite o produto antes de us\u00e1-lo.<br \/>\n* Pulverize o produto na superf\u00edcie a ser limpa.<br \/>\n* Deixe agir por alguns segundos e remova-o suavemente com um pano seco.<br \/>\nEmbora o produto n\u00e3o seja t\u00f3xico, quando se trabalha para o setor aliment\u00edcio, as pe\u00e7as dever\u00e3o ser lavadas com \u00e1gua limpa.<\/p>\n<p><strong>Quantidade:<\/strong> 100ml<\/p>\n<p>&nbsp;<\/p>\n<p>&nbsp;<\/p>\n<p>&nbsp;<\/p>\n","protected":false},"featured_media":35999,"comment_status":"closed","ping_status":"closed","template":"","meta":{"content-type":""},"product_cat":[9878,9944],"product_tag":[9007],"class_list":["post-46063","product","type-product","status-publish","has-post-thumbnail","hentry","product_cat-consumiveis","product_cat-uv-led","product_tag-liquido-anti-estatico","product_shipping_class-classe-1"],"yoast_head":"<!-- This site is optimized with the Yoast SEO plugin v20.4 - https:\/\/yoast.com\/wordpress\/plugins\/seo\/ -->\n<title>L\u00edquido Anti-Est\u00e1tico 100ml - PRINTHUB<\/title>\n<meta name=\"robots\" content=\"index, follow, max-snippet:-1, max-image-preview:large, max-video-preview:-1\" \/>\n<link rel=\"canonical\" href=\"https:\/\/cmn.com.pt\/printhub\/produto\/consumiveis\/liquido-anti-estatico-100ml\/\" \/>\n<meta property=\"og:locale\" content=\"pt_PT\" \/>\n<meta property=\"og:type\" content=\"article\" \/>\n<meta property=\"og:title\" content=\"L\u00edquido Anti-Est\u00e1tico 100ml - PRINTHUB\" \/>\n<meta property=\"og:description\" content=\"DESCRI\u00c7\u00c3O L\u00edquido que elimina o choque de eletricidade est\u00e1tica em superf\u00edcies pl\u00e1sticas e met\u00e1licas. Este produto \u00e9 de secagem r\u00e1pida e deixa a superf\u00edcie livre de est\u00e1tica.  APLICA\u00c7\u00d5ES * Para a limpeza de gorduras e \u00f3leos em trabalhos realizados com materiais metacrilato de metilo (PMMA), extrus\u00e3o e fundi\u00e7\u00e3o e outros pl\u00e1sticos. * Para limpar materiais pl\u00e1sticos de cargas est\u00e1ticas.  INSTRU\u00c7\u00d5ES DE USO * Agite o produto antes de us\u00e1-lo. * Pulverize o produto na superf\u00edcie a ser limpa. * Deixe agir por alguns segundos e remova-o suavemente com um pano seco. Embora o produto n\u00e3o seja t\u00f3xico, quando se trabalha para o setor aliment\u00edcio, as pe\u00e7as dever\u00e3o ser lavadas com \u00e1gua limpa.  Quantidade: 100ml  &nbsp;  &nbsp;  &nbsp;\" \/>\n<meta property=\"og:url\" content=\"https:\/\/cmn.com.pt\/printhub\/produto\/consumiveis\/liquido-anti-estatico-100ml\/\" \/>\n<meta property=\"og:site_name\" content=\"PRINTHUB\" \/>\n<meta property=\"article:publisher\" content=\"https:\/\/www.facebook.com\/cmn.equipamentos.consumiveis\/\" \/>\n<meta property=\"article:modified_time\" content=\"2025-02-07T14:44:52+00:00\" \/>\n<meta property=\"og:image\" content=\"https:\/\/cmn.com.pt\/printhub\/wp-content\/uploads\/2021\/01\/CMN_ANTI_Estatico_100ml_2-e1711496884781.png\" \/>\n\t<meta property=\"og:image:width\" content=\"1182\" \/>\n\t<meta property=\"og:image:height\" content=\"1063\" \/>\n\t<meta property=\"og:image:type\" content=\"image\/png\" \/>\n<meta name=\"twitter:card\" content=\"summary_large_image\" \/>\n<script type=\"application\/ld+json\" class=\"yoast-schema-graph\">{\"@context\":\"https:\/\/schema.org\",\"@graph\":[{\"@type\":\"WebPage\",\"@id\":\"https:\/\/cmn.com.pt\/printhub\/produto\/consumiveis\/liquido-anti-estatico-100ml\/\",\"url\":\"https:\/\/cmn.com.pt\/printhub\/produto\/consumiveis\/liquido-anti-estatico-100ml\/\",\"name\":\"L\u00edquido Anti-Est\u00e1tico 100ml - PRINTHUB\",\"isPartOf\":{\"@id\":\"https:\/\/cmn.com.pt\/printhub\/#website\"},\"datePublished\":\"2021-01-21T16:52:29+00:00\",\"dateModified\":\"2025-02-07T14:44:52+00:00\",\"breadcrumb\":{\"@id\":\"https:\/\/cmn.com.pt\/printhub\/produto\/consumiveis\/liquido-anti-estatico-100ml\/#breadcrumb\"},\"inLanguage\":\"pt-PT\",\"potentialAction\":[{\"@type\":\"ReadAction\",\"target\":[\"https:\/\/cmn.com.pt\/printhub\/produto\/consumiveis\/liquido-anti-estatico-100ml\/\"]}]},{\"@type\":\"BreadcrumbList\",\"@id\":\"https:\/\/cmn.com.pt\/printhub\/produto\/consumiveis\/liquido-anti-estatico-100ml\/#breadcrumb\",\"itemListElement\":[{\"@type\":\"ListItem\",\"position\":1,\"name\":\"In\u00edcio\",\"item\":\"https:\/\/cmn.com.pt\/printhub\/\"},{\"@type\":\"ListItem\",\"position\":2,\"name\":\"Produtos\",\"item\":\"https:\/\/cmn.com.pt\/printhub\/produtos\/\"},{\"@type\":\"ListItem\",\"position\":3,\"name\":\"L\u00edquido Anti-Est\u00e1tico 100ml\"}]},{\"@type\":\"WebSite\",\"@id\":\"https:\/\/cmn.com.pt\/printhub\/#website\",\"url\":\"https:\/\/cmn.com.pt\/printhub\/\",\"name\":\"CMN Equipamentos e Consum\u00edveis\",\"description\":\"Equipamentos e Consum\u00edveis de Impress\u00e3o, Lda\",\"publisher\":{\"@id\":\"https:\/\/cmn.com.pt\/printhub\/#organization\"},\"alternateName\":\"Empresa de Com\u00e9rcio e Repara\u00e7\u00e3o de equipamentos de impress\u00e3o de grande e pequeno formato, venda de Consum\u00edveis e materiais\",\"potentialAction\":[{\"@type\":\"SearchAction\",\"target\":{\"@type\":\"EntryPoint\",\"urlTemplate\":\"https:\/\/cmn.com.pt\/printhub\/?s={search_term_string}\"},\"query-input\":\"required name=search_term_string\"}],\"inLanguage\":\"pt-PT\"},{\"@type\":\"Organization\",\"@id\":\"https:\/\/cmn.com.pt\/printhub\/#organization\",\"name\":\"CMN - Import Export Trading\",\"url\":\"https:\/\/cmn.com.pt\/printhub\/\",\"logo\":{\"@type\":\"ImageObject\",\"inLanguage\":\"pt-PT\",\"@id\":\"https:\/\/cmn.com.pt\/printhub\/#\/schema\/logo\/image\/\",\"url\":\"https:\/\/cmn.com.pt\/printhub\/wp-content\/uploads\/2022\/07\/Logo-21-e1659456161272.png\",\"contentUrl\":\"https:\/\/cmn.com.pt\/printhub\/wp-content\/uploads\/2022\/07\/Logo-21-e1659456161272.png\",\"width\":149,\"height\":51,\"caption\":\"CMN - Import Export Trading\"},\"image\":{\"@id\":\"https:\/\/cmn.com.pt\/printhub\/#\/schema\/logo\/image\/\"},\"sameAs\":[\"https:\/\/www.facebook.com\/cmn.equipamentos.consumiveis\/\",\"https:\/\/www.instagram.com\/cmn_equipamentos\/\",\"https:\/\/www.linkedin.com\/in\/cmnequipamentoseconsumiveis\",\"https:\/\/www.youtube.com\/channel\/UCGla_lu2IiHeN4oHY2118Tg\"]}]}<\/script>\n<!-- \/ Yoast SEO plugin. -->","yoast_head_json":{"title":"L\u00edquido Anti-Est\u00e1tico 100ml - PRINTHUB","robots":{"index":"index","follow":"follow","max-snippet":"max-snippet:-1","max-image-preview":"max-image-preview:large","max-video-preview":"max-video-preview:-1"},"canonical":"https:\/\/cmn.com.pt\/printhub\/produto\/consumiveis\/liquido-anti-estatico-100ml\/","og_locale":"pt_PT","og_type":"article","og_title":"L\u00edquido Anti-Est\u00e1tico 100ml - PRINTHUB","og_description":"DESCRI\u00c7\u00c3O L\u00edquido que elimina o choque de eletricidade est\u00e1tica em superf\u00edcies pl\u00e1sticas e met\u00e1licas. Este produto \u00e9 de secagem r\u00e1pida e deixa a superf\u00edcie livre de est\u00e1tica.  APLICA\u00c7\u00d5ES * Para a limpeza de gorduras e \u00f3leos em trabalhos realizados com materiais metacrilato de metilo (PMMA), extrus\u00e3o e fundi\u00e7\u00e3o e outros pl\u00e1sticos. * Para limpar materiais pl\u00e1sticos de cargas est\u00e1ticas.  INSTRU\u00c7\u00d5ES DE USO * Agite o produto antes de us\u00e1-lo. * Pulverize o produto na superf\u00edcie a ser limpa. * Deixe agir por alguns segundos e remova-o suavemente com um pano seco. Embora o produto n\u00e3o seja t\u00f3xico, quando se trabalha para o setor aliment\u00edcio, as pe\u00e7as dever\u00e3o ser lavadas com \u00e1gua limpa.  Quantidade: 100ml  &nbsp;  &nbsp;  &nbsp;","og_url":"https:\/\/cmn.com.pt\/printhub\/produto\/consumiveis\/liquido-anti-estatico-100ml\/","og_site_name":"PRINTHUB","article_publisher":"https:\/\/www.facebook.com\/cmn.equipamentos.consumiveis\/","article_modified_time":"2025-02-07T14:44:52+00:00","og_image":[{"width":1182,"height":1063,"url":"https:\/\/cmn.com.pt\/printhub\/wp-content\/uploads\/2021\/01\/CMN_ANTI_Estatico_100ml_2-e1711496884781.png","type":"image\/png"}],"twitter_card":"summary_large_image","schema":{"@context":"https:\/\/schema.org","@graph":[{"@type":"WebPage","@id":"https:\/\/cmn.com.pt\/printhub\/produto\/consumiveis\/liquido-anti-estatico-100ml\/","url":"https:\/\/cmn.com.pt\/printhub\/produto\/consumiveis\/liquido-anti-estatico-100ml\/","name":"L\u00edquido Anti-Est\u00e1tico 100ml - PRINTHUB","isPartOf":{"@id":"https:\/\/cmn.com.pt\/printhub\/#website"},"datePublished":"2021-01-21T16:52:29+00:00","dateModified":"2025-02-07T14:44:52+00:00","breadcrumb":{"@id":"https:\/\/cmn.com.pt\/printhub\/produto\/consumiveis\/liquido-anti-estatico-100ml\/#breadcrumb"},"inLanguage":"pt-PT","potentialAction":[{"@type":"ReadAction","target":["https:\/\/cmn.com.pt\/printhub\/produto\/consumiveis\/liquido-anti-estatico-100ml\/"]}]},{"@type":"BreadcrumbList","@id":"https:\/\/cmn.com.pt\/printhub\/produto\/consumiveis\/liquido-anti-estatico-100ml\/#breadcrumb","itemListElement":[{"@type":"ListItem","position":1,"name":"In\u00edcio","item":"https:\/\/cmn.com.pt\/printhub\/"},{"@type":"ListItem","position":2,"name":"Produtos","item":"https:\/\/cmn.com.pt\/printhub\/produtos\/"},{"@type":"ListItem","position":3,"name":"L\u00edquido Anti-Est\u00e1tico 100ml"}]},{"@type":"WebSite","@id":"https:\/\/cmn.com.pt\/printhub\/#website","url":"https:\/\/cmn.com.pt\/printhub\/","name":"CMN Equipamentos e Consum\u00edveis","description":"Equipamentos e Consum\u00edveis de Impress\u00e3o, Lda","publisher":{"@id":"https:\/\/cmn.com.pt\/printhub\/#organization"},"alternateName":"Empresa de Com\u00e9rcio e Repara\u00e7\u00e3o de equipamentos de impress\u00e3o de grande e pequeno formato, venda de Consum\u00edveis e materiais","potentialAction":[{"@type":"SearchAction","target":{"@type":"EntryPoint","urlTemplate":"https:\/\/cmn.com.pt\/printhub\/?s={search_term_string}"},"query-input":"required name=search_term_string"}],"inLanguage":"pt-PT"},{"@type":"Organization","@id":"https:\/\/cmn.com.pt\/printhub\/#organization","name":"CMN - Import Export Trading","url":"https:\/\/cmn.com.pt\/printhub\/","logo":{"@type":"ImageObject","inLanguage":"pt-PT","@id":"https:\/\/cmn.com.pt\/printhub\/#\/schema\/logo\/image\/","url":"https:\/\/cmn.com.pt\/printhub\/wp-content\/uploads\/2022\/07\/Logo-21-e1659456161272.png","contentUrl":"https:\/\/cmn.com.pt\/printhub\/wp-content\/uploads\/2022\/07\/Logo-21-e1659456161272.png","width":149,"height":51,"caption":"CMN - Import Export Trading"},"image":{"@id":"https:\/\/cmn.com.pt\/printhub\/#\/schema\/logo\/image\/"},"sameAs":["https:\/\/www.facebook.com\/cmn.equipamentos.consumiveis\/","https:\/\/www.instagram.com\/cmn_equipamentos\/","https:\/\/www.linkedin.com\/in\/cmnequipamentoseconsumiveis","https:\/\/www.youtube.com\/channel\/UCGla_lu2IiHeN4oHY2118Tg"]}]}},"_links":{"self":[{"href":"https:\/\/cmn.com.pt\/printhub\/wp-json\/wp\/v2\/product\/46063","targetHints":{"allow":["GET"]}}],"collection":[{"href":"https:\/\/cmn.com.pt\/printhub\/wp-json\/wp\/v2\/product"}],"about":[{"href":"https:\/\/cmn.com.pt\/printhub\/wp-json\/wp\/v2\/types\/product"}],"replies":[{"embeddable":true,"href":"https:\/\/cmn.com.pt\/printhub\/wp-json\/wp\/v2\/comments?post=46063"}],"version-history":[{"count":1,"href":"https:\/\/cmn.com.pt\/printhub\/wp-json\/wp\/v2\/product\/46063\/revisions"}],"predecessor-version":[{"id":55233,"href":"https:\/\/cmn.com.pt\/printhub\/wp-json\/wp\/v2\/product\/46063\/revisions\/55233"}],"wp:featuredmedia":[{"embeddable":true,"href":"https:\/\/cmn.com.pt\/printhub\/wp-json\/wp\/v2\/media\/35999"}],"wp:attachment":[{"href":"https:\/\/cmn.com.pt\/printhub\/wp-json\/wp\/v2\/media?parent=46063"}],"wp:term":[{"taxonomy":"product_cat","embeddable":true,"href":"https:\/\/cmn.com.pt\/printhub\/wp-json\/wp\/v2\/product_cat?post=46063"},{"taxonomy":"product_tag","embeddable":true,"href":"https:\/\/cmn.com.pt\/printhub\/wp-json\/wp\/v2\/product_tag?post=46063"}],"curies":[{"name":"wp","href":"https:\/\/api.w.org\/{rel}","templated":true}]}}