{"id":46842,"date":"2021-01-21T16:56:27","date_gmt":"2021-01-21T16:56:27","guid":{"rendered":"https:\/\/cmn.com.pt\/pt\/home\/produto\/import-placeholder-for-7441\/"},"modified":"2024-03-18T00:10:32","modified_gmt":"2024-03-18T00:10:32","slug":"siser-hi-5-print","status":"publish","type":"product","link":"https:\/\/cmn.com.pt\/printhub\/produto\/siser\/siser-hi-5-print\/","title":{"rendered":"Siser HI-5 Print"},"content":{"rendered":"<p>Pel\u00edcula bastante fina e de r\u00e1pida aplica\u00e7\u00e3o. Op\u00e7\u00e3o de material mate ou brilho. O produto \u00e9 compat\u00edvel com REACH. O produto \u00e9 certificado para tintas HP Latex O produto \u00e9 certificado pela VeganOK O produto \u00e9 certificado \u00d6ko-Tex Standard 100 classe I<\/p>\n<p><strong>Informa\u00e7\u00e3o:<\/strong><\/p>\n<ul>\n<li>Todas as informa\u00e7\u00f5es aqui contidas s\u00e3o baseadas na experi\u00eancia da Siser como fabricante.<\/li>\n<li>Recomendamos sempre a realiza\u00e7\u00e3o de um teste antes de iniciar uma produ\u00e7\u00e3o.<\/li>\n<li>Para obter melhores resultados, sugerimos que armazene o produto longe da luz solar.<\/li>\n<\/ul>\n<p><iframe loading=\"lazy\" title=\"Hi 5 Print\" width=\"640\" height=\"360\" src=\"https:\/\/www.youtube.com\/embed\/oDdw9_0_MPw?feature=oembed\" frameborder=\"0\" allow=\"accelerometer; autoplay; clipboard-write; encrypted-media; gyroscope; picture-in-picture; web-share\" referrerpolicy=\"strict-origin-when-cross-origin\" allowfullscreen><\/iframe><\/p>\n","protected":false},"excerpt":{"rendered":"<p><strong>Dimens\u00f5es do Rolo: 0.50x25m<\/strong><\/p>\n<p>Pel\u00edcula bastante fina e de r\u00e1pida aplica\u00e7\u00e3o. Op\u00e7\u00e3o de material mate ou brilho. O produto \u00e9 compat\u00edvel com REACH. O produto \u00e9 certificado para tintas HP Latex O produto \u00e9 certificado pela VeganOK O produto \u00e9 certificado \u00d6ko-Tex Standard 100 classe I <img loading=\"lazy\" decoding=\"async\" class=\"alignnone size-full wp-image-9805 lazyautosizes ls-is-cached lazyloaded\" title=\"\" src=\"https:\/\/www.siser.com\/wp-content\/uploads\/2020\/01\/LOGO_VEGANOK-def-1.jpg\" alt=\"\" width=\"100\" height=\"100\" data-src=\"https:\/\/www.siser.com\/wp-content\/uploads\/2020\/01\/LOGO_VEGANOK-def-1.jpg\" data-srcset=\"https:\/\/www.siser.com\/wp-content\/uploads\/2020\/01\/LOGO_VEGANOK-def-1.jpg 100w, https:\/\/www.siser.com\/wp-content\/uploads\/2020\/01\/LOGO_VEGANOK-def-1-80x80.jpg 80w, https:\/\/www.siser.com\/wp-content\/uploads\/2020\/01\/LOGO_VEGANOK-def-1-36x36.jpg 36w, https:\/\/www.siser.com\/wp-content\/uploads\/2020\/01\/LOGO_VEGANOK-def-1-45x45.jpg 45w\" data-sizes=\"auto\" \/>\u00a0 \u00a0\u00a0<img loading=\"lazy\" decoding=\"async\" class=\"alignnone size-full wp-image-9880 lazyloaded\" title=\"\" src=\"https:\/\/www.siser.com\/wp-content\/uploads\/2020\/01\/1004-web.jpg\" alt=\"\" width=\"130\" height=\"63\" data-src=\"https:\/\/www.siser.com\/wp-content\/uploads\/2020\/01\/1004-web.jpg\" \/>\u00a0<strong><img loading=\"lazy\" decoding=\"async\" class=\"alignnone wp-image-3019 lazyloaded\" title=\"\" src=\"https:\/\/www.siser.com\/wp-content\/uploads\/2017\/03\/certified_for_HP_latex.png\" alt=\"\" width=\"150\" height=\"71\" data-src=\"https:\/\/www.siser.com\/wp-content\/uploads\/2017\/03\/certified_for_HP_latex.png\" \/> <\/strong><strong><img loading=\"lazy\" decoding=\"async\" class=\"alignnone wp-image-2845\" src=\"https:\/\/www.siser.com\/wp-content\/uploads\/2017\/03\/Colorprint-PU_en-300x156.jpg\" alt=\"\" width=\"175\" height=\"91\" \/>\u00a0\u00a0<\/strong><\/p>\n","protected":false},"featured_media":34151,"comment_status":"closed","ping_status":"closed","template":"","meta":{"content-type":""},"product_cat":[9900],"product_tag":[8732],"class_list":["post-46842","product","type-product","status-publish","has-post-thumbnail","hentry","product_cat-siser","product_tag-siser-print-and-cut","product_shipping_class-classe-1"],"yoast_head":"<!-- This site is optimized with the Yoast SEO plugin v20.4 - https:\/\/yoast.com\/wordpress\/plugins\/seo\/ -->\n<title>Siser HI-5 Print - PRINTHUB<\/title>\n<meta name=\"description\" content=\"Pel\u00edcula bastante fina e de r\u00e1pida aplica\u00e7\u00e3o. Op\u00e7\u00e3o de material mate ou brilho. O produto \u00e9 compat\u00edvel com REACH. O produto \u00e9 certificado para tintas HP Latex O produto \u00e9 certificado pela VeganOK O produto \u00e9 certificado \u00d6ko-Tex Standard 100 classe I \u00a0 \u00a0\u00a0\u00a0 \u00a0\u00a0\" \/>\n<meta name=\"robots\" content=\"index, follow, max-snippet:-1, max-image-preview:large, max-video-preview:-1\" \/>\n<link rel=\"canonical\" href=\"https:\/\/cmn.com.pt\/printhub\/produto\/siser\/siser-hi-5-print\/\" \/>\n<meta property=\"og:locale\" content=\"pt_PT\" \/>\n<meta property=\"og:type\" content=\"article\" \/>\n<meta property=\"og:title\" content=\"Siser HI-5 Print - PRINTHUB\" \/>\n<meta property=\"og:description\" content=\"Pel\u00edcula bastante fina e de r\u00e1pida aplica\u00e7\u00e3o. Op\u00e7\u00e3o de material mate ou brilho. O produto \u00e9 compat\u00edvel com REACH. O produto \u00e9 certificado para tintas HP Latex O produto \u00e9 certificado pela VeganOK O produto \u00e9 certificado \u00d6ko-Tex Standard 100 classe I \u00a0 \u00a0\u00a0\u00a0 \u00a0\u00a0\" \/>\n<meta property=\"og:url\" content=\"https:\/\/cmn.com.pt\/printhub\/produto\/siser\/siser-hi-5-print\/\" \/>\n<meta property=\"og:site_name\" content=\"PRINTHUB\" \/>\n<meta property=\"article:publisher\" content=\"https:\/\/www.facebook.com\/cmn.equipamentos.consumiveis\/\" \/>\n<meta property=\"article:modified_time\" content=\"2024-03-18T00:10:32+00:00\" \/>\n<meta property=\"og:image\" content=\"https:\/\/cmn.com.pt\/printhub\/wp-content\/uploads\/2021\/01\/Siser_hi-5_print.png\" \/>\n\t<meta property=\"og:image:width\" content=\"1200\" \/>\n\t<meta property=\"og:image:height\" content=\"1200\" \/>\n\t<meta property=\"og:image:type\" content=\"image\/png\" \/>\n<meta name=\"twitter:card\" content=\"summary_large_image\" \/>\n<script type=\"application\/ld+json\" class=\"yoast-schema-graph\">{\"@context\":\"https:\/\/schema.org\",\"@graph\":[{\"@type\":\"WebPage\",\"@id\":\"https:\/\/cmn.com.pt\/printhub\/produto\/siser\/siser-hi-5-print\/\",\"url\":\"https:\/\/cmn.com.pt\/printhub\/produto\/siser\/siser-hi-5-print\/\",\"name\":\"Siser HI-5 Print - PRINTHUB\",\"isPartOf\":{\"@id\":\"https:\/\/cmn.com.pt\/printhub\/#website\"},\"datePublished\":\"2021-01-21T16:56:27+00:00\",\"dateModified\":\"2024-03-18T00:10:32+00:00\",\"description\":\"Pel\u00edcula bastante fina e de r\u00e1pida aplica\u00e7\u00e3o. Op\u00e7\u00e3o de material mate ou brilho. O produto \u00e9 compat\u00edvel com REACH. O produto \u00e9 certificado para tintas HP Latex O produto \u00e9 certificado pela VeganOK O produto \u00e9 certificado \u00d6ko-Tex Standard 100 classe I \u00a0 \u00a0\u00a0\u00a0 \u00a0\u00a0\",\"breadcrumb\":{\"@id\":\"https:\/\/cmn.com.pt\/printhub\/produto\/siser\/siser-hi-5-print\/#breadcrumb\"},\"inLanguage\":\"pt-PT\",\"potentialAction\":[{\"@type\":\"ReadAction\",\"target\":[\"https:\/\/cmn.com.pt\/printhub\/produto\/siser\/siser-hi-5-print\/\"]}]},{\"@type\":\"BreadcrumbList\",\"@id\":\"https:\/\/cmn.com.pt\/printhub\/produto\/siser\/siser-hi-5-print\/#breadcrumb\",\"itemListElement\":[{\"@type\":\"ListItem\",\"position\":1,\"name\":\"In\u00edcio\",\"item\":\"https:\/\/cmn.com.pt\/printhub\/\"},{\"@type\":\"ListItem\",\"position\":2,\"name\":\"Produtos\",\"item\":\"https:\/\/cmn.com.pt\/printhub\/produtos\/\"},{\"@type\":\"ListItem\",\"position\":3,\"name\":\"Siser HI-5 Print\"}]},{\"@type\":\"WebSite\",\"@id\":\"https:\/\/cmn.com.pt\/printhub\/#website\",\"url\":\"https:\/\/cmn.com.pt\/printhub\/\",\"name\":\"CMN Equipamentos e Consum\u00edveis\",\"description\":\"Equipamentos e Consum\u00edveis de Impress\u00e3o, Lda\",\"publisher\":{\"@id\":\"https:\/\/cmn.com.pt\/printhub\/#organization\"},\"alternateName\":\"Empresa de Com\u00e9rcio e Repara\u00e7\u00e3o de equipamentos de impress\u00e3o de grande e pequeno formato, venda de Consum\u00edveis e materiais\",\"potentialAction\":[{\"@type\":\"SearchAction\",\"target\":{\"@type\":\"EntryPoint\",\"urlTemplate\":\"https:\/\/cmn.com.pt\/printhub\/?s={search_term_string}\"},\"query-input\":\"required name=search_term_string\"}],\"inLanguage\":\"pt-PT\"},{\"@type\":\"Organization\",\"@id\":\"https:\/\/cmn.com.pt\/printhub\/#organization\",\"name\":\"CMN - Import Export Trading\",\"url\":\"https:\/\/cmn.com.pt\/printhub\/\",\"logo\":{\"@type\":\"ImageObject\",\"inLanguage\":\"pt-PT\",\"@id\":\"https:\/\/cmn.com.pt\/printhub\/#\/schema\/logo\/image\/\",\"url\":\"https:\/\/cmn.com.pt\/printhub\/wp-content\/uploads\/2022\/07\/Logo-21-e1659456161272.png\",\"contentUrl\":\"https:\/\/cmn.com.pt\/printhub\/wp-content\/uploads\/2022\/07\/Logo-21-e1659456161272.png\",\"width\":149,\"height\":51,\"caption\":\"CMN - Import Export Trading\"},\"image\":{\"@id\":\"https:\/\/cmn.com.pt\/printhub\/#\/schema\/logo\/image\/\"},\"sameAs\":[\"https:\/\/www.facebook.com\/cmn.equipamentos.consumiveis\/\",\"https:\/\/www.instagram.com\/cmn_equipamentos\/\",\"https:\/\/www.linkedin.com\/in\/cmnequipamentoseconsumiveis\",\"https:\/\/www.youtube.com\/channel\/UCGla_lu2IiHeN4oHY2118Tg\"]}]}<\/script>\n<!-- \/ Yoast SEO plugin. -->","yoast_head_json":{"title":"Siser HI-5 Print - PRINTHUB","description":"Pel\u00edcula bastante fina e de r\u00e1pida aplica\u00e7\u00e3o. Op\u00e7\u00e3o de material mate ou brilho. O produto \u00e9 compat\u00edvel com REACH. O produto \u00e9 certificado para tintas HP Latex O produto \u00e9 certificado pela VeganOK O produto \u00e9 certificado \u00d6ko-Tex Standard 100 classe I \u00a0 \u00a0\u00a0\u00a0 \u00a0\u00a0","robots":{"index":"index","follow":"follow","max-snippet":"max-snippet:-1","max-image-preview":"max-image-preview:large","max-video-preview":"max-video-preview:-1"},"canonical":"https:\/\/cmn.com.pt\/printhub\/produto\/siser\/siser-hi-5-print\/","og_locale":"pt_PT","og_type":"article","og_title":"Siser HI-5 Print - PRINTHUB","og_description":"Pel\u00edcula bastante fina e de r\u00e1pida aplica\u00e7\u00e3o. Op\u00e7\u00e3o de material mate ou brilho. O produto \u00e9 compat\u00edvel com REACH. O produto \u00e9 certificado para tintas HP Latex O produto \u00e9 certificado pela VeganOK O produto \u00e9 certificado \u00d6ko-Tex Standard 100 classe I \u00a0 \u00a0\u00a0\u00a0 \u00a0\u00a0","og_url":"https:\/\/cmn.com.pt\/printhub\/produto\/siser\/siser-hi-5-print\/","og_site_name":"PRINTHUB","article_publisher":"https:\/\/www.facebook.com\/cmn.equipamentos.consumiveis\/","article_modified_time":"2024-03-18T00:10:32+00:00","og_image":[{"width":1200,"height":1200,"url":"https:\/\/cmn.com.pt\/printhub\/wp-content\/uploads\/2021\/01\/Siser_hi-5_print.png","type":"image\/png"}],"twitter_card":"summary_large_image","schema":{"@context":"https:\/\/schema.org","@graph":[{"@type":"WebPage","@id":"https:\/\/cmn.com.pt\/printhub\/produto\/siser\/siser-hi-5-print\/","url":"https:\/\/cmn.com.pt\/printhub\/produto\/siser\/siser-hi-5-print\/","name":"Siser HI-5 Print - PRINTHUB","isPartOf":{"@id":"https:\/\/cmn.com.pt\/printhub\/#website"},"datePublished":"2021-01-21T16:56:27+00:00","dateModified":"2024-03-18T00:10:32+00:00","description":"Pel\u00edcula bastante fina e de r\u00e1pida aplica\u00e7\u00e3o. Op\u00e7\u00e3o de material mate ou brilho. O produto \u00e9 compat\u00edvel com REACH. O produto \u00e9 certificado para tintas HP Latex O produto \u00e9 certificado pela VeganOK O produto \u00e9 certificado \u00d6ko-Tex Standard 100 classe I \u00a0 \u00a0\u00a0\u00a0 \u00a0\u00a0","breadcrumb":{"@id":"https:\/\/cmn.com.pt\/printhub\/produto\/siser\/siser-hi-5-print\/#breadcrumb"},"inLanguage":"pt-PT","potentialAction":[{"@type":"ReadAction","target":["https:\/\/cmn.com.pt\/printhub\/produto\/siser\/siser-hi-5-print\/"]}]},{"@type":"BreadcrumbList","@id":"https:\/\/cmn.com.pt\/printhub\/produto\/siser\/siser-hi-5-print\/#breadcrumb","itemListElement":[{"@type":"ListItem","position":1,"name":"In\u00edcio","item":"https:\/\/cmn.com.pt\/printhub\/"},{"@type":"ListItem","position":2,"name":"Produtos","item":"https:\/\/cmn.com.pt\/printhub\/produtos\/"},{"@type":"ListItem","position":3,"name":"Siser HI-5 Print"}]},{"@type":"WebSite","@id":"https:\/\/cmn.com.pt\/printhub\/#website","url":"https:\/\/cmn.com.pt\/printhub\/","name":"CMN Equipamentos e Consum\u00edveis","description":"Equipamentos e Consum\u00edveis de Impress\u00e3o, Lda","publisher":{"@id":"https:\/\/cmn.com.pt\/printhub\/#organization"},"alternateName":"Empresa de Com\u00e9rcio e Repara\u00e7\u00e3o de equipamentos de impress\u00e3o de grande e pequeno formato, venda de Consum\u00edveis e materiais","potentialAction":[{"@type":"SearchAction","target":{"@type":"EntryPoint","urlTemplate":"https:\/\/cmn.com.pt\/printhub\/?s={search_term_string}"},"query-input":"required name=search_term_string"}],"inLanguage":"pt-PT"},{"@type":"Organization","@id":"https:\/\/cmn.com.pt\/printhub\/#organization","name":"CMN - Import Export Trading","url":"https:\/\/cmn.com.pt\/printhub\/","logo":{"@type":"ImageObject","inLanguage":"pt-PT","@id":"https:\/\/cmn.com.pt\/printhub\/#\/schema\/logo\/image\/","url":"https:\/\/cmn.com.pt\/printhub\/wp-content\/uploads\/2022\/07\/Logo-21-e1659456161272.png","contentUrl":"https:\/\/cmn.com.pt\/printhub\/wp-content\/uploads\/2022\/07\/Logo-21-e1659456161272.png","width":149,"height":51,"caption":"CMN - Import Export Trading"},"image":{"@id":"https:\/\/cmn.com.pt\/printhub\/#\/schema\/logo\/image\/"},"sameAs":["https:\/\/www.facebook.com\/cmn.equipamentos.consumiveis\/","https:\/\/www.instagram.com\/cmn_equipamentos\/","https:\/\/www.linkedin.com\/in\/cmnequipamentoseconsumiveis","https:\/\/www.youtube.com\/channel\/UCGla_lu2IiHeN4oHY2118Tg"]}]}},"_links":{"self":[{"href":"https:\/\/cmn.com.pt\/printhub\/wp-json\/wp\/v2\/product\/46842","targetHints":{"allow":["GET"]}}],"collection":[{"href":"https:\/\/cmn.com.pt\/printhub\/wp-json\/wp\/v2\/product"}],"about":[{"href":"https:\/\/cmn.com.pt\/printhub\/wp-json\/wp\/v2\/types\/product"}],"replies":[{"embeddable":true,"href":"https:\/\/cmn.com.pt\/printhub\/wp-json\/wp\/v2\/comments?post=46842"}],"version-history":[{"count":1,"href":"https:\/\/cmn.com.pt\/printhub\/wp-json\/wp\/v2\/product\/46842\/revisions"}],"predecessor-version":[{"id":53903,"href":"https:\/\/cmn.com.pt\/printhub\/wp-json\/wp\/v2\/product\/46842\/revisions\/53903"}],"wp:featuredmedia":[{"embeddable":true,"href":"https:\/\/cmn.com.pt\/printhub\/wp-json\/wp\/v2\/media\/34151"}],"wp:attachment":[{"href":"https:\/\/cmn.com.pt\/printhub\/wp-json\/wp\/v2\/media?parent=46842"}],"wp:term":[{"taxonomy":"product_cat","embeddable":true,"href":"https:\/\/cmn.com.pt\/printhub\/wp-json\/wp\/v2\/product_cat?post=46842"},{"taxonomy":"product_tag","embeddable":true,"href":"https:\/\/cmn.com.pt\/printhub\/wp-json\/wp\/v2\/product_tag?post=46842"}],"curies":[{"name":"wp","href":"https:\/\/api.w.org\/{rel}","templated":true}]}}