{"id":47005,"date":"2021-01-21T16:57:29","date_gmt":"2021-01-21T16:57:29","guid":{"rendered":"https:\/\/cmn.com.pt\/pt\/home\/produto\/import-placeholder-for-7843\/"},"modified":"2024-04-07T23:05:39","modified_gmt":"2024-04-07T23:05:39","slug":"ritrama-ri100-branco-matte","status":"publish","type":"product","link":"https:\/\/cmn.com.pt\/printhub\/produto\/ritrama\/ritrama-ri100-branco-matte\/","title":{"rendered":"RI-JET100P, Matte, Branco"},"content":{"rendered":"","protected":false},"excerpt":{"rendered":"<p>Vinil monom\u00e9rico branco de impress\u00e3o<\/p>\n<p><strong>Acabamento:<\/strong> Matte<br \/>\n<strong>Espessura:<\/strong> 100 microns<br \/>\n<strong>Adesivo:<\/strong> Permanente<\/p>\n<p><img loading=\"lazy\" decoding=\"async\" class=\"alignnone wp-image-8249\" src=\"https:\/\/cmn.com.pt\/wp-content\/uploads\/2020\/03\/tecnologias_de_impress\u00e3o_1.png\" alt=\"\" width=\"190\" height=\"36\" \/><\/p>\n<p>&nbsp;<\/p>\n","protected":false},"featured_media":54021,"comment_status":"closed","ping_status":"closed","template":"","meta":{"content-type":""},"product_cat":[9941],"product_tag":[],"class_list":["post-47005","product","type-product","status-publish","has-post-thumbnail","hentry","product_cat-ritrama","product_shipping_class-classe-3"],"yoast_head":"<!-- This site is optimized with the Yoast SEO plugin v20.4 - https:\/\/yoast.com\/wordpress\/plugins\/seo\/ -->\n<title>RI-JET100P, Matte, Branco - PRINTHUB<\/title>\n<meta name=\"description\" content=\"GrafiPrint M113P Matte. Impress\u00f5es de qualidade? Vinil monom\u00e9rico de excelente acabamento. Excel\u00eancia \u00e9 aqui! N\u00e3o perca mais tempo e dinheiro...\" \/>\n<meta name=\"robots\" content=\"index, follow, max-snippet:-1, max-image-preview:large, max-video-preview:-1\" \/>\n<link rel=\"canonical\" href=\"https:\/\/cmn.com.pt\/printhub\/produto\/ritrama\/ritrama-ri100-branco-matte\/\" \/>\n<meta property=\"og:locale\" content=\"pt_PT\" \/>\n<meta property=\"og:type\" content=\"article\" \/>\n<meta property=\"og:title\" content=\"RI-JET100P, Matte, Branco - PRINTHUB\" \/>\n<meta property=\"og:description\" content=\"GrafiPrint M113P Matte. Impress\u00f5es de qualidade? Vinil monom\u00e9rico de excelente acabamento. Excel\u00eancia \u00e9 aqui! N\u00e3o perca mais tempo e dinheiro...\" \/>\n<meta property=\"og:url\" content=\"https:\/\/cmn.com.pt\/printhub\/produto\/ritrama\/ritrama-ri100-branco-matte\/\" \/>\n<meta property=\"og:site_name\" content=\"PRINTHUB\" \/>\n<meta property=\"article:publisher\" content=\"https:\/\/www.facebook.com\/cmn.equipamentos.consumiveis\/\" \/>\n<meta property=\"article:modified_time\" content=\"2024-04-07T23:05:39+00:00\" \/>\n<meta property=\"og:image\" content=\"https:\/\/cmn.com.pt\/printhub\/wp-content\/uploads\/2021\/01\/VINIL-BRANCO-MATE.jpeg\" \/>\n\t<meta property=\"og:image:width\" content=\"225\" \/>\n\t<meta property=\"og:image:height\" content=\"225\" \/>\n\t<meta property=\"og:image:type\" content=\"image\/jpeg\" \/>\n<meta name=\"twitter:card\" content=\"summary_large_image\" \/>\n<script type=\"application\/ld+json\" class=\"yoast-schema-graph\">{\"@context\":\"https:\/\/schema.org\",\"@graph\":[{\"@type\":\"WebPage\",\"@id\":\"https:\/\/cmn.com.pt\/printhub\/produto\/ritrama\/ritrama-ri100-branco-matte\/\",\"url\":\"https:\/\/cmn.com.pt\/printhub\/produto\/ritrama\/ritrama-ri100-branco-matte\/\",\"name\":\"RI-JET100P, Matte, Branco - PRINTHUB\",\"isPartOf\":{\"@id\":\"https:\/\/cmn.com.pt\/printhub\/#website\"},\"datePublished\":\"2021-01-21T16:57:29+00:00\",\"dateModified\":\"2024-04-07T23:05:39+00:00\",\"description\":\"GrafiPrint M113P Matte. Impress\u00f5es de qualidade? Vinil monom\u00e9rico de excelente acabamento. Excel\u00eancia \u00e9 aqui! N\u00e3o perca mais tempo e dinheiro...\",\"breadcrumb\":{\"@id\":\"https:\/\/cmn.com.pt\/printhub\/produto\/ritrama\/ritrama-ri100-branco-matte\/#breadcrumb\"},\"inLanguage\":\"pt-PT\",\"potentialAction\":[{\"@type\":\"ReadAction\",\"target\":[\"https:\/\/cmn.com.pt\/printhub\/produto\/ritrama\/ritrama-ri100-branco-matte\/\"]}]},{\"@type\":\"BreadcrumbList\",\"@id\":\"https:\/\/cmn.com.pt\/printhub\/produto\/ritrama\/ritrama-ri100-branco-matte\/#breadcrumb\",\"itemListElement\":[{\"@type\":\"ListItem\",\"position\":1,\"name\":\"In\u00edcio\",\"item\":\"https:\/\/cmn.com.pt\/printhub\/\"},{\"@type\":\"ListItem\",\"position\":2,\"name\":\"Produtos\",\"item\":\"https:\/\/cmn.com.pt\/printhub\/produtos\/\"},{\"@type\":\"ListItem\",\"position\":3,\"name\":\"RI-JET100P, Matte, Branco\"}]},{\"@type\":\"WebSite\",\"@id\":\"https:\/\/cmn.com.pt\/printhub\/#website\",\"url\":\"https:\/\/cmn.com.pt\/printhub\/\",\"name\":\"CMN Equipamentos e Consum\u00edveis\",\"description\":\"Equipamentos e Consum\u00edveis de Impress\u00e3o, Lda\",\"publisher\":{\"@id\":\"https:\/\/cmn.com.pt\/printhub\/#organization\"},\"alternateName\":\"Empresa de Com\u00e9rcio e Repara\u00e7\u00e3o de equipamentos de impress\u00e3o de grande e pequeno formato, venda de Consum\u00edveis e materiais\",\"potentialAction\":[{\"@type\":\"SearchAction\",\"target\":{\"@type\":\"EntryPoint\",\"urlTemplate\":\"https:\/\/cmn.com.pt\/printhub\/?s={search_term_string}\"},\"query-input\":\"required name=search_term_string\"}],\"inLanguage\":\"pt-PT\"},{\"@type\":\"Organization\",\"@id\":\"https:\/\/cmn.com.pt\/printhub\/#organization\",\"name\":\"CMN - Import Export Trading\",\"url\":\"https:\/\/cmn.com.pt\/printhub\/\",\"logo\":{\"@type\":\"ImageObject\",\"inLanguage\":\"pt-PT\",\"@id\":\"https:\/\/cmn.com.pt\/printhub\/#\/schema\/logo\/image\/\",\"url\":\"https:\/\/cmn.com.pt\/printhub\/wp-content\/uploads\/2022\/07\/Logo-21-e1659456161272.png\",\"contentUrl\":\"https:\/\/cmn.com.pt\/printhub\/wp-content\/uploads\/2022\/07\/Logo-21-e1659456161272.png\",\"width\":149,\"height\":51,\"caption\":\"CMN - Import Export Trading\"},\"image\":{\"@id\":\"https:\/\/cmn.com.pt\/printhub\/#\/schema\/logo\/image\/\"},\"sameAs\":[\"https:\/\/www.facebook.com\/cmn.equipamentos.consumiveis\/\",\"https:\/\/www.instagram.com\/cmn_equipamentos\/\",\"https:\/\/www.linkedin.com\/in\/cmnequipamentoseconsumiveis\",\"https:\/\/www.youtube.com\/channel\/UCGla_lu2IiHeN4oHY2118Tg\"]}]}<\/script>\n<!-- \/ Yoast SEO plugin. -->","yoast_head_json":{"title":"RI-JET100P, Matte, Branco - PRINTHUB","description":"GrafiPrint M113P Matte. Impress\u00f5es de qualidade? Vinil monom\u00e9rico de excelente acabamento. Excel\u00eancia \u00e9 aqui! N\u00e3o perca mais tempo e dinheiro...","robots":{"index":"index","follow":"follow","max-snippet":"max-snippet:-1","max-image-preview":"max-image-preview:large","max-video-preview":"max-video-preview:-1"},"canonical":"https:\/\/cmn.com.pt\/printhub\/produto\/ritrama\/ritrama-ri100-branco-matte\/","og_locale":"pt_PT","og_type":"article","og_title":"RI-JET100P, Matte, Branco - PRINTHUB","og_description":"GrafiPrint M113P Matte. Impress\u00f5es de qualidade? Vinil monom\u00e9rico de excelente acabamento. Excel\u00eancia \u00e9 aqui! N\u00e3o perca mais tempo e dinheiro...","og_url":"https:\/\/cmn.com.pt\/printhub\/produto\/ritrama\/ritrama-ri100-branco-matte\/","og_site_name":"PRINTHUB","article_publisher":"https:\/\/www.facebook.com\/cmn.equipamentos.consumiveis\/","article_modified_time":"2024-04-07T23:05:39+00:00","og_image":[{"width":225,"height":225,"url":"https:\/\/cmn.com.pt\/printhub\/wp-content\/uploads\/2021\/01\/VINIL-BRANCO-MATE.jpeg","type":"image\/jpeg"}],"twitter_card":"summary_large_image","schema":{"@context":"https:\/\/schema.org","@graph":[{"@type":"WebPage","@id":"https:\/\/cmn.com.pt\/printhub\/produto\/ritrama\/ritrama-ri100-branco-matte\/","url":"https:\/\/cmn.com.pt\/printhub\/produto\/ritrama\/ritrama-ri100-branco-matte\/","name":"RI-JET100P, Matte, Branco - PRINTHUB","isPartOf":{"@id":"https:\/\/cmn.com.pt\/printhub\/#website"},"datePublished":"2021-01-21T16:57:29+00:00","dateModified":"2024-04-07T23:05:39+00:00","description":"GrafiPrint M113P Matte. Impress\u00f5es de qualidade? Vinil monom\u00e9rico de excelente acabamento. Excel\u00eancia \u00e9 aqui! N\u00e3o perca mais tempo e dinheiro...","breadcrumb":{"@id":"https:\/\/cmn.com.pt\/printhub\/produto\/ritrama\/ritrama-ri100-branco-matte\/#breadcrumb"},"inLanguage":"pt-PT","potentialAction":[{"@type":"ReadAction","target":["https:\/\/cmn.com.pt\/printhub\/produto\/ritrama\/ritrama-ri100-branco-matte\/"]}]},{"@type":"BreadcrumbList","@id":"https:\/\/cmn.com.pt\/printhub\/produto\/ritrama\/ritrama-ri100-branco-matte\/#breadcrumb","itemListElement":[{"@type":"ListItem","position":1,"name":"In\u00edcio","item":"https:\/\/cmn.com.pt\/printhub\/"},{"@type":"ListItem","position":2,"name":"Produtos","item":"https:\/\/cmn.com.pt\/printhub\/produtos\/"},{"@type":"ListItem","position":3,"name":"RI-JET100P, Matte, Branco"}]},{"@type":"WebSite","@id":"https:\/\/cmn.com.pt\/printhub\/#website","url":"https:\/\/cmn.com.pt\/printhub\/","name":"CMN Equipamentos e Consum\u00edveis","description":"Equipamentos e Consum\u00edveis de Impress\u00e3o, Lda","publisher":{"@id":"https:\/\/cmn.com.pt\/printhub\/#organization"},"alternateName":"Empresa de Com\u00e9rcio e Repara\u00e7\u00e3o de equipamentos de impress\u00e3o de grande e pequeno formato, venda de Consum\u00edveis e materiais","potentialAction":[{"@type":"SearchAction","target":{"@type":"EntryPoint","urlTemplate":"https:\/\/cmn.com.pt\/printhub\/?s={search_term_string}"},"query-input":"required name=search_term_string"}],"inLanguage":"pt-PT"},{"@type":"Organization","@id":"https:\/\/cmn.com.pt\/printhub\/#organization","name":"CMN - Import Export Trading","url":"https:\/\/cmn.com.pt\/printhub\/","logo":{"@type":"ImageObject","inLanguage":"pt-PT","@id":"https:\/\/cmn.com.pt\/printhub\/#\/schema\/logo\/image\/","url":"https:\/\/cmn.com.pt\/printhub\/wp-content\/uploads\/2022\/07\/Logo-21-e1659456161272.png","contentUrl":"https:\/\/cmn.com.pt\/printhub\/wp-content\/uploads\/2022\/07\/Logo-21-e1659456161272.png","width":149,"height":51,"caption":"CMN - Import Export Trading"},"image":{"@id":"https:\/\/cmn.com.pt\/printhub\/#\/schema\/logo\/image\/"},"sameAs":["https:\/\/www.facebook.com\/cmn.equipamentos.consumiveis\/","https:\/\/www.instagram.com\/cmn_equipamentos\/","https:\/\/www.linkedin.com\/in\/cmnequipamentoseconsumiveis","https:\/\/www.youtube.com\/channel\/UCGla_lu2IiHeN4oHY2118Tg"]}]}},"_links":{"self":[{"href":"https:\/\/cmn.com.pt\/printhub\/wp-json\/wp\/v2\/product\/47005","targetHints":{"allow":["GET"]}}],"collection":[{"href":"https:\/\/cmn.com.pt\/printhub\/wp-json\/wp\/v2\/product"}],"about":[{"href":"https:\/\/cmn.com.pt\/printhub\/wp-json\/wp\/v2\/types\/product"}],"replies":[{"embeddable":true,"href":"https:\/\/cmn.com.pt\/printhub\/wp-json\/wp\/v2\/comments?post=47005"}],"version-history":[{"count":3,"href":"https:\/\/cmn.com.pt\/printhub\/wp-json\/wp\/v2\/product\/47005\/revisions"}],"predecessor-version":[{"id":54312,"href":"https:\/\/cmn.com.pt\/printhub\/wp-json\/wp\/v2\/product\/47005\/revisions\/54312"}],"wp:featuredmedia":[{"embeddable":true,"href":"https:\/\/cmn.com.pt\/printhub\/wp-json\/wp\/v2\/media\/54021"}],"wp:attachment":[{"href":"https:\/\/cmn.com.pt\/printhub\/wp-json\/wp\/v2\/media?parent=47005"}],"wp:term":[{"taxonomy":"product_cat","embeddable":true,"href":"https:\/\/cmn.com.pt\/printhub\/wp-json\/wp\/v2\/product_cat?post=47005"},{"taxonomy":"product_tag","embeddable":true,"href":"https:\/\/cmn.com.pt\/printhub\/wp-json\/wp\/v2\/product_tag?post=47005"}],"curies":[{"name":"wp","href":"https:\/\/api.w.org\/{rel}","templated":true}]}}