{"id":51864,"date":"2023-09-17T21:18:48","date_gmt":"2023-09-17T21:18:48","guid":{"rendered":"https:\/\/cmn.com.pt\/?post_type=product&#038;p=51864"},"modified":"2024-04-07T23:20:07","modified_gmt":"2024-04-07T23:20:07","slug":"vinil-micro-pergurado-uv-newflex-one-way-vision","status":"publish","type":"product","link":"https:\/\/cmn.com.pt\/printhub\/produto\/newflex\/vinil-micro-pergurado-uv-newflex-one-way-vision\/","title":{"rendered":"Vinil UV &#8211; SV8008 micro perfurado &#8211; One Way Vision"},"content":{"rendered":"","protected":false},"excerpt":{"rendered":"<p>O vinil UV micro perfurado Newflex \u00e9 uma pel\u00edcula calandrada monom\u00e9rica com perfura\u00e7\u00f5es, desenvolvida especialmente para ser usada em impressoras UV.<\/p>\n<p>O filme \u00e9 fornecido com um adesivo acr\u00edlico sens\u00edvel \u00e0 press\u00e3o remov\u00edvel. Este adesivo \u00e9 protegido por um papel de silicone de alta qualidade.<\/p>\n<p>Gra\u00e7as \u00e0s perfura\u00e7\u00f5es, esses filmes permitem olhar atrav\u00e9s de uma janela por dentro, enquanto a publicidade \u00e9 perfeitamente vis\u00edvel do lado de fora.<\/p>\n<p>O produto tem uma expectativa de vida ao ar livre de at\u00e9 2 anos<\/p>\n<p><strong>Acabamento:<\/strong> Mate | Lado de impress\u00e3o branco, verso preto<br \/>\n<strong>Espessura:<\/strong> 160 microns<br \/>\n<strong>Adesivo:<\/strong>\u00a0Remov\u00edvel<\/p>\n<p><img loading=\"lazy\" decoding=\"async\" class=\"alignnone wp-image-8249 lazyloaded scaled-image\" title=\"Forced to wrong size: 184x35, natural is 868x165!\" src=\"https:\/\/cmn.com.pt\/wp-content\/uploads\/2020\/03\/tecnologias_de_impress%C3%A3o_1.png\" alt=\"\" width=\"190\" height=\"36\" data-src=\"https:\/\/cmn.com.pt\/wp-content\/uploads\/2020\/03\/tecnologias_de_impress\u00e3o_1.png\" \/><\/p>\n<p>&nbsp;<\/p>\n","protected":false},"featured_media":34966,"comment_status":"closed","ping_status":"closed","template":"","meta":{"content-type":""},"product_cat":[9942],"product_tag":[],"class_list":["post-51864","product","type-product","status-publish","has-post-thumbnail","hentry","product_cat-newflex","product_shipping_class-classe-1"],"yoast_head":"<!-- This site is optimized with the Yoast SEO plugin v20.4 - https:\/\/yoast.com\/wordpress\/plugins\/seo\/ -->\n<title>Vinil UV - SV8008 micro perfurado - One Way Vision - PRINTHUB<\/title>\n<meta name=\"robots\" content=\"index, follow, max-snippet:-1, max-image-preview:large, max-video-preview:-1\" \/>\n<link rel=\"canonical\" href=\"https:\/\/cmn.com.pt\/printhub\/produto\/newflex\/vinil-micro-pergurado-uv-newflex-one-way-vision\/\" \/>\n<meta property=\"og:locale\" content=\"pt_PT\" \/>\n<meta property=\"og:type\" content=\"article\" \/>\n<meta property=\"og:title\" content=\"Vinil UV - SV8008 micro perfurado - One Way Vision - PRINTHUB\" \/>\n<meta property=\"og:description\" content=\"O vinil UV micro perfurado Newflex \u00e9 uma pel\u00edcula calandrada monom\u00e9rica com perfura\u00e7\u00f5es, desenvolvida especialmente para ser usada em impressoras UV.  O filme \u00e9 fornecido com um adesivo acr\u00edlico sens\u00edvel \u00e0 press\u00e3o remov\u00edvel. Este adesivo \u00e9 protegido por um papel de silicone de alta qualidade.  Gra\u00e7as \u00e0s perfura\u00e7\u00f5es, esses filmes permitem olhar atrav\u00e9s de uma janela por dentro, enquanto a publicidade \u00e9 perfeitamente vis\u00edvel do lado de fora.  O produto tem uma expectativa de vida ao ar livre de at\u00e9 2 anos  Acabamento: Mate | Lado de impress\u00e3o branco, verso preto Espessura: 160 microns Adesivo:\u00a0Remov\u00edvel    &nbsp;\" \/>\n<meta property=\"og:url\" content=\"https:\/\/cmn.com.pt\/printhub\/produto\/newflex\/vinil-micro-pergurado-uv-newflex-one-way-vision\/\" \/>\n<meta property=\"og:site_name\" content=\"PRINTHUB\" \/>\n<meta property=\"article:publisher\" content=\"https:\/\/www.facebook.com\/cmn.equipamentos.consumiveis\/\" \/>\n<meta property=\"article:modified_time\" content=\"2024-04-07T23:20:07+00:00\" \/>\n<meta property=\"og:image\" content=\"https:\/\/cmn.com.pt\/printhub\/wp-content\/uploads\/2021\/01\/Grafiprint_WG15R_One_Way_Vision-e1710722530723.png\" \/>\n\t<meta property=\"og:image:width\" content=\"1200\" \/>\n\t<meta property=\"og:image:height\" content=\"976\" \/>\n\t<meta property=\"og:image:type\" content=\"image\/png\" \/>\n<meta name=\"twitter:card\" content=\"summary_large_image\" \/>\n<script type=\"application\/ld+json\" class=\"yoast-schema-graph\">{\"@context\":\"https:\/\/schema.org\",\"@graph\":[{\"@type\":\"WebPage\",\"@id\":\"https:\/\/cmn.com.pt\/printhub\/produto\/newflex\/vinil-micro-pergurado-uv-newflex-one-way-vision\/\",\"url\":\"https:\/\/cmn.com.pt\/printhub\/produto\/newflex\/vinil-micro-pergurado-uv-newflex-one-way-vision\/\",\"name\":\"Vinil UV - SV8008 micro perfurado - One Way Vision - PRINTHUB\",\"isPartOf\":{\"@id\":\"https:\/\/cmn.com.pt\/printhub\/#website\"},\"datePublished\":\"2023-09-17T21:18:48+00:00\",\"dateModified\":\"2024-04-07T23:20:07+00:00\",\"breadcrumb\":{\"@id\":\"https:\/\/cmn.com.pt\/printhub\/produto\/newflex\/vinil-micro-pergurado-uv-newflex-one-way-vision\/#breadcrumb\"},\"inLanguage\":\"pt-PT\",\"potentialAction\":[{\"@type\":\"ReadAction\",\"target\":[\"https:\/\/cmn.com.pt\/printhub\/produto\/newflex\/vinil-micro-pergurado-uv-newflex-one-way-vision\/\"]}]},{\"@type\":\"BreadcrumbList\",\"@id\":\"https:\/\/cmn.com.pt\/printhub\/produto\/newflex\/vinil-micro-pergurado-uv-newflex-one-way-vision\/#breadcrumb\",\"itemListElement\":[{\"@type\":\"ListItem\",\"position\":1,\"name\":\"In\u00edcio\",\"item\":\"https:\/\/cmn.com.pt\/printhub\/\"},{\"@type\":\"ListItem\",\"position\":2,\"name\":\"Produtos\",\"item\":\"https:\/\/cmn.com.pt\/printhub\/produtos\/\"},{\"@type\":\"ListItem\",\"position\":3,\"name\":\"Vinil UV &#8211; SV8008 micro perfurado &#8211; One Way Vision\"}]},{\"@type\":\"WebSite\",\"@id\":\"https:\/\/cmn.com.pt\/printhub\/#website\",\"url\":\"https:\/\/cmn.com.pt\/printhub\/\",\"name\":\"CMN Equipamentos e Consum\u00edveis\",\"description\":\"Equipamentos e Consum\u00edveis de Impress\u00e3o, Lda\",\"publisher\":{\"@id\":\"https:\/\/cmn.com.pt\/printhub\/#organization\"},\"alternateName\":\"Empresa de Com\u00e9rcio e Repara\u00e7\u00e3o de equipamentos de impress\u00e3o de grande e pequeno formato, venda de Consum\u00edveis e materiais\",\"potentialAction\":[{\"@type\":\"SearchAction\",\"target\":{\"@type\":\"EntryPoint\",\"urlTemplate\":\"https:\/\/cmn.com.pt\/printhub\/?s={search_term_string}\"},\"query-input\":\"required name=search_term_string\"}],\"inLanguage\":\"pt-PT\"},{\"@type\":\"Organization\",\"@id\":\"https:\/\/cmn.com.pt\/printhub\/#organization\",\"name\":\"CMN - Import Export Trading\",\"url\":\"https:\/\/cmn.com.pt\/printhub\/\",\"logo\":{\"@type\":\"ImageObject\",\"inLanguage\":\"pt-PT\",\"@id\":\"https:\/\/cmn.com.pt\/printhub\/#\/schema\/logo\/image\/\",\"url\":\"https:\/\/cmn.com.pt\/printhub\/wp-content\/uploads\/2022\/07\/Logo-21-e1659456161272.png\",\"contentUrl\":\"https:\/\/cmn.com.pt\/printhub\/wp-content\/uploads\/2022\/07\/Logo-21-e1659456161272.png\",\"width\":149,\"height\":51,\"caption\":\"CMN - Import Export Trading\"},\"image\":{\"@id\":\"https:\/\/cmn.com.pt\/printhub\/#\/schema\/logo\/image\/\"},\"sameAs\":[\"https:\/\/www.facebook.com\/cmn.equipamentos.consumiveis\/\",\"https:\/\/www.instagram.com\/cmn_equipamentos\/\",\"https:\/\/www.linkedin.com\/in\/cmnequipamentoseconsumiveis\",\"https:\/\/www.youtube.com\/channel\/UCGla_lu2IiHeN4oHY2118Tg\"]}]}<\/script>\n<!-- \/ Yoast SEO plugin. -->","yoast_head_json":{"title":"Vinil UV - SV8008 micro perfurado - One Way Vision - PRINTHUB","robots":{"index":"index","follow":"follow","max-snippet":"max-snippet:-1","max-image-preview":"max-image-preview:large","max-video-preview":"max-video-preview:-1"},"canonical":"https:\/\/cmn.com.pt\/printhub\/produto\/newflex\/vinil-micro-pergurado-uv-newflex-one-way-vision\/","og_locale":"pt_PT","og_type":"article","og_title":"Vinil UV - SV8008 micro perfurado - One Way Vision - PRINTHUB","og_description":"O vinil UV micro perfurado Newflex \u00e9 uma pel\u00edcula calandrada monom\u00e9rica com perfura\u00e7\u00f5es, desenvolvida especialmente para ser usada em impressoras UV.  O filme \u00e9 fornecido com um adesivo acr\u00edlico sens\u00edvel \u00e0 press\u00e3o remov\u00edvel. Este adesivo \u00e9 protegido por um papel de silicone de alta qualidade.  Gra\u00e7as \u00e0s perfura\u00e7\u00f5es, esses filmes permitem olhar atrav\u00e9s de uma janela por dentro, enquanto a publicidade \u00e9 perfeitamente vis\u00edvel do lado de fora.  O produto tem uma expectativa de vida ao ar livre de at\u00e9 2 anos  Acabamento: Mate | Lado de impress\u00e3o branco, verso preto Espessura: 160 microns Adesivo:\u00a0Remov\u00edvel    &nbsp;","og_url":"https:\/\/cmn.com.pt\/printhub\/produto\/newflex\/vinil-micro-pergurado-uv-newflex-one-way-vision\/","og_site_name":"PRINTHUB","article_publisher":"https:\/\/www.facebook.com\/cmn.equipamentos.consumiveis\/","article_modified_time":"2024-04-07T23:20:07+00:00","og_image":[{"width":1200,"height":976,"url":"https:\/\/cmn.com.pt\/printhub\/wp-content\/uploads\/2021\/01\/Grafiprint_WG15R_One_Way_Vision-e1710722530723.png","type":"image\/png"}],"twitter_card":"summary_large_image","schema":{"@context":"https:\/\/schema.org","@graph":[{"@type":"WebPage","@id":"https:\/\/cmn.com.pt\/printhub\/produto\/newflex\/vinil-micro-pergurado-uv-newflex-one-way-vision\/","url":"https:\/\/cmn.com.pt\/printhub\/produto\/newflex\/vinil-micro-pergurado-uv-newflex-one-way-vision\/","name":"Vinil UV - SV8008 micro perfurado - One Way Vision - PRINTHUB","isPartOf":{"@id":"https:\/\/cmn.com.pt\/printhub\/#website"},"datePublished":"2023-09-17T21:18:48+00:00","dateModified":"2024-04-07T23:20:07+00:00","breadcrumb":{"@id":"https:\/\/cmn.com.pt\/printhub\/produto\/newflex\/vinil-micro-pergurado-uv-newflex-one-way-vision\/#breadcrumb"},"inLanguage":"pt-PT","potentialAction":[{"@type":"ReadAction","target":["https:\/\/cmn.com.pt\/printhub\/produto\/newflex\/vinil-micro-pergurado-uv-newflex-one-way-vision\/"]}]},{"@type":"BreadcrumbList","@id":"https:\/\/cmn.com.pt\/printhub\/produto\/newflex\/vinil-micro-pergurado-uv-newflex-one-way-vision\/#breadcrumb","itemListElement":[{"@type":"ListItem","position":1,"name":"In\u00edcio","item":"https:\/\/cmn.com.pt\/printhub\/"},{"@type":"ListItem","position":2,"name":"Produtos","item":"https:\/\/cmn.com.pt\/printhub\/produtos\/"},{"@type":"ListItem","position":3,"name":"Vinil UV &#8211; SV8008 micro perfurado &#8211; One Way Vision"}]},{"@type":"WebSite","@id":"https:\/\/cmn.com.pt\/printhub\/#website","url":"https:\/\/cmn.com.pt\/printhub\/","name":"CMN Equipamentos e Consum\u00edveis","description":"Equipamentos e Consum\u00edveis de Impress\u00e3o, Lda","publisher":{"@id":"https:\/\/cmn.com.pt\/printhub\/#organization"},"alternateName":"Empresa de Com\u00e9rcio e Repara\u00e7\u00e3o de equipamentos de impress\u00e3o de grande e pequeno formato, venda de Consum\u00edveis e materiais","potentialAction":[{"@type":"SearchAction","target":{"@type":"EntryPoint","urlTemplate":"https:\/\/cmn.com.pt\/printhub\/?s={search_term_string}"},"query-input":"required name=search_term_string"}],"inLanguage":"pt-PT"},{"@type":"Organization","@id":"https:\/\/cmn.com.pt\/printhub\/#organization","name":"CMN - Import Export Trading","url":"https:\/\/cmn.com.pt\/printhub\/","logo":{"@type":"ImageObject","inLanguage":"pt-PT","@id":"https:\/\/cmn.com.pt\/printhub\/#\/schema\/logo\/image\/","url":"https:\/\/cmn.com.pt\/printhub\/wp-content\/uploads\/2022\/07\/Logo-21-e1659456161272.png","contentUrl":"https:\/\/cmn.com.pt\/printhub\/wp-content\/uploads\/2022\/07\/Logo-21-e1659456161272.png","width":149,"height":51,"caption":"CMN - Import Export Trading"},"image":{"@id":"https:\/\/cmn.com.pt\/printhub\/#\/schema\/logo\/image\/"},"sameAs":["https:\/\/www.facebook.com\/cmn.equipamentos.consumiveis\/","https:\/\/www.instagram.com\/cmn_equipamentos\/","https:\/\/www.linkedin.com\/in\/cmnequipamentoseconsumiveis","https:\/\/www.youtube.com\/channel\/UCGla_lu2IiHeN4oHY2118Tg"]}]}},"_links":{"self":[{"href":"https:\/\/cmn.com.pt\/printhub\/wp-json\/wp\/v2\/product\/51864","targetHints":{"allow":["GET"]}}],"collection":[{"href":"https:\/\/cmn.com.pt\/printhub\/wp-json\/wp\/v2\/product"}],"about":[{"href":"https:\/\/cmn.com.pt\/printhub\/wp-json\/wp\/v2\/types\/product"}],"replies":[{"embeddable":true,"href":"https:\/\/cmn.com.pt\/printhub\/wp-json\/wp\/v2\/comments?post=51864"}],"version-history":[{"count":4,"href":"https:\/\/cmn.com.pt\/printhub\/wp-json\/wp\/v2\/product\/51864\/revisions"}],"predecessor-version":[{"id":54135,"href":"https:\/\/cmn.com.pt\/printhub\/wp-json\/wp\/v2\/product\/51864\/revisions\/54135"}],"wp:featuredmedia":[{"embeddable":true,"href":"https:\/\/cmn.com.pt\/printhub\/wp-json\/wp\/v2\/media\/34966"}],"wp:attachment":[{"href":"https:\/\/cmn.com.pt\/printhub\/wp-json\/wp\/v2\/media?parent=51864"}],"wp:term":[{"taxonomy":"product_cat","embeddable":true,"href":"https:\/\/cmn.com.pt\/printhub\/wp-json\/wp\/v2\/product_cat?post=51864"},{"taxonomy":"product_tag","embeddable":true,"href":"https:\/\/cmn.com.pt\/printhub\/wp-json\/wp\/v2\/product_tag?post=51864"}],"curies":[{"name":"wp","href":"https:\/\/api.w.org\/{rel}","templated":true}]}}