{"id":52075,"date":"2023-10-15T17:38:57","date_gmt":"2023-10-15T17:38:57","guid":{"rendered":"https:\/\/cmn.com.pt\/Print_Hub\/?post_type=product&#038;p=52075"},"modified":"2024-03-13T23:08:20","modified_gmt":"2024-03-13T23:08:20","slug":"roland-ej-ink-cartridge-1000ml","status":"publish","type":"product","link":"https:\/\/cmn.com.pt\/printhub\/produto\/tintas-roland\/roland-ej-ink-cartridge-1000ml\/","title":{"rendered":"Roland EJ ink cartridge (1000ml)"},"content":{"rendered":"<p>Roland EJ ink <span class=\"s1\">\u00e9 a nova gera\u00e7\u00e3o das aclamadas tintas eco-solventes da Roland projetadas para a impressora EJ-640 da Roland DG<\/span><\/p>\n<p class=\"p1\"><span class=\"s1\">A tinta tem caracter\u00edsticas gerais melhores, como tempo de secagem ainda mais r\u00e1pido e cartuchos maiores. Mas tamb\u00e9m a confiabilidade, qualidade e durabilidade pelas quais as tintas Roland s\u00e3o conhecidas, v\u00eam com a tinta Roland EJ. Possui\u00a0<\/span>\u00a0uma ampla gama de cores que garante cores ricas e vibrantes e s\u00f3lidos finos.\u00a0A tinta Preto Claro fornece grada\u00e7\u00f5es suaves de cinza e melhora a estabilidade dos tons de pele e outras cores naturais.\u00a0Os mais pequenos detalhes s\u00e3o lindamente impressos, para que at\u00e9 os clientes mais exigentes fiquem satisfeitos.<\/p>\n<p>A tinta Roland EJ seca muito rapidamente.\u00a0A tinta adere rapidamente a muitos materiais, para que as suas impress\u00f5es possam ser processadas imediatamente quando saem da impressora.\u00a0Se a tinta for usada em combina\u00e7\u00e3o com um sistema de recolhimento, voc\u00ea poder\u00e1 imprimir por muito tempo, sem supervis\u00e3o e em altas velocidades.<\/p>\n<p class=\"p1\">A Roland EJ Ink \u00e9 entregue em um sistema de tinta em massa, desde cartuchos de 1 litro at\u00e9 um subtanque de 220 ml, permitindo a troca do cartucho de tinta sem interromper o processo de impress\u00e3o<\/p>\n<p><strong><em>Caracteristicas:<\/em><\/strong><\/p>\n<ul>\n<li>Tempo de secagem muito curto<\/li>\n<li>Cartuchos maiores (1000ml)<\/li>\n<li>Ampla gama de cores<\/li>\n<li>Resistente a riscos<\/li>\n<li>Durabilidade externa de longo prazo<\/li>\n<li>Amplo suporte para m\u00eddias revestidas e n\u00e3o revestidas<\/li>\n<\/ul>\n","protected":false},"excerpt":{"rendered":"<p>Estes cartuchos originais Roland EJ 1000ml s\u00e3o otimizados para impressoras Roland EJ-640.<\/p>\n","protected":false},"featured_media":0,"comment_status":"closed","ping_status":"closed","template":"","meta":{"content-type":""},"product_cat":[9859],"product_tag":[],"class_list":["post-52075","product","type-product","status-publish","hentry","product_cat-tintas-roland","product_shipping_class-classe-3"],"yoast_head":"<!-- This site is optimized with the Yoast SEO plugin v20.4 - https:\/\/yoast.com\/wordpress\/plugins\/seo\/ -->\n<title>Roland EJ ink cartridge (1000ml) - PRINTHUB<\/title>\n<meta name=\"robots\" content=\"index, follow, max-snippet:-1, max-image-preview:large, max-video-preview:-1\" \/>\n<link rel=\"canonical\" href=\"https:\/\/cmn.com.pt\/printhub\/produto\/tintas-roland\/roland-ej-ink-cartridge-1000ml\/\" \/>\n<meta property=\"og:locale\" content=\"pt_PT\" \/>\n<meta property=\"og:type\" content=\"article\" \/>\n<meta property=\"og:title\" content=\"Roland EJ ink cartridge (1000ml) - PRINTHUB\" \/>\n<meta property=\"og:description\" content=\"Estes cartuchos originais Roland EJ 1000ml s\u00e3o otimizados para impressoras Roland EJ-640.\" \/>\n<meta property=\"og:url\" content=\"https:\/\/cmn.com.pt\/printhub\/produto\/tintas-roland\/roland-ej-ink-cartridge-1000ml\/\" \/>\n<meta property=\"og:site_name\" content=\"PRINTHUB\" \/>\n<meta property=\"article:publisher\" content=\"https:\/\/www.facebook.com\/cmn.equipamentos.consumiveis\/\" \/>\n<meta property=\"article:modified_time\" content=\"2024-03-13T23:08:20+00:00\" \/>\n<meta property=\"og:image\" content=\"https:\/\/cmn.com.pt\/printhub\/wp-content\/uploads\/2023\/10\/0000993_roland-ej-ink-1-litre-cartridge-for-bulk-feed-system.jpeg\" \/>\n\t<meta property=\"og:image:width\" content=\"1200\" \/>\n\t<meta property=\"og:image:height\" content=\"1200\" \/>\n\t<meta property=\"og:image:type\" content=\"image\/jpeg\" \/>\n<meta name=\"twitter:card\" content=\"summary_large_image\" \/>\n<meta name=\"twitter:label1\" content=\"Tempo estimado de leitura\" \/>\n\t<meta name=\"twitter:data1\" content=\"2 minutos\" \/>\n<script type=\"application\/ld+json\" class=\"yoast-schema-graph\">{\"@context\":\"https:\/\/schema.org\",\"@graph\":[{\"@type\":\"WebPage\",\"@id\":\"https:\/\/cmn.com.pt\/printhub\/produto\/tintas-roland\/roland-ej-ink-cartridge-1000ml\/\",\"url\":\"https:\/\/cmn.com.pt\/printhub\/produto\/tintas-roland\/roland-ej-ink-cartridge-1000ml\/\",\"name\":\"Roland EJ ink cartridge (1000ml) - PRINTHUB\",\"isPartOf\":{\"@id\":\"https:\/\/cmn.com.pt\/printhub\/#website\"},\"datePublished\":\"2023-10-15T17:38:57+00:00\",\"dateModified\":\"2024-03-13T23:08:20+00:00\",\"breadcrumb\":{\"@id\":\"https:\/\/cmn.com.pt\/printhub\/produto\/tintas-roland\/roland-ej-ink-cartridge-1000ml\/#breadcrumb\"},\"inLanguage\":\"pt-PT\",\"potentialAction\":[{\"@type\":\"ReadAction\",\"target\":[\"https:\/\/cmn.com.pt\/printhub\/produto\/tintas-roland\/roland-ej-ink-cartridge-1000ml\/\"]}]},{\"@type\":\"BreadcrumbList\",\"@id\":\"https:\/\/cmn.com.pt\/printhub\/produto\/tintas-roland\/roland-ej-ink-cartridge-1000ml\/#breadcrumb\",\"itemListElement\":[{\"@type\":\"ListItem\",\"position\":1,\"name\":\"In\u00edcio\",\"item\":\"https:\/\/cmn.com.pt\/printhub\/\"},{\"@type\":\"ListItem\",\"position\":2,\"name\":\"Produtos\",\"item\":\"https:\/\/cmn.com.pt\/printhub\/produtos\/\"},{\"@type\":\"ListItem\",\"position\":3,\"name\":\"Roland EJ ink cartridge (1000ml)\"}]},{\"@type\":\"WebSite\",\"@id\":\"https:\/\/cmn.com.pt\/printhub\/#website\",\"url\":\"https:\/\/cmn.com.pt\/printhub\/\",\"name\":\"CMN Equipamentos e Consum\u00edveis\",\"description\":\"Equipamentos e Consum\u00edveis de Impress\u00e3o, Lda\",\"publisher\":{\"@id\":\"https:\/\/cmn.com.pt\/printhub\/#organization\"},\"alternateName\":\"Empresa de Com\u00e9rcio e Repara\u00e7\u00e3o de equipamentos de impress\u00e3o de grande e pequeno formato, venda de Consum\u00edveis e materiais\",\"potentialAction\":[{\"@type\":\"SearchAction\",\"target\":{\"@type\":\"EntryPoint\",\"urlTemplate\":\"https:\/\/cmn.com.pt\/printhub\/?s={search_term_string}\"},\"query-input\":\"required name=search_term_string\"}],\"inLanguage\":\"pt-PT\"},{\"@type\":\"Organization\",\"@id\":\"https:\/\/cmn.com.pt\/printhub\/#organization\",\"name\":\"CMN - Import Export Trading\",\"url\":\"https:\/\/cmn.com.pt\/printhub\/\",\"logo\":{\"@type\":\"ImageObject\",\"inLanguage\":\"pt-PT\",\"@id\":\"https:\/\/cmn.com.pt\/printhub\/#\/schema\/logo\/image\/\",\"url\":\"https:\/\/cmn.com.pt\/printhub\/wp-content\/uploads\/2022\/07\/Logo-21-e1659456161272.png\",\"contentUrl\":\"https:\/\/cmn.com.pt\/printhub\/wp-content\/uploads\/2022\/07\/Logo-21-e1659456161272.png\",\"width\":149,\"height\":51,\"caption\":\"CMN - Import Export Trading\"},\"image\":{\"@id\":\"https:\/\/cmn.com.pt\/printhub\/#\/schema\/logo\/image\/\"},\"sameAs\":[\"https:\/\/www.facebook.com\/cmn.equipamentos.consumiveis\/\",\"https:\/\/www.instagram.com\/cmn_equipamentos\/\",\"https:\/\/www.linkedin.com\/in\/cmnequipamentoseconsumiveis\",\"https:\/\/www.youtube.com\/channel\/UCGla_lu2IiHeN4oHY2118Tg\"]}]}<\/script>\n<!-- \/ Yoast SEO plugin. -->","yoast_head_json":{"title":"Roland EJ ink cartridge (1000ml) - PRINTHUB","robots":{"index":"index","follow":"follow","max-snippet":"max-snippet:-1","max-image-preview":"max-image-preview:large","max-video-preview":"max-video-preview:-1"},"canonical":"https:\/\/cmn.com.pt\/printhub\/produto\/tintas-roland\/roland-ej-ink-cartridge-1000ml\/","og_locale":"pt_PT","og_type":"article","og_title":"Roland EJ ink cartridge (1000ml) - PRINTHUB","og_description":"Estes cartuchos originais Roland EJ 1000ml s\u00e3o otimizados para impressoras Roland EJ-640.","og_url":"https:\/\/cmn.com.pt\/printhub\/produto\/tintas-roland\/roland-ej-ink-cartridge-1000ml\/","og_site_name":"PRINTHUB","article_publisher":"https:\/\/www.facebook.com\/cmn.equipamentos.consumiveis\/","article_modified_time":"2024-03-13T23:08:20+00:00","og_image":[{"width":1200,"height":1200,"url":"https:\/\/cmn.com.pt\/printhub\/wp-content\/uploads\/2023\/10\/0000993_roland-ej-ink-1-litre-cartridge-for-bulk-feed-system.jpeg","type":"image\/jpeg"}],"twitter_card":"summary_large_image","twitter_misc":{"Tempo estimado de leitura":"2 minutos"},"schema":{"@context":"https:\/\/schema.org","@graph":[{"@type":"WebPage","@id":"https:\/\/cmn.com.pt\/printhub\/produto\/tintas-roland\/roland-ej-ink-cartridge-1000ml\/","url":"https:\/\/cmn.com.pt\/printhub\/produto\/tintas-roland\/roland-ej-ink-cartridge-1000ml\/","name":"Roland EJ ink cartridge (1000ml) - PRINTHUB","isPartOf":{"@id":"https:\/\/cmn.com.pt\/printhub\/#website"},"datePublished":"2023-10-15T17:38:57+00:00","dateModified":"2024-03-13T23:08:20+00:00","breadcrumb":{"@id":"https:\/\/cmn.com.pt\/printhub\/produto\/tintas-roland\/roland-ej-ink-cartridge-1000ml\/#breadcrumb"},"inLanguage":"pt-PT","potentialAction":[{"@type":"ReadAction","target":["https:\/\/cmn.com.pt\/printhub\/produto\/tintas-roland\/roland-ej-ink-cartridge-1000ml\/"]}]},{"@type":"BreadcrumbList","@id":"https:\/\/cmn.com.pt\/printhub\/produto\/tintas-roland\/roland-ej-ink-cartridge-1000ml\/#breadcrumb","itemListElement":[{"@type":"ListItem","position":1,"name":"In\u00edcio","item":"https:\/\/cmn.com.pt\/printhub\/"},{"@type":"ListItem","position":2,"name":"Produtos","item":"https:\/\/cmn.com.pt\/printhub\/produtos\/"},{"@type":"ListItem","position":3,"name":"Roland EJ ink cartridge (1000ml)"}]},{"@type":"WebSite","@id":"https:\/\/cmn.com.pt\/printhub\/#website","url":"https:\/\/cmn.com.pt\/printhub\/","name":"CMN Equipamentos e Consum\u00edveis","description":"Equipamentos e Consum\u00edveis de Impress\u00e3o, Lda","publisher":{"@id":"https:\/\/cmn.com.pt\/printhub\/#organization"},"alternateName":"Empresa de Com\u00e9rcio e Repara\u00e7\u00e3o de equipamentos de impress\u00e3o de grande e pequeno formato, venda de Consum\u00edveis e materiais","potentialAction":[{"@type":"SearchAction","target":{"@type":"EntryPoint","urlTemplate":"https:\/\/cmn.com.pt\/printhub\/?s={search_term_string}"},"query-input":"required name=search_term_string"}],"inLanguage":"pt-PT"},{"@type":"Organization","@id":"https:\/\/cmn.com.pt\/printhub\/#organization","name":"CMN - Import Export Trading","url":"https:\/\/cmn.com.pt\/printhub\/","logo":{"@type":"ImageObject","inLanguage":"pt-PT","@id":"https:\/\/cmn.com.pt\/printhub\/#\/schema\/logo\/image\/","url":"https:\/\/cmn.com.pt\/printhub\/wp-content\/uploads\/2022\/07\/Logo-21-e1659456161272.png","contentUrl":"https:\/\/cmn.com.pt\/printhub\/wp-content\/uploads\/2022\/07\/Logo-21-e1659456161272.png","width":149,"height":51,"caption":"CMN - Import Export Trading"},"image":{"@id":"https:\/\/cmn.com.pt\/printhub\/#\/schema\/logo\/image\/"},"sameAs":["https:\/\/www.facebook.com\/cmn.equipamentos.consumiveis\/","https:\/\/www.instagram.com\/cmn_equipamentos\/","https:\/\/www.linkedin.com\/in\/cmnequipamentoseconsumiveis","https:\/\/www.youtube.com\/channel\/UCGla_lu2IiHeN4oHY2118Tg"]}]}},"_links":{"self":[{"href":"https:\/\/cmn.com.pt\/printhub\/wp-json\/wp\/v2\/product\/52075","targetHints":{"allow":["GET"]}}],"collection":[{"href":"https:\/\/cmn.com.pt\/printhub\/wp-json\/wp\/v2\/product"}],"about":[{"href":"https:\/\/cmn.com.pt\/printhub\/wp-json\/wp\/v2\/types\/product"}],"replies":[{"embeddable":true,"href":"https:\/\/cmn.com.pt\/printhub\/wp-json\/wp\/v2\/comments?post=52075"}],"version-history":[{"count":0,"href":"https:\/\/cmn.com.pt\/printhub\/wp-json\/wp\/v2\/product\/52075\/revisions"}],"wp:attachment":[{"href":"https:\/\/cmn.com.pt\/printhub\/wp-json\/wp\/v2\/media?parent=52075"}],"wp:term":[{"taxonomy":"product_cat","embeddable":true,"href":"https:\/\/cmn.com.pt\/printhub\/wp-json\/wp\/v2\/product_cat?post=52075"},{"taxonomy":"product_tag","embeddable":true,"href":"https:\/\/cmn.com.pt\/printhub\/wp-json\/wp\/v2\/product_tag?post=52075"}],"curies":[{"name":"wp","href":"https:\/\/api.w.org\/{rel}","templated":true}]}}