{"id":52129,"date":"2023-10-15T19:52:59","date_gmt":"2023-10-15T19:52:59","guid":{"rendered":"https:\/\/cmn.com.pt\/Print_Hub\/?post_type=product&#038;p=52129"},"modified":"2025-02-10T00:07:00","modified_gmt":"2025-02-10T00:07:00","slug":"roland-eco-sol-max-2-cartucho-de-440ml","status":"publish","type":"product","link":"https:\/\/cmn.com.pt\/printhub\/produto\/tintas-roland\/roland-eco-sol-max-2-cartucho-de-440ml\/","title":{"rendered":"Roland Eco-Sol MAX 2 Ink (440ml cartridge)"},"content":{"rendered":"<p>ECO-SOL MAX2 \u00e9 uma nova gera\u00e7\u00e3o da premiada tinta eco-solvente da Roland DG.\u00a0A tinta seca rapidamente e oferece excelente durabilidade externa a longo prazo, resist\u00eancia a riscos e produtos qu\u00edmicos, amplo suporte de m\u00eddia e uma ampla gama.\u00a0As novas tintas eco-solventes Eco-Sol MAX 2 de alta defini\u00e7\u00e3o da Roland s\u00e3o especialmente projetadas para otimizar a qualidade da imagem e a cor em uma ampla variedade de m\u00eddias revestidas e n\u00e3o revestidas.<\/p>\n<p>Eco-Sol MAX 2 \u00e9 praticamente inodoro e n\u00e3o requer ventila\u00e7\u00e3o especial ou equipamento ambiental.\u00a0As tintas Eco-Sol MAX 2 tamb\u00e9m n\u00e3o cont\u00eam n\u00edquel para um ambiente de trabalho mais saud\u00e1vel.\u00a0As tintas s\u00e3o embaladas em convenientes cartuchos de 440 ml e s\u00e3o resistentes \u00e0 \u00e1gua, arranh\u00f5es e UV por at\u00e9 tr\u00eas anos em ambientes externos.\u00a0Combinadas com a tecnologia de gotas vari\u00e1veis, as tintas Roland Eco-Sol MAX 2 proporcionam cores mais brilhantes com detalhes soberbos nos realces e misturas e transi\u00e7\u00f5es mais suaves em geral.<\/p>\n<p><strong>Recursos e benef\u00edcios:<\/strong><\/p>\n<ul>\n<li>Imagens excecionais em altas velocidades de produ\u00e7\u00e3o<\/li>\n<li>Praticamente inodoro e f\u00e1cil de usar<\/li>\n<li>\u00a0Secagem r\u00e1pida e resistente a arranh\u00f5es para acabamento e manuseio r\u00e1pidos e f\u00e1ceis<\/li>\n<li>\u00a0Ampla gama de cores para vermelhos profundos, azuis e verdes<\/li>\n<li>Adere agressivamente a uma variedade de revestimentos n\u00e3o revestidos acess\u00edveis m\u00eddia<\/li>\n<li>Durabilidade de at\u00e9 tr\u00eas anos em ambientes externos sem lamina\u00e7\u00e3o<\/li>\n<li>Sua escolha de configura\u00e7\u00f5es de tinta (varia de acordo com o modelo)<\/li>\n<li>Imagens excecionais\u00a0em altas velocidades de produ\u00e7\u00e3o<\/li>\n<li>Praticamente inodoro e f\u00e1cil de usar<\/li>\n<li>Secagem r\u00e1pida e resistente a arranh\u00f5es para acabamento e manuseio r\u00e1pidos e f\u00e1ceis<\/li>\n<li>\u00a0Ampla gama de cores para vermelhos profundos, azuis e verdes<\/li>\n<li>Adere agressivamente a uma variedade de revestimentos n\u00e3o revestidos acess\u00edveis m\u00eddia<\/li>\n<li>Durabilidade de at\u00e9 tr\u00eas anos em ambientes externos sem lamina\u00e7\u00e3o<\/li>\n<li>Sua escolha de configura\u00e7\u00f5es de tinta (varia de acordo com o modelo)<\/li>\n<\/ul>\n","protected":false},"excerpt":{"rendered":"<p>Esses cartuchos Roland ESL4 originais de 440ml s\u00e3o otimizados para impressoras Roland.<\/p>\n","protected":false},"featured_media":55327,"comment_status":"closed","ping_status":"closed","template":"","meta":{"content-type":""},"product_cat":[9859],"product_tag":[],"class_list":["post-52129","product","type-product","status-publish","has-post-thumbnail","hentry","product_cat-tintas-roland","product_shipping_class-classe-3"],"yoast_head":"<!-- This site is optimized with the Yoast SEO plugin v20.4 - https:\/\/yoast.com\/wordpress\/plugins\/seo\/ -->\n<title>Roland Eco-Sol MAX 2 Ink (440ml cartridge) - PRINTHUB<\/title>\n<meta name=\"robots\" content=\"index, follow, max-snippet:-1, max-image-preview:large, max-video-preview:-1\" \/>\n<link rel=\"canonical\" href=\"https:\/\/cmn.com.pt\/printhub\/produto\/tintas-roland\/roland-eco-sol-max-2-cartucho-de-440ml\/\" \/>\n<meta property=\"og:locale\" content=\"pt_PT\" \/>\n<meta property=\"og:type\" content=\"article\" \/>\n<meta property=\"og:title\" content=\"Roland Eco-Sol MAX 2 Ink (440ml cartridge) - PRINTHUB\" \/>\n<meta property=\"og:description\" content=\"Esses cartuchos Roland ESL4 originais de 440ml s\u00e3o otimizados para impressoras Roland.\" \/>\n<meta property=\"og:url\" content=\"https:\/\/cmn.com.pt\/printhub\/produto\/tintas-roland\/roland-eco-sol-max-2-cartucho-de-440ml\/\" \/>\n<meta property=\"og:site_name\" content=\"PRINTHUB\" \/>\n<meta property=\"article:publisher\" content=\"https:\/\/www.facebook.com\/cmn.equipamentos.consumiveis\/\" \/>\n<meta property=\"article:modified_time\" content=\"2025-02-10T00:07:00+00:00\" \/>\n<meta property=\"og:image\" content=\"https:\/\/cmn.com.pt\/printhub\/wp-content\/uploads\/2023\/10\/ESL4-4Todos-600x450-1.jpeg\" \/>\n\t<meta property=\"og:image:width\" content=\"600\" \/>\n\t<meta property=\"og:image:height\" content=\"450\" \/>\n\t<meta property=\"og:image:type\" content=\"image\/jpeg\" \/>\n<meta name=\"twitter:card\" content=\"summary_large_image\" \/>\n<meta name=\"twitter:label1\" content=\"Tempo estimado de leitura\" \/>\n\t<meta name=\"twitter:data1\" content=\"2 minutos\" \/>\n<script type=\"application\/ld+json\" class=\"yoast-schema-graph\">{\"@context\":\"https:\/\/schema.org\",\"@graph\":[{\"@type\":\"WebPage\",\"@id\":\"https:\/\/cmn.com.pt\/printhub\/produto\/tintas-roland\/roland-eco-sol-max-2-cartucho-de-440ml\/\",\"url\":\"https:\/\/cmn.com.pt\/printhub\/produto\/tintas-roland\/roland-eco-sol-max-2-cartucho-de-440ml\/\",\"name\":\"Roland Eco-Sol MAX 2 Ink (440ml cartridge) - PRINTHUB\",\"isPartOf\":{\"@id\":\"https:\/\/cmn.com.pt\/printhub\/#website\"},\"datePublished\":\"2023-10-15T19:52:59+00:00\",\"dateModified\":\"2025-02-10T00:07:00+00:00\",\"breadcrumb\":{\"@id\":\"https:\/\/cmn.com.pt\/printhub\/produto\/tintas-roland\/roland-eco-sol-max-2-cartucho-de-440ml\/#breadcrumb\"},\"inLanguage\":\"pt-PT\",\"potentialAction\":[{\"@type\":\"ReadAction\",\"target\":[\"https:\/\/cmn.com.pt\/printhub\/produto\/tintas-roland\/roland-eco-sol-max-2-cartucho-de-440ml\/\"]}]},{\"@type\":\"BreadcrumbList\",\"@id\":\"https:\/\/cmn.com.pt\/printhub\/produto\/tintas-roland\/roland-eco-sol-max-2-cartucho-de-440ml\/#breadcrumb\",\"itemListElement\":[{\"@type\":\"ListItem\",\"position\":1,\"name\":\"In\u00edcio\",\"item\":\"https:\/\/cmn.com.pt\/printhub\/\"},{\"@type\":\"ListItem\",\"position\":2,\"name\":\"Produtos\",\"item\":\"https:\/\/cmn.com.pt\/printhub\/produtos\/\"},{\"@type\":\"ListItem\",\"position\":3,\"name\":\"Roland Eco-Sol MAX 2 Ink (440ml cartridge)\"}]},{\"@type\":\"WebSite\",\"@id\":\"https:\/\/cmn.com.pt\/printhub\/#website\",\"url\":\"https:\/\/cmn.com.pt\/printhub\/\",\"name\":\"CMN Equipamentos e Consum\u00edveis\",\"description\":\"Equipamentos e Consum\u00edveis de Impress\u00e3o, Lda\",\"publisher\":{\"@id\":\"https:\/\/cmn.com.pt\/printhub\/#organization\"},\"alternateName\":\"Empresa de Com\u00e9rcio e Repara\u00e7\u00e3o de equipamentos de impress\u00e3o de grande e pequeno formato, venda de Consum\u00edveis e materiais\",\"potentialAction\":[{\"@type\":\"SearchAction\",\"target\":{\"@type\":\"EntryPoint\",\"urlTemplate\":\"https:\/\/cmn.com.pt\/printhub\/?s={search_term_string}\"},\"query-input\":\"required name=search_term_string\"}],\"inLanguage\":\"pt-PT\"},{\"@type\":\"Organization\",\"@id\":\"https:\/\/cmn.com.pt\/printhub\/#organization\",\"name\":\"CMN - Import Export Trading\",\"url\":\"https:\/\/cmn.com.pt\/printhub\/\",\"logo\":{\"@type\":\"ImageObject\",\"inLanguage\":\"pt-PT\",\"@id\":\"https:\/\/cmn.com.pt\/printhub\/#\/schema\/logo\/image\/\",\"url\":\"https:\/\/cmn.com.pt\/printhub\/wp-content\/uploads\/2022\/07\/Logo-21-e1659456161272.png\",\"contentUrl\":\"https:\/\/cmn.com.pt\/printhub\/wp-content\/uploads\/2022\/07\/Logo-21-e1659456161272.png\",\"width\":149,\"height\":51,\"caption\":\"CMN - Import Export Trading\"},\"image\":{\"@id\":\"https:\/\/cmn.com.pt\/printhub\/#\/schema\/logo\/image\/\"},\"sameAs\":[\"https:\/\/www.facebook.com\/cmn.equipamentos.consumiveis\/\",\"https:\/\/www.instagram.com\/cmn_equipamentos\/\",\"https:\/\/www.linkedin.com\/in\/cmnequipamentoseconsumiveis\",\"https:\/\/www.youtube.com\/channel\/UCGla_lu2IiHeN4oHY2118Tg\"]}]}<\/script>\n<!-- \/ Yoast SEO plugin. -->","yoast_head_json":{"title":"Roland Eco-Sol MAX 2 Ink (440ml cartridge) - PRINTHUB","robots":{"index":"index","follow":"follow","max-snippet":"max-snippet:-1","max-image-preview":"max-image-preview:large","max-video-preview":"max-video-preview:-1"},"canonical":"https:\/\/cmn.com.pt\/printhub\/produto\/tintas-roland\/roland-eco-sol-max-2-cartucho-de-440ml\/","og_locale":"pt_PT","og_type":"article","og_title":"Roland Eco-Sol MAX 2 Ink (440ml cartridge) - PRINTHUB","og_description":"Esses cartuchos Roland ESL4 originais de 440ml s\u00e3o otimizados para impressoras Roland.","og_url":"https:\/\/cmn.com.pt\/printhub\/produto\/tintas-roland\/roland-eco-sol-max-2-cartucho-de-440ml\/","og_site_name":"PRINTHUB","article_publisher":"https:\/\/www.facebook.com\/cmn.equipamentos.consumiveis\/","article_modified_time":"2025-02-10T00:07:00+00:00","og_image":[{"width":600,"height":450,"url":"https:\/\/cmn.com.pt\/printhub\/wp-content\/uploads\/2023\/10\/ESL4-4Todos-600x450-1.jpeg","type":"image\/jpeg"}],"twitter_card":"summary_large_image","twitter_misc":{"Tempo estimado de leitura":"2 minutos"},"schema":{"@context":"https:\/\/schema.org","@graph":[{"@type":"WebPage","@id":"https:\/\/cmn.com.pt\/printhub\/produto\/tintas-roland\/roland-eco-sol-max-2-cartucho-de-440ml\/","url":"https:\/\/cmn.com.pt\/printhub\/produto\/tintas-roland\/roland-eco-sol-max-2-cartucho-de-440ml\/","name":"Roland Eco-Sol MAX 2 Ink (440ml cartridge) - PRINTHUB","isPartOf":{"@id":"https:\/\/cmn.com.pt\/printhub\/#website"},"datePublished":"2023-10-15T19:52:59+00:00","dateModified":"2025-02-10T00:07:00+00:00","breadcrumb":{"@id":"https:\/\/cmn.com.pt\/printhub\/produto\/tintas-roland\/roland-eco-sol-max-2-cartucho-de-440ml\/#breadcrumb"},"inLanguage":"pt-PT","potentialAction":[{"@type":"ReadAction","target":["https:\/\/cmn.com.pt\/printhub\/produto\/tintas-roland\/roland-eco-sol-max-2-cartucho-de-440ml\/"]}]},{"@type":"BreadcrumbList","@id":"https:\/\/cmn.com.pt\/printhub\/produto\/tintas-roland\/roland-eco-sol-max-2-cartucho-de-440ml\/#breadcrumb","itemListElement":[{"@type":"ListItem","position":1,"name":"In\u00edcio","item":"https:\/\/cmn.com.pt\/printhub\/"},{"@type":"ListItem","position":2,"name":"Produtos","item":"https:\/\/cmn.com.pt\/printhub\/produtos\/"},{"@type":"ListItem","position":3,"name":"Roland Eco-Sol MAX 2 Ink (440ml cartridge)"}]},{"@type":"WebSite","@id":"https:\/\/cmn.com.pt\/printhub\/#website","url":"https:\/\/cmn.com.pt\/printhub\/","name":"CMN Equipamentos e Consum\u00edveis","description":"Equipamentos e Consum\u00edveis de Impress\u00e3o, Lda","publisher":{"@id":"https:\/\/cmn.com.pt\/printhub\/#organization"},"alternateName":"Empresa de Com\u00e9rcio e Repara\u00e7\u00e3o de equipamentos de impress\u00e3o de grande e pequeno formato, venda de Consum\u00edveis e materiais","potentialAction":[{"@type":"SearchAction","target":{"@type":"EntryPoint","urlTemplate":"https:\/\/cmn.com.pt\/printhub\/?s={search_term_string}"},"query-input":"required name=search_term_string"}],"inLanguage":"pt-PT"},{"@type":"Organization","@id":"https:\/\/cmn.com.pt\/printhub\/#organization","name":"CMN - Import Export Trading","url":"https:\/\/cmn.com.pt\/printhub\/","logo":{"@type":"ImageObject","inLanguage":"pt-PT","@id":"https:\/\/cmn.com.pt\/printhub\/#\/schema\/logo\/image\/","url":"https:\/\/cmn.com.pt\/printhub\/wp-content\/uploads\/2022\/07\/Logo-21-e1659456161272.png","contentUrl":"https:\/\/cmn.com.pt\/printhub\/wp-content\/uploads\/2022\/07\/Logo-21-e1659456161272.png","width":149,"height":51,"caption":"CMN - Import Export Trading"},"image":{"@id":"https:\/\/cmn.com.pt\/printhub\/#\/schema\/logo\/image\/"},"sameAs":["https:\/\/www.facebook.com\/cmn.equipamentos.consumiveis\/","https:\/\/www.instagram.com\/cmn_equipamentos\/","https:\/\/www.linkedin.com\/in\/cmnequipamentoseconsumiveis","https:\/\/www.youtube.com\/channel\/UCGla_lu2IiHeN4oHY2118Tg"]}]}},"_links":{"self":[{"href":"https:\/\/cmn.com.pt\/printhub\/wp-json\/wp\/v2\/product\/52129","targetHints":{"allow":["GET"]}}],"collection":[{"href":"https:\/\/cmn.com.pt\/printhub\/wp-json\/wp\/v2\/product"}],"about":[{"href":"https:\/\/cmn.com.pt\/printhub\/wp-json\/wp\/v2\/types\/product"}],"replies":[{"embeddable":true,"href":"https:\/\/cmn.com.pt\/printhub\/wp-json\/wp\/v2\/comments?post=52129"}],"version-history":[{"count":1,"href":"https:\/\/cmn.com.pt\/printhub\/wp-json\/wp\/v2\/product\/52129\/revisions"}],"predecessor-version":[{"id":55328,"href":"https:\/\/cmn.com.pt\/printhub\/wp-json\/wp\/v2\/product\/52129\/revisions\/55328"}],"wp:featuredmedia":[{"embeddable":true,"href":"https:\/\/cmn.com.pt\/printhub\/wp-json\/wp\/v2\/media\/55327"}],"wp:attachment":[{"href":"https:\/\/cmn.com.pt\/printhub\/wp-json\/wp\/v2\/media?parent=52129"}],"wp:term":[{"taxonomy":"product_cat","embeddable":true,"href":"https:\/\/cmn.com.pt\/printhub\/wp-json\/wp\/v2\/product_cat?post=52129"},{"taxonomy":"product_tag","embeddable":true,"href":"https:\/\/cmn.com.pt\/printhub\/wp-json\/wp\/v2\/product_tag?post=52129"}],"curies":[{"name":"wp","href":"https:\/\/api.w.org\/{rel}","templated":true}]}}