{"id":54486,"date":"2024-04-09T15:35:04","date_gmt":"2024-04-09T15:35:04","guid":{"rendered":"https:\/\/cmn.com.pt\/printhub\/?post_type=product&#038;p=54486"},"modified":"2024-04-14T23:00:47","modified_gmt":"2024-04-14T23:00:47","slug":"jateados-imprimax-deco","status":"publish","type":"product","link":"https:\/\/cmn.com.pt\/printhub\/produto\/imprimax-gama-decor\/jateados-imprimax-deco\/","title":{"rendered":"Jateados"},"content":{"rendered":"","protected":false},"excerpt":{"rendered":"<p>Jateado Opaco \u00e9 a linha de revestimentos levemente<br \/>\ntexturizado, aplic\u00e1vel em todos os tipos de decora\u00e7\u00e3o.<br \/>\nJateado Opaco combina com todas as texturas (Rustic,<br \/>\nArtistico, Savana, Firenze, Couros) devido ao seu acabamento<br \/>\ndiscreto. Entre os hits desta linha est\u00e3o os novos<br \/>\ntons de verde, cor do Ano 2022. Mas fique atento: devido<br \/>\n\u00e0 estrutura da superf\u00edcie, evite combinar o Jateado Opaco<br \/>\ne Protect Gloss no mesmo ambiente.<\/p>\n","protected":false},"featured_media":54525,"comment_status":"closed","ping_status":"closed","template":"","meta":{"content-type":""},"product_cat":[9901],"product_tag":[],"class_list":["post-54486","product","type-product","status-publish","has-post-thumbnail","hentry","product_cat-imprimax-gama-decor"],"yoast_head":"<!-- This site is optimized with the Yoast SEO plugin v20.4 - https:\/\/yoast.com\/wordpress\/plugins\/seo\/ -->\n<title>Jateados - PRINTHUB<\/title>\n<meta name=\"robots\" content=\"index, follow, max-snippet:-1, max-image-preview:large, max-video-preview:-1\" \/>\n<link rel=\"canonical\" href=\"https:\/\/cmn.com.pt\/printhub\/produto\/imprimax-gama-decor\/jateados-imprimax-deco\/\" \/>\n<meta property=\"og:locale\" content=\"pt_PT\" \/>\n<meta property=\"og:type\" content=\"article\" \/>\n<meta property=\"og:title\" content=\"Jateados - PRINTHUB\" \/>\n<meta property=\"og:description\" content=\"Jateado Opaco \u00e9 a linha de revestimentos levemente texturizado, aplic\u00e1vel em todos os tipos de decora\u00e7\u00e3o. Jateado Opaco combina com todas as texturas (Rustic, Artistico, Savana, Firenze, Couros) devido ao seu acabamento discreto. Entre os hits desta linha est\u00e3o os novos tons de verde, cor do Ano 2022. Mas fique atento: devido \u00e0 estrutura da superf\u00edcie, evite combinar o Jateado Opaco e Protect Gloss no mesmo ambiente.\" \/>\n<meta property=\"og:url\" content=\"https:\/\/cmn.com.pt\/printhub\/produto\/imprimax-gama-decor\/jateados-imprimax-deco\/\" \/>\n<meta property=\"og:site_name\" content=\"PRINTHUB\" \/>\n<meta property=\"article:publisher\" content=\"https:\/\/www.facebook.com\/cmn.equipamentos.consumiveis\/\" \/>\n<meta property=\"article:modified_time\" content=\"2024-04-14T23:00:47+00:00\" \/>\n<meta property=\"og:image\" content=\"https:\/\/cmn.com.pt\/printhub\/wp-content\/uploads\/2024\/04\/jateado-opaco.png\" \/>\n\t<meta property=\"og:image:width\" content=\"445\" \/>\n\t<meta property=\"og:image:height\" content=\"401\" \/>\n\t<meta property=\"og:image:type\" content=\"image\/png\" \/>\n<meta name=\"twitter:card\" content=\"summary_large_image\" \/>\n<script type=\"application\/ld+json\" class=\"yoast-schema-graph\">{\"@context\":\"https:\/\/schema.org\",\"@graph\":[{\"@type\":\"WebPage\",\"@id\":\"https:\/\/cmn.com.pt\/printhub\/produto\/imprimax-gama-decor\/jateados-imprimax-deco\/\",\"url\":\"https:\/\/cmn.com.pt\/printhub\/produto\/imprimax-gama-decor\/jateados-imprimax-deco\/\",\"name\":\"Jateados - PRINTHUB\",\"isPartOf\":{\"@id\":\"https:\/\/cmn.com.pt\/printhub\/#website\"},\"datePublished\":\"2024-04-09T15:35:04+00:00\",\"dateModified\":\"2024-04-14T23:00:47+00:00\",\"breadcrumb\":{\"@id\":\"https:\/\/cmn.com.pt\/printhub\/produto\/imprimax-gama-decor\/jateados-imprimax-deco\/#breadcrumb\"},\"inLanguage\":\"pt-PT\",\"potentialAction\":[{\"@type\":\"ReadAction\",\"target\":[\"https:\/\/cmn.com.pt\/printhub\/produto\/imprimax-gama-decor\/jateados-imprimax-deco\/\"]}]},{\"@type\":\"BreadcrumbList\",\"@id\":\"https:\/\/cmn.com.pt\/printhub\/produto\/imprimax-gama-decor\/jateados-imprimax-deco\/#breadcrumb\",\"itemListElement\":[{\"@type\":\"ListItem\",\"position\":1,\"name\":\"In\u00edcio\",\"item\":\"https:\/\/cmn.com.pt\/printhub\/\"},{\"@type\":\"ListItem\",\"position\":2,\"name\":\"Produtos\",\"item\":\"https:\/\/cmn.com.pt\/printhub\/produtos\/\"},{\"@type\":\"ListItem\",\"position\":3,\"name\":\"Jateados\"}]},{\"@type\":\"WebSite\",\"@id\":\"https:\/\/cmn.com.pt\/printhub\/#website\",\"url\":\"https:\/\/cmn.com.pt\/printhub\/\",\"name\":\"CMN Equipamentos e Consum\u00edveis\",\"description\":\"Equipamentos e Consum\u00edveis de Impress\u00e3o, Lda\",\"publisher\":{\"@id\":\"https:\/\/cmn.com.pt\/printhub\/#organization\"},\"alternateName\":\"Empresa de Com\u00e9rcio e Repara\u00e7\u00e3o de equipamentos de impress\u00e3o de grande e pequeno formato, venda de Consum\u00edveis e materiais\",\"potentialAction\":[{\"@type\":\"SearchAction\",\"target\":{\"@type\":\"EntryPoint\",\"urlTemplate\":\"https:\/\/cmn.com.pt\/printhub\/?s={search_term_string}\"},\"query-input\":\"required name=search_term_string\"}],\"inLanguage\":\"pt-PT\"},{\"@type\":\"Organization\",\"@id\":\"https:\/\/cmn.com.pt\/printhub\/#organization\",\"name\":\"CMN - Import Export Trading\",\"url\":\"https:\/\/cmn.com.pt\/printhub\/\",\"logo\":{\"@type\":\"ImageObject\",\"inLanguage\":\"pt-PT\",\"@id\":\"https:\/\/cmn.com.pt\/printhub\/#\/schema\/logo\/image\/\",\"url\":\"https:\/\/cmn.com.pt\/printhub\/wp-content\/uploads\/2022\/07\/Logo-21-e1659456161272.png\",\"contentUrl\":\"https:\/\/cmn.com.pt\/printhub\/wp-content\/uploads\/2022\/07\/Logo-21-e1659456161272.png\",\"width\":149,\"height\":51,\"caption\":\"CMN - Import Export Trading\"},\"image\":{\"@id\":\"https:\/\/cmn.com.pt\/printhub\/#\/schema\/logo\/image\/\"},\"sameAs\":[\"https:\/\/www.facebook.com\/cmn.equipamentos.consumiveis\/\",\"https:\/\/www.instagram.com\/cmn_equipamentos\/\",\"https:\/\/www.linkedin.com\/in\/cmnequipamentoseconsumiveis\",\"https:\/\/www.youtube.com\/channel\/UCGla_lu2IiHeN4oHY2118Tg\"]}]}<\/script>\n<!-- \/ Yoast SEO plugin. -->","yoast_head_json":{"title":"Jateados - PRINTHUB","robots":{"index":"index","follow":"follow","max-snippet":"max-snippet:-1","max-image-preview":"max-image-preview:large","max-video-preview":"max-video-preview:-1"},"canonical":"https:\/\/cmn.com.pt\/printhub\/produto\/imprimax-gama-decor\/jateados-imprimax-deco\/","og_locale":"pt_PT","og_type":"article","og_title":"Jateados - PRINTHUB","og_description":"Jateado Opaco \u00e9 a linha de revestimentos levemente texturizado, aplic\u00e1vel em todos os tipos de decora\u00e7\u00e3o. Jateado Opaco combina com todas as texturas (Rustic, Artistico, Savana, Firenze, Couros) devido ao seu acabamento discreto. Entre os hits desta linha est\u00e3o os novos tons de verde, cor do Ano 2022. Mas fique atento: devido \u00e0 estrutura da superf\u00edcie, evite combinar o Jateado Opaco e Protect Gloss no mesmo ambiente.","og_url":"https:\/\/cmn.com.pt\/printhub\/produto\/imprimax-gama-decor\/jateados-imprimax-deco\/","og_site_name":"PRINTHUB","article_publisher":"https:\/\/www.facebook.com\/cmn.equipamentos.consumiveis\/","article_modified_time":"2024-04-14T23:00:47+00:00","og_image":[{"width":445,"height":401,"url":"https:\/\/cmn.com.pt\/printhub\/wp-content\/uploads\/2024\/04\/jateado-opaco.png","type":"image\/png"}],"twitter_card":"summary_large_image","schema":{"@context":"https:\/\/schema.org","@graph":[{"@type":"WebPage","@id":"https:\/\/cmn.com.pt\/printhub\/produto\/imprimax-gama-decor\/jateados-imprimax-deco\/","url":"https:\/\/cmn.com.pt\/printhub\/produto\/imprimax-gama-decor\/jateados-imprimax-deco\/","name":"Jateados - PRINTHUB","isPartOf":{"@id":"https:\/\/cmn.com.pt\/printhub\/#website"},"datePublished":"2024-04-09T15:35:04+00:00","dateModified":"2024-04-14T23:00:47+00:00","breadcrumb":{"@id":"https:\/\/cmn.com.pt\/printhub\/produto\/imprimax-gama-decor\/jateados-imprimax-deco\/#breadcrumb"},"inLanguage":"pt-PT","potentialAction":[{"@type":"ReadAction","target":["https:\/\/cmn.com.pt\/printhub\/produto\/imprimax-gama-decor\/jateados-imprimax-deco\/"]}]},{"@type":"BreadcrumbList","@id":"https:\/\/cmn.com.pt\/printhub\/produto\/imprimax-gama-decor\/jateados-imprimax-deco\/#breadcrumb","itemListElement":[{"@type":"ListItem","position":1,"name":"In\u00edcio","item":"https:\/\/cmn.com.pt\/printhub\/"},{"@type":"ListItem","position":2,"name":"Produtos","item":"https:\/\/cmn.com.pt\/printhub\/produtos\/"},{"@type":"ListItem","position":3,"name":"Jateados"}]},{"@type":"WebSite","@id":"https:\/\/cmn.com.pt\/printhub\/#website","url":"https:\/\/cmn.com.pt\/printhub\/","name":"CMN Equipamentos e Consum\u00edveis","description":"Equipamentos e Consum\u00edveis de Impress\u00e3o, Lda","publisher":{"@id":"https:\/\/cmn.com.pt\/printhub\/#organization"},"alternateName":"Empresa de Com\u00e9rcio e Repara\u00e7\u00e3o de equipamentos de impress\u00e3o de grande e pequeno formato, venda de Consum\u00edveis e materiais","potentialAction":[{"@type":"SearchAction","target":{"@type":"EntryPoint","urlTemplate":"https:\/\/cmn.com.pt\/printhub\/?s={search_term_string}"},"query-input":"required name=search_term_string"}],"inLanguage":"pt-PT"},{"@type":"Organization","@id":"https:\/\/cmn.com.pt\/printhub\/#organization","name":"CMN - Import Export Trading","url":"https:\/\/cmn.com.pt\/printhub\/","logo":{"@type":"ImageObject","inLanguage":"pt-PT","@id":"https:\/\/cmn.com.pt\/printhub\/#\/schema\/logo\/image\/","url":"https:\/\/cmn.com.pt\/printhub\/wp-content\/uploads\/2022\/07\/Logo-21-e1659456161272.png","contentUrl":"https:\/\/cmn.com.pt\/printhub\/wp-content\/uploads\/2022\/07\/Logo-21-e1659456161272.png","width":149,"height":51,"caption":"CMN - Import Export Trading"},"image":{"@id":"https:\/\/cmn.com.pt\/printhub\/#\/schema\/logo\/image\/"},"sameAs":["https:\/\/www.facebook.com\/cmn.equipamentos.consumiveis\/","https:\/\/www.instagram.com\/cmn_equipamentos\/","https:\/\/www.linkedin.com\/in\/cmnequipamentoseconsumiveis","https:\/\/www.youtube.com\/channel\/UCGla_lu2IiHeN4oHY2118Tg"]}]}},"_links":{"self":[{"href":"https:\/\/cmn.com.pt\/printhub\/wp-json\/wp\/v2\/product\/54486","targetHints":{"allow":["GET"]}}],"collection":[{"href":"https:\/\/cmn.com.pt\/printhub\/wp-json\/wp\/v2\/product"}],"about":[{"href":"https:\/\/cmn.com.pt\/printhub\/wp-json\/wp\/v2\/types\/product"}],"replies":[{"embeddable":true,"href":"https:\/\/cmn.com.pt\/printhub\/wp-json\/wp\/v2\/comments?post=54486"}],"version-history":[{"count":6,"href":"https:\/\/cmn.com.pt\/printhub\/wp-json\/wp\/v2\/product\/54486\/revisions"}],"predecessor-version":[{"id":54725,"href":"https:\/\/cmn.com.pt\/printhub\/wp-json\/wp\/v2\/product\/54486\/revisions\/54725"}],"wp:featuredmedia":[{"embeddable":true,"href":"https:\/\/cmn.com.pt\/printhub\/wp-json\/wp\/v2\/media\/54525"}],"wp:attachment":[{"href":"https:\/\/cmn.com.pt\/printhub\/wp-json\/wp\/v2\/media?parent=54486"}],"wp:term":[{"taxonomy":"product_cat","embeddable":true,"href":"https:\/\/cmn.com.pt\/printhub\/wp-json\/wp\/v2\/product_cat?post=54486"},{"taxonomy":"product_tag","embeddable":true,"href":"https:\/\/cmn.com.pt\/printhub\/wp-json\/wp\/v2\/product_tag?post=54486"}],"curies":[{"name":"wp","href":"https:\/\/api.w.org\/{rel}","templated":true}]}}