{"id":54550,"date":"2024-04-11T09:36:14","date_gmt":"2024-04-11T09:36:14","guid":{"rendered":"https:\/\/cmn.com.pt\/printhub\/?post_type=product&#038;p=54550"},"modified":"2024-04-13T21:55:31","modified_gmt":"2024-04-13T21:55:31","slug":"gold-escovado-imprimax-deco","status":"publish","type":"product","link":"https:\/\/cmn.com.pt\/printhub\/produto\/imprimax-gama-decor\/gold-escovado-imprimax-deco\/","title":{"rendered":"Gold Escovado"},"content":{"rendered":"<p>Gold Escovado \u00e9 o revestimento perfeito para projetos<br \/>\ncorporativos como balc\u00f5es, detalhes em paredes, portas<br \/>\nde passagem e fachadas internas. Para potencializar o efeito<br \/>\nescovado desta linha utilize a ilumina\u00e7\u00e3o de spots ou<br \/>\nsanca iluminada. Outra dica valiosa \u00e9 sempre observar a<br \/>\n\u201ctemperatura\u201d do material para fazer as combina\u00e7\u00f5es: Escovado<br \/>\nDourado ou Cobre com cores quentes, Escovado<br \/>\nCinza ou Prata com cores frias.<\/p>\n","protected":false},"excerpt":{"rendered":"<p>Gold Escovado \u00e9 o revestimento perfeito para projetos corporativos como balc\u00f5es, detalhes em paredes, portas de passagem e fachadas internas. Para potencializar o efeito escovado desta linha utilize a ilumina\u00e7\u00e3o de spots ou sanca iluminada. Outra dica valiosa \u00e9 sempre observar a \u201ctemperatura\u201d do material para fazer as combina\u00e7\u00f5es: Escovado Dourado ou Cobre com cores [&hellip;]<\/p>\n","protected":false},"featured_media":54691,"comment_status":"closed","ping_status":"closed","template":"","meta":{"content-type":""},"product_cat":[9901],"product_tag":[],"class_list":["post-54550","product","type-product","status-publish","has-post-thumbnail","hentry","product_cat-imprimax-gama-decor"],"yoast_head":"<!-- This site is optimized with the Yoast SEO plugin v20.4 - https:\/\/yoast.com\/wordpress\/plugins\/seo\/ -->\n<title>Gold Escovado - PRINTHUB<\/title>\n<meta name=\"robots\" content=\"index, follow, max-snippet:-1, max-image-preview:large, max-video-preview:-1\" \/>\n<link rel=\"canonical\" href=\"https:\/\/cmn.com.pt\/printhub\/produto\/imprimax-gama-decor\/gold-escovado-imprimax-deco\/\" \/>\n<meta property=\"og:locale\" content=\"pt_PT\" \/>\n<meta property=\"og:type\" content=\"article\" \/>\n<meta property=\"og:title\" content=\"Gold Escovado - PRINTHUB\" \/>\n<meta property=\"og:description\" content=\"Gold Escovado \u00e9 o revestimento perfeito para projetos corporativos como balc\u00f5es, detalhes em paredes, portas de passagem e fachadas internas. Para potencializar o efeito escovado desta linha utilize a ilumina\u00e7\u00e3o de spots ou sanca iluminada. Outra dica valiosa \u00e9 sempre observar a \u201ctemperatura\u201d do material para fazer as combina\u00e7\u00f5es: Escovado Dourado ou Cobre com cores [&hellip;]\" \/>\n<meta property=\"og:url\" content=\"https:\/\/cmn.com.pt\/printhub\/produto\/imprimax-gama-decor\/gold-escovado-imprimax-deco\/\" \/>\n<meta property=\"og:site_name\" content=\"PRINTHUB\" \/>\n<meta property=\"article:publisher\" content=\"https:\/\/www.facebook.com\/cmn.equipamentos.consumiveis\/\" \/>\n<meta property=\"article:modified_time\" content=\"2024-04-13T21:55:31+00:00\" \/>\n<meta property=\"og:image\" content=\"https:\/\/cmn.com.pt\/printhub\/wp-content\/uploads\/2024\/04\/gold-escovado.png\" \/>\n\t<meta property=\"og:image:width\" content=\"372\" \/>\n\t<meta property=\"og:image:height\" content=\"381\" \/>\n\t<meta property=\"og:image:type\" content=\"image\/png\" \/>\n<meta name=\"twitter:card\" content=\"summary_large_image\" \/>\n<meta name=\"twitter:label1\" content=\"Tempo estimado de leitura\" \/>\n\t<meta name=\"twitter:data1\" content=\"1 minuto\" \/>\n<script type=\"application\/ld+json\" class=\"yoast-schema-graph\">{\"@context\":\"https:\/\/schema.org\",\"@graph\":[{\"@type\":\"WebPage\",\"@id\":\"https:\/\/cmn.com.pt\/printhub\/produto\/imprimax-gama-decor\/gold-escovado-imprimax-deco\/\",\"url\":\"https:\/\/cmn.com.pt\/printhub\/produto\/imprimax-gama-decor\/gold-escovado-imprimax-deco\/\",\"name\":\"Gold Escovado - PRINTHUB\",\"isPartOf\":{\"@id\":\"https:\/\/cmn.com.pt\/printhub\/#website\"},\"datePublished\":\"2024-04-11T09:36:14+00:00\",\"dateModified\":\"2024-04-13T21:55:31+00:00\",\"breadcrumb\":{\"@id\":\"https:\/\/cmn.com.pt\/printhub\/produto\/imprimax-gama-decor\/gold-escovado-imprimax-deco\/#breadcrumb\"},\"inLanguage\":\"pt-PT\",\"potentialAction\":[{\"@type\":\"ReadAction\",\"target\":[\"https:\/\/cmn.com.pt\/printhub\/produto\/imprimax-gama-decor\/gold-escovado-imprimax-deco\/\"]}]},{\"@type\":\"BreadcrumbList\",\"@id\":\"https:\/\/cmn.com.pt\/printhub\/produto\/imprimax-gama-decor\/gold-escovado-imprimax-deco\/#breadcrumb\",\"itemListElement\":[{\"@type\":\"ListItem\",\"position\":1,\"name\":\"In\u00edcio\",\"item\":\"https:\/\/cmn.com.pt\/printhub\/\"},{\"@type\":\"ListItem\",\"position\":2,\"name\":\"Produtos\",\"item\":\"https:\/\/cmn.com.pt\/printhub\/produtos\/\"},{\"@type\":\"ListItem\",\"position\":3,\"name\":\"Gold Escovado\"}]},{\"@type\":\"WebSite\",\"@id\":\"https:\/\/cmn.com.pt\/printhub\/#website\",\"url\":\"https:\/\/cmn.com.pt\/printhub\/\",\"name\":\"CMN Equipamentos e Consum\u00edveis\",\"description\":\"Equipamentos e Consum\u00edveis de Impress\u00e3o, Lda\",\"publisher\":{\"@id\":\"https:\/\/cmn.com.pt\/printhub\/#organization\"},\"alternateName\":\"Empresa de Com\u00e9rcio e Repara\u00e7\u00e3o de equipamentos de impress\u00e3o de grande e pequeno formato, venda de Consum\u00edveis e materiais\",\"potentialAction\":[{\"@type\":\"SearchAction\",\"target\":{\"@type\":\"EntryPoint\",\"urlTemplate\":\"https:\/\/cmn.com.pt\/printhub\/?s={search_term_string}\"},\"query-input\":\"required name=search_term_string\"}],\"inLanguage\":\"pt-PT\"},{\"@type\":\"Organization\",\"@id\":\"https:\/\/cmn.com.pt\/printhub\/#organization\",\"name\":\"CMN - Import Export Trading\",\"url\":\"https:\/\/cmn.com.pt\/printhub\/\",\"logo\":{\"@type\":\"ImageObject\",\"inLanguage\":\"pt-PT\",\"@id\":\"https:\/\/cmn.com.pt\/printhub\/#\/schema\/logo\/image\/\",\"url\":\"https:\/\/cmn.com.pt\/printhub\/wp-content\/uploads\/2022\/07\/Logo-21-e1659456161272.png\",\"contentUrl\":\"https:\/\/cmn.com.pt\/printhub\/wp-content\/uploads\/2022\/07\/Logo-21-e1659456161272.png\",\"width\":149,\"height\":51,\"caption\":\"CMN - Import Export Trading\"},\"image\":{\"@id\":\"https:\/\/cmn.com.pt\/printhub\/#\/schema\/logo\/image\/\"},\"sameAs\":[\"https:\/\/www.facebook.com\/cmn.equipamentos.consumiveis\/\",\"https:\/\/www.instagram.com\/cmn_equipamentos\/\",\"https:\/\/www.linkedin.com\/in\/cmnequipamentoseconsumiveis\",\"https:\/\/www.youtube.com\/channel\/UCGla_lu2IiHeN4oHY2118Tg\"]}]}<\/script>\n<!-- \/ Yoast SEO plugin. -->","yoast_head_json":{"title":"Gold Escovado - PRINTHUB","robots":{"index":"index","follow":"follow","max-snippet":"max-snippet:-1","max-image-preview":"max-image-preview:large","max-video-preview":"max-video-preview:-1"},"canonical":"https:\/\/cmn.com.pt\/printhub\/produto\/imprimax-gama-decor\/gold-escovado-imprimax-deco\/","og_locale":"pt_PT","og_type":"article","og_title":"Gold Escovado - PRINTHUB","og_description":"Gold Escovado \u00e9 o revestimento perfeito para projetos corporativos como balc\u00f5es, detalhes em paredes, portas de passagem e fachadas internas. Para potencializar o efeito escovado desta linha utilize a ilumina\u00e7\u00e3o de spots ou sanca iluminada. Outra dica valiosa \u00e9 sempre observar a \u201ctemperatura\u201d do material para fazer as combina\u00e7\u00f5es: Escovado Dourado ou Cobre com cores [&hellip;]","og_url":"https:\/\/cmn.com.pt\/printhub\/produto\/imprimax-gama-decor\/gold-escovado-imprimax-deco\/","og_site_name":"PRINTHUB","article_publisher":"https:\/\/www.facebook.com\/cmn.equipamentos.consumiveis\/","article_modified_time":"2024-04-13T21:55:31+00:00","og_image":[{"width":372,"height":381,"url":"https:\/\/cmn.com.pt\/printhub\/wp-content\/uploads\/2024\/04\/gold-escovado.png","type":"image\/png"}],"twitter_card":"summary_large_image","twitter_misc":{"Tempo estimado de leitura":"1 minuto"},"schema":{"@context":"https:\/\/schema.org","@graph":[{"@type":"WebPage","@id":"https:\/\/cmn.com.pt\/printhub\/produto\/imprimax-gama-decor\/gold-escovado-imprimax-deco\/","url":"https:\/\/cmn.com.pt\/printhub\/produto\/imprimax-gama-decor\/gold-escovado-imprimax-deco\/","name":"Gold Escovado - PRINTHUB","isPartOf":{"@id":"https:\/\/cmn.com.pt\/printhub\/#website"},"datePublished":"2024-04-11T09:36:14+00:00","dateModified":"2024-04-13T21:55:31+00:00","breadcrumb":{"@id":"https:\/\/cmn.com.pt\/printhub\/produto\/imprimax-gama-decor\/gold-escovado-imprimax-deco\/#breadcrumb"},"inLanguage":"pt-PT","potentialAction":[{"@type":"ReadAction","target":["https:\/\/cmn.com.pt\/printhub\/produto\/imprimax-gama-decor\/gold-escovado-imprimax-deco\/"]}]},{"@type":"BreadcrumbList","@id":"https:\/\/cmn.com.pt\/printhub\/produto\/imprimax-gama-decor\/gold-escovado-imprimax-deco\/#breadcrumb","itemListElement":[{"@type":"ListItem","position":1,"name":"In\u00edcio","item":"https:\/\/cmn.com.pt\/printhub\/"},{"@type":"ListItem","position":2,"name":"Produtos","item":"https:\/\/cmn.com.pt\/printhub\/produtos\/"},{"@type":"ListItem","position":3,"name":"Gold Escovado"}]},{"@type":"WebSite","@id":"https:\/\/cmn.com.pt\/printhub\/#website","url":"https:\/\/cmn.com.pt\/printhub\/","name":"CMN Equipamentos e Consum\u00edveis","description":"Equipamentos e Consum\u00edveis de Impress\u00e3o, Lda","publisher":{"@id":"https:\/\/cmn.com.pt\/printhub\/#organization"},"alternateName":"Empresa de Com\u00e9rcio e Repara\u00e7\u00e3o de equipamentos de impress\u00e3o de grande e pequeno formato, venda de Consum\u00edveis e materiais","potentialAction":[{"@type":"SearchAction","target":{"@type":"EntryPoint","urlTemplate":"https:\/\/cmn.com.pt\/printhub\/?s={search_term_string}"},"query-input":"required name=search_term_string"}],"inLanguage":"pt-PT"},{"@type":"Organization","@id":"https:\/\/cmn.com.pt\/printhub\/#organization","name":"CMN - Import Export Trading","url":"https:\/\/cmn.com.pt\/printhub\/","logo":{"@type":"ImageObject","inLanguage":"pt-PT","@id":"https:\/\/cmn.com.pt\/printhub\/#\/schema\/logo\/image\/","url":"https:\/\/cmn.com.pt\/printhub\/wp-content\/uploads\/2022\/07\/Logo-21-e1659456161272.png","contentUrl":"https:\/\/cmn.com.pt\/printhub\/wp-content\/uploads\/2022\/07\/Logo-21-e1659456161272.png","width":149,"height":51,"caption":"CMN - Import Export Trading"},"image":{"@id":"https:\/\/cmn.com.pt\/printhub\/#\/schema\/logo\/image\/"},"sameAs":["https:\/\/www.facebook.com\/cmn.equipamentos.consumiveis\/","https:\/\/www.instagram.com\/cmn_equipamentos\/","https:\/\/www.linkedin.com\/in\/cmnequipamentoseconsumiveis","https:\/\/www.youtube.com\/channel\/UCGla_lu2IiHeN4oHY2118Tg"]}]}},"_links":{"self":[{"href":"https:\/\/cmn.com.pt\/printhub\/wp-json\/wp\/v2\/product\/54550","targetHints":{"allow":["GET"]}}],"collection":[{"href":"https:\/\/cmn.com.pt\/printhub\/wp-json\/wp\/v2\/product"}],"about":[{"href":"https:\/\/cmn.com.pt\/printhub\/wp-json\/wp\/v2\/types\/product"}],"replies":[{"embeddable":true,"href":"https:\/\/cmn.com.pt\/printhub\/wp-json\/wp\/v2\/comments?post=54550"}],"version-history":[{"count":4,"href":"https:\/\/cmn.com.pt\/printhub\/wp-json\/wp\/v2\/product\/54550\/revisions"}],"predecessor-version":[{"id":54714,"href":"https:\/\/cmn.com.pt\/printhub\/wp-json\/wp\/v2\/product\/54550\/revisions\/54714"}],"wp:featuredmedia":[{"embeddable":true,"href":"https:\/\/cmn.com.pt\/printhub\/wp-json\/wp\/v2\/media\/54691"}],"wp:attachment":[{"href":"https:\/\/cmn.com.pt\/printhub\/wp-json\/wp\/v2\/media?parent=54550"}],"wp:term":[{"taxonomy":"product_cat","embeddable":true,"href":"https:\/\/cmn.com.pt\/printhub\/wp-json\/wp\/v2\/product_cat?post=54550"},{"taxonomy":"product_tag","embeddable":true,"href":"https:\/\/cmn.com.pt\/printhub\/wp-json\/wp\/v2\/product_tag?post=54550"}],"curies":[{"name":"wp","href":"https:\/\/api.w.org\/{rel}","templated":true}]}}