{"id":54665,"date":"2024-04-11T13:51:33","date_gmt":"2024-04-11T13:51:33","guid":{"rendered":"https:\/\/cmn.com.pt\/printhub\/?post_type=product&#038;p=54665"},"modified":"2025-06-27T11:09:35","modified_gmt":"2025-06-27T11:09:35","slug":"filme-roll-up-neschen","status":"publish","type":"product","link":"https:\/\/cmn.com.pt\/printhub\/produto\/consumiveis\/filme-roll-up-neschen\/","title":{"rendered":"Neschen Filme Roll Up"},"content":{"rendered":"<p>solvoprint\u00ae PP nolite 210 \u00e9 um filme PP opaco, fosco e branco projetado para displays enrol\u00e1veis. Caracteriza-se pela sua boa resist\u00eancia a riscos e permite uma qualidade de impress\u00e3o fotorrealista. Assim, a m\u00eddia de impress\u00e3o pode ser usada na maioria das aplica\u00e7\u00f5es sem um laminado protetor adicional. O fundo prateado confere ao produto uma apar\u00eancia de alta qualidade e tamb\u00e9m cria alta opacidade. Devido \u00e0 propriedade antiondula\u00e7\u00e3o, o solvoprint\u00ae PP nolite 210 oferece boa planicidade, o que o torna ideal para uso em aplica\u00e7\u00f5es profissionais de publicidade interna, como estandes de feiras ou pontos de venda.<br \/>\nsolvoprint\u00ae PP nolite 210 pode ser impresso com tintas (eco) solventes e l\u00e1tex.<\/p>\n","protected":false},"excerpt":{"rendered":"<p>solvoprint\u00ae PP nolite 210 \u00e9 um filme PP opaco, fosco e branco projetado para displays enrol\u00e1veis. Caracteriza-se pela sua boa resist\u00eancia a riscos e permite uma qualidade de impress\u00e3o fotorrealista. Assim, a m\u00eddia de impress\u00e3o pode ser usada na maioria das aplica\u00e7\u00f5es sem um laminado protetor adicional. O fundo prateado confere ao produto uma apar\u00eancia [&hellip;]<\/p>\n","protected":false},"featured_media":54746,"comment_status":"closed","ping_status":"closed","template":"","meta":{"content-type":""},"product_cat":[9878,10114,9943],"product_tag":[],"class_list":["post-54665","product","type-product","status-publish","has-post-thumbnail","hentry","product_cat-consumiveis","product_cat-filme-de-roll-up","product_cat-neschen-easydot"],"yoast_head":"<!-- This site is optimized with the Yoast SEO plugin v20.4 - https:\/\/yoast.com\/wordpress\/plugins\/seo\/ -->\n<title>Neschen Filme Roll Up - PRINTHUB<\/title>\n<meta name=\"robots\" content=\"index, follow, max-snippet:-1, max-image-preview:large, max-video-preview:-1\" \/>\n<link rel=\"canonical\" href=\"https:\/\/cmn.com.pt\/printhub\/produto\/consumiveis\/filme-roll-up-neschen\/\" \/>\n<meta property=\"og:locale\" content=\"pt_PT\" \/>\n<meta property=\"og:type\" content=\"article\" \/>\n<meta property=\"og:title\" content=\"Neschen Filme Roll Up - PRINTHUB\" \/>\n<meta property=\"og:description\" content=\"solvoprint\u00ae PP nolite 210 \u00e9 um filme PP opaco, fosco e branco projetado para displays enrol\u00e1veis. Caracteriza-se pela sua boa resist\u00eancia a riscos e permite uma qualidade de impress\u00e3o fotorrealista. Assim, a m\u00eddia de impress\u00e3o pode ser usada na maioria das aplica\u00e7\u00f5es sem um laminado protetor adicional. O fundo prateado confere ao produto uma apar\u00eancia [&hellip;]\" \/>\n<meta property=\"og:url\" content=\"https:\/\/cmn.com.pt\/printhub\/produto\/consumiveis\/filme-roll-up-neschen\/\" \/>\n<meta property=\"og:site_name\" content=\"PRINTHUB\" \/>\n<meta property=\"article:publisher\" content=\"https:\/\/www.facebook.com\/cmn.equipamentos.consumiveis\/\" \/>\n<meta property=\"article:modified_time\" content=\"2025-06-27T11:09:35+00:00\" \/>\n<meta property=\"og:image\" content=\"https:\/\/cmn.com.pt\/printhub\/wp-content\/uploads\/2024\/04\/neschen_print_media_banner_plot-it-e1713300404478.jpg\" \/>\n\t<meta property=\"og:image:width\" content=\"758\" \/>\n\t<meta property=\"og:image:height\" content=\"599\" \/>\n\t<meta property=\"og:image:type\" content=\"image\/jpeg\" \/>\n<meta name=\"twitter:card\" content=\"summary_large_image\" \/>\n<meta name=\"twitter:label1\" content=\"Tempo estimado de leitura\" \/>\n\t<meta name=\"twitter:data1\" content=\"1 minuto\" \/>\n<script type=\"application\/ld+json\" class=\"yoast-schema-graph\">{\"@context\":\"https:\/\/schema.org\",\"@graph\":[{\"@type\":\"WebPage\",\"@id\":\"https:\/\/cmn.com.pt\/printhub\/produto\/consumiveis\/filme-roll-up-neschen\/\",\"url\":\"https:\/\/cmn.com.pt\/printhub\/produto\/consumiveis\/filme-roll-up-neschen\/\",\"name\":\"Neschen Filme Roll Up - PRINTHUB\",\"isPartOf\":{\"@id\":\"https:\/\/cmn.com.pt\/printhub\/#website\"},\"datePublished\":\"2024-04-11T13:51:33+00:00\",\"dateModified\":\"2025-06-27T11:09:35+00:00\",\"breadcrumb\":{\"@id\":\"https:\/\/cmn.com.pt\/printhub\/produto\/consumiveis\/filme-roll-up-neschen\/#breadcrumb\"},\"inLanguage\":\"pt-PT\",\"potentialAction\":[{\"@type\":\"ReadAction\",\"target\":[\"https:\/\/cmn.com.pt\/printhub\/produto\/consumiveis\/filme-roll-up-neschen\/\"]}]},{\"@type\":\"BreadcrumbList\",\"@id\":\"https:\/\/cmn.com.pt\/printhub\/produto\/consumiveis\/filme-roll-up-neschen\/#breadcrumb\",\"itemListElement\":[{\"@type\":\"ListItem\",\"position\":1,\"name\":\"In\u00edcio\",\"item\":\"https:\/\/cmn.com.pt\/printhub\/\"},{\"@type\":\"ListItem\",\"position\":2,\"name\":\"Produtos\",\"item\":\"https:\/\/cmn.com.pt\/printhub\/produtos\/\"},{\"@type\":\"ListItem\",\"position\":3,\"name\":\"Neschen Filme Roll Up\"}]},{\"@type\":\"WebSite\",\"@id\":\"https:\/\/cmn.com.pt\/printhub\/#website\",\"url\":\"https:\/\/cmn.com.pt\/printhub\/\",\"name\":\"CMN Equipamentos e Consum\u00edveis\",\"description\":\"Equipamentos e Consum\u00edveis de Impress\u00e3o, Lda\",\"publisher\":{\"@id\":\"https:\/\/cmn.com.pt\/printhub\/#organization\"},\"alternateName\":\"Empresa de Com\u00e9rcio e Repara\u00e7\u00e3o de equipamentos de impress\u00e3o de grande e pequeno formato, venda de Consum\u00edveis e materiais\",\"potentialAction\":[{\"@type\":\"SearchAction\",\"target\":{\"@type\":\"EntryPoint\",\"urlTemplate\":\"https:\/\/cmn.com.pt\/printhub\/?s={search_term_string}\"},\"query-input\":\"required name=search_term_string\"}],\"inLanguage\":\"pt-PT\"},{\"@type\":\"Organization\",\"@id\":\"https:\/\/cmn.com.pt\/printhub\/#organization\",\"name\":\"CMN - Import Export Trading\",\"url\":\"https:\/\/cmn.com.pt\/printhub\/\",\"logo\":{\"@type\":\"ImageObject\",\"inLanguage\":\"pt-PT\",\"@id\":\"https:\/\/cmn.com.pt\/printhub\/#\/schema\/logo\/image\/\",\"url\":\"https:\/\/cmn.com.pt\/printhub\/wp-content\/uploads\/2022\/07\/Logo-21-e1659456161272.png\",\"contentUrl\":\"https:\/\/cmn.com.pt\/printhub\/wp-content\/uploads\/2022\/07\/Logo-21-e1659456161272.png\",\"width\":149,\"height\":51,\"caption\":\"CMN - Import Export Trading\"},\"image\":{\"@id\":\"https:\/\/cmn.com.pt\/printhub\/#\/schema\/logo\/image\/\"},\"sameAs\":[\"https:\/\/www.facebook.com\/cmn.equipamentos.consumiveis\/\",\"https:\/\/www.instagram.com\/cmn_equipamentos\/\",\"https:\/\/www.linkedin.com\/in\/cmnequipamentoseconsumiveis\",\"https:\/\/www.youtube.com\/channel\/UCGla_lu2IiHeN4oHY2118Tg\"]}]}<\/script>\n<!-- \/ Yoast SEO plugin. -->","yoast_head_json":{"title":"Neschen Filme Roll Up - PRINTHUB","robots":{"index":"index","follow":"follow","max-snippet":"max-snippet:-1","max-image-preview":"max-image-preview:large","max-video-preview":"max-video-preview:-1"},"canonical":"https:\/\/cmn.com.pt\/printhub\/produto\/consumiveis\/filme-roll-up-neschen\/","og_locale":"pt_PT","og_type":"article","og_title":"Neschen Filme Roll Up - PRINTHUB","og_description":"solvoprint\u00ae PP nolite 210 \u00e9 um filme PP opaco, fosco e branco projetado para displays enrol\u00e1veis. Caracteriza-se pela sua boa resist\u00eancia a riscos e permite uma qualidade de impress\u00e3o fotorrealista. Assim, a m\u00eddia de impress\u00e3o pode ser usada na maioria das aplica\u00e7\u00f5es sem um laminado protetor adicional. O fundo prateado confere ao produto uma apar\u00eancia [&hellip;]","og_url":"https:\/\/cmn.com.pt\/printhub\/produto\/consumiveis\/filme-roll-up-neschen\/","og_site_name":"PRINTHUB","article_publisher":"https:\/\/www.facebook.com\/cmn.equipamentos.consumiveis\/","article_modified_time":"2025-06-27T11:09:35+00:00","og_image":[{"width":758,"height":599,"url":"https:\/\/cmn.com.pt\/printhub\/wp-content\/uploads\/2024\/04\/neschen_print_media_banner_plot-it-e1713300404478.jpg","type":"image\/jpeg"}],"twitter_card":"summary_large_image","twitter_misc":{"Tempo estimado de leitura":"1 minuto"},"schema":{"@context":"https:\/\/schema.org","@graph":[{"@type":"WebPage","@id":"https:\/\/cmn.com.pt\/printhub\/produto\/consumiveis\/filme-roll-up-neschen\/","url":"https:\/\/cmn.com.pt\/printhub\/produto\/consumiveis\/filme-roll-up-neschen\/","name":"Neschen Filme Roll Up - PRINTHUB","isPartOf":{"@id":"https:\/\/cmn.com.pt\/printhub\/#website"},"datePublished":"2024-04-11T13:51:33+00:00","dateModified":"2025-06-27T11:09:35+00:00","breadcrumb":{"@id":"https:\/\/cmn.com.pt\/printhub\/produto\/consumiveis\/filme-roll-up-neschen\/#breadcrumb"},"inLanguage":"pt-PT","potentialAction":[{"@type":"ReadAction","target":["https:\/\/cmn.com.pt\/printhub\/produto\/consumiveis\/filme-roll-up-neschen\/"]}]},{"@type":"BreadcrumbList","@id":"https:\/\/cmn.com.pt\/printhub\/produto\/consumiveis\/filme-roll-up-neschen\/#breadcrumb","itemListElement":[{"@type":"ListItem","position":1,"name":"In\u00edcio","item":"https:\/\/cmn.com.pt\/printhub\/"},{"@type":"ListItem","position":2,"name":"Produtos","item":"https:\/\/cmn.com.pt\/printhub\/produtos\/"},{"@type":"ListItem","position":3,"name":"Neschen Filme Roll Up"}]},{"@type":"WebSite","@id":"https:\/\/cmn.com.pt\/printhub\/#website","url":"https:\/\/cmn.com.pt\/printhub\/","name":"CMN Equipamentos e Consum\u00edveis","description":"Equipamentos e Consum\u00edveis de Impress\u00e3o, Lda","publisher":{"@id":"https:\/\/cmn.com.pt\/printhub\/#organization"},"alternateName":"Empresa de Com\u00e9rcio e Repara\u00e7\u00e3o de equipamentos de impress\u00e3o de grande e pequeno formato, venda de Consum\u00edveis e materiais","potentialAction":[{"@type":"SearchAction","target":{"@type":"EntryPoint","urlTemplate":"https:\/\/cmn.com.pt\/printhub\/?s={search_term_string}"},"query-input":"required name=search_term_string"}],"inLanguage":"pt-PT"},{"@type":"Organization","@id":"https:\/\/cmn.com.pt\/printhub\/#organization","name":"CMN - Import Export Trading","url":"https:\/\/cmn.com.pt\/printhub\/","logo":{"@type":"ImageObject","inLanguage":"pt-PT","@id":"https:\/\/cmn.com.pt\/printhub\/#\/schema\/logo\/image\/","url":"https:\/\/cmn.com.pt\/printhub\/wp-content\/uploads\/2022\/07\/Logo-21-e1659456161272.png","contentUrl":"https:\/\/cmn.com.pt\/printhub\/wp-content\/uploads\/2022\/07\/Logo-21-e1659456161272.png","width":149,"height":51,"caption":"CMN - Import Export Trading"},"image":{"@id":"https:\/\/cmn.com.pt\/printhub\/#\/schema\/logo\/image\/"},"sameAs":["https:\/\/www.facebook.com\/cmn.equipamentos.consumiveis\/","https:\/\/www.instagram.com\/cmn_equipamentos\/","https:\/\/www.linkedin.com\/in\/cmnequipamentoseconsumiveis","https:\/\/www.youtube.com\/channel\/UCGla_lu2IiHeN4oHY2118Tg"]}]}},"_links":{"self":[{"href":"https:\/\/cmn.com.pt\/printhub\/wp-json\/wp\/v2\/product\/54665","targetHints":{"allow":["GET"]}}],"collection":[{"href":"https:\/\/cmn.com.pt\/printhub\/wp-json\/wp\/v2\/product"}],"about":[{"href":"https:\/\/cmn.com.pt\/printhub\/wp-json\/wp\/v2\/types\/product"}],"replies":[{"embeddable":true,"href":"https:\/\/cmn.com.pt\/printhub\/wp-json\/wp\/v2\/comments?post=54665"}],"version-history":[{"count":4,"href":"https:\/\/cmn.com.pt\/printhub\/wp-json\/wp\/v2\/product\/54665\/revisions"}],"predecessor-version":[{"id":54781,"href":"https:\/\/cmn.com.pt\/printhub\/wp-json\/wp\/v2\/product\/54665\/revisions\/54781"}],"wp:featuredmedia":[{"embeddable":true,"href":"https:\/\/cmn.com.pt\/printhub\/wp-json\/wp\/v2\/media\/54746"}],"wp:attachment":[{"href":"https:\/\/cmn.com.pt\/printhub\/wp-json\/wp\/v2\/media?parent=54665"}],"wp:term":[{"taxonomy":"product_cat","embeddable":true,"href":"https:\/\/cmn.com.pt\/printhub\/wp-json\/wp\/v2\/product_cat?post=54665"},{"taxonomy":"product_tag","embeddable":true,"href":"https:\/\/cmn.com.pt\/printhub\/wp-json\/wp\/v2\/product_tag?post=54665"}],"curies":[{"name":"wp","href":"https:\/\/api.w.org\/{rel}","templated":true}]}}