{"id":55111,"date":"2024-11-28T21:38:39","date_gmt":"2024-11-28T21:38:39","guid":{"rendered":"https:\/\/cmn.com.pt\/printhub\/?post_type=product&#038;p=55111"},"modified":"2025-12-16T16:52:25","modified_gmt":"2025-12-16T16:52:25","slug":"versastudio-uv-bd-8","status":"publish","type":"product","link":"https:\/\/cmn.com.pt\/printhub\/produto\/roland\/versastudio-uv-bd-8\/","title":{"rendered":"BD-8 VersaSTUDIO UV Led"},"content":{"rendered":"<p class=\"yellowed\">VersaSTUDIO<\/p>\n<p class=\"yellowed\">Impressora Plana UV de Mesa DB-8<\/p>\n","protected":false},"excerpt":{"rendered":"<p>&nbsp;<\/p>\n<div class=\"col-md-6\">\n<div class=\"row\">\n<div class=\"col-md-12\">\n<h1 class=\"h2\"><b>VersaSTUDIO<\/b>\u00a0<span id=\"overview\"><\/span><b>BD-8<\/b><\/h1>\n<h1 class=\"h2\"><em>Impressora plana UV de secret\u00e1ria<\/em><\/h1>\n<\/div>\n<\/div>\n<div class=\"price-block row\">\n<ul class=\"list-unstyled list-inline\">\n<li><\/li>\n<\/ul>\n<\/div>\n<\/div>\n<div class=\"col-md-6\">\n<p>A extraordin\u00e1ria personaliza\u00e7\u00e3o de produtos come\u00e7a aqui. A nova VersaSTUDIO BD-8 permite que qualquer pessoa, mesmo sem qualquer experi\u00eancia anterior, imprima de forma r\u00e1pida e f\u00e1cil gr\u00e1ficos vibrantes e detalhados numa vasta gama de objetos.<\/p>\n<p>Ainda melhor, a BD-8 encaixa na sua secret\u00e1ria, tornando-a ideal para utiliza\u00e7\u00e3o em empresas dom\u00e9sticas, pequenos escrit\u00f3rios, espa\u00e7os de venda a retalho e salas de aula. Com uma BD-8, \u00e9 f\u00e1cil acrescentar valor e apelo a artigos como capas de telem\u00f3vel, estojos de cosm\u00e9ticos, acess\u00f3rios de moda, lembran\u00e7as desportivas, presentes, garrafas e muito mais.<\/p>\n<\/div>\n","protected":false},"featured_media":55112,"comment_status":"closed","ping_status":"closed","template":"","meta":{"content-type":""},"product_cat":[9902,9944],"product_tag":[10112],"class_list":["post-55111","product","type-product","status-publish","has-post-thumbnail","hentry","product_cat-roland","product_cat-uv-led","product_tag-tecnologia-uv-led","product_shipping_class-classe-6"],"yoast_head":"<!-- This site is optimized with the Yoast SEO plugin v20.4 - https:\/\/yoast.com\/wordpress\/plugins\/seo\/ -->\n<title>BD-8 VersaSTUDIO UV Led - PRINTHUB<\/title>\n<meta name=\"description\" content=\"Solicite a sua Demo\" \/>\n<meta name=\"robots\" content=\"index, follow, max-snippet:-1, max-image-preview:large, max-video-preview:-1\" \/>\n<link rel=\"canonical\" href=\"https:\/\/cmn.com.pt\/printhub\/produto\/roland\/versastudio-uv-bd-8\/\" \/>\n<meta property=\"og:locale\" content=\"pt_PT\" \/>\n<meta property=\"og:type\" content=\"article\" \/>\n<meta property=\"og:title\" content=\"BD-8 VersaSTUDIO UV Led - PRINTHUB\" \/>\n<meta property=\"og:description\" content=\"Solicite a sua Demo\" \/>\n<meta property=\"og:url\" content=\"https:\/\/cmn.com.pt\/printhub\/produto\/roland\/versastudio-uv-bd-8\/\" \/>\n<meta property=\"og:site_name\" content=\"PRINTHUB\" \/>\n<meta property=\"article:publisher\" content=\"https:\/\/www.facebook.com\/cmn.equipamentos.consumiveis\/\" \/>\n<meta property=\"article:modified_time\" content=\"2025-12-16T16:52:25+00:00\" \/>\n<meta property=\"og:image\" content=\"https:\/\/cmn.com.pt\/printhub\/wp-content\/uploads\/2024\/11\/VersaStudio-DB-8_1.jpg\" \/>\n\t<meta property=\"og:image:width\" content=\"291\" \/>\n\t<meta property=\"og:image:height\" content=\"173\" \/>\n\t<meta property=\"og:image:type\" content=\"image\/jpeg\" \/>\n<meta name=\"twitter:card\" content=\"summary_large_image\" \/>\n<meta name=\"twitter:label1\" content=\"Tempo estimado de leitura\" \/>\n\t<meta name=\"twitter:data1\" content=\"1 minuto\" \/>\n<script type=\"application\/ld+json\" class=\"yoast-schema-graph\">{\"@context\":\"https:\/\/schema.org\",\"@graph\":[{\"@type\":\"WebPage\",\"@id\":\"https:\/\/cmn.com.pt\/printhub\/produto\/roland\/versastudio-uv-bd-8\/\",\"url\":\"https:\/\/cmn.com.pt\/printhub\/produto\/roland\/versastudio-uv-bd-8\/\",\"name\":\"BD-8 VersaSTUDIO UV Led - PRINTHUB\",\"isPartOf\":{\"@id\":\"https:\/\/cmn.com.pt\/printhub\/#website\"},\"datePublished\":\"2024-11-28T21:38:39+00:00\",\"dateModified\":\"2025-12-16T16:52:25+00:00\",\"description\":\"Solicite a sua Demo\",\"breadcrumb\":{\"@id\":\"https:\/\/cmn.com.pt\/printhub\/produto\/roland\/versastudio-uv-bd-8\/#breadcrumb\"},\"inLanguage\":\"pt-PT\",\"potentialAction\":[{\"@type\":\"ReadAction\",\"target\":[\"https:\/\/cmn.com.pt\/printhub\/produto\/roland\/versastudio-uv-bd-8\/\"]}]},{\"@type\":\"BreadcrumbList\",\"@id\":\"https:\/\/cmn.com.pt\/printhub\/produto\/roland\/versastudio-uv-bd-8\/#breadcrumb\",\"itemListElement\":[{\"@type\":\"ListItem\",\"position\":1,\"name\":\"In\u00edcio\",\"item\":\"https:\/\/cmn.com.pt\/printhub\/\"},{\"@type\":\"ListItem\",\"position\":2,\"name\":\"Produtos\",\"item\":\"https:\/\/cmn.com.pt\/printhub\/produtos\/\"},{\"@type\":\"ListItem\",\"position\":3,\"name\":\"BD-8 VersaSTUDIO UV Led\"}]},{\"@type\":\"WebSite\",\"@id\":\"https:\/\/cmn.com.pt\/printhub\/#website\",\"url\":\"https:\/\/cmn.com.pt\/printhub\/\",\"name\":\"CMN Equipamentos e Consum\u00edveis\",\"description\":\"Equipamentos e Consum\u00edveis de Impress\u00e3o, Lda\",\"publisher\":{\"@id\":\"https:\/\/cmn.com.pt\/printhub\/#organization\"},\"alternateName\":\"Empresa de Com\u00e9rcio e Repara\u00e7\u00e3o de equipamentos de impress\u00e3o de grande e pequeno formato, venda de Consum\u00edveis e materiais\",\"potentialAction\":[{\"@type\":\"SearchAction\",\"target\":{\"@type\":\"EntryPoint\",\"urlTemplate\":\"https:\/\/cmn.com.pt\/printhub\/?s={search_term_string}\"},\"query-input\":\"required name=search_term_string\"}],\"inLanguage\":\"pt-PT\"},{\"@type\":\"Organization\",\"@id\":\"https:\/\/cmn.com.pt\/printhub\/#organization\",\"name\":\"CMN - Import Export Trading\",\"url\":\"https:\/\/cmn.com.pt\/printhub\/\",\"logo\":{\"@type\":\"ImageObject\",\"inLanguage\":\"pt-PT\",\"@id\":\"https:\/\/cmn.com.pt\/printhub\/#\/schema\/logo\/image\/\",\"url\":\"https:\/\/cmn.com.pt\/printhub\/wp-content\/uploads\/2022\/07\/Logo-21-e1659456161272.png\",\"contentUrl\":\"https:\/\/cmn.com.pt\/printhub\/wp-content\/uploads\/2022\/07\/Logo-21-e1659456161272.png\",\"width\":149,\"height\":51,\"caption\":\"CMN - Import Export Trading\"},\"image\":{\"@id\":\"https:\/\/cmn.com.pt\/printhub\/#\/schema\/logo\/image\/\"},\"sameAs\":[\"https:\/\/www.facebook.com\/cmn.equipamentos.consumiveis\/\",\"https:\/\/www.instagram.com\/cmn_equipamentos\/\",\"https:\/\/www.linkedin.com\/in\/cmnequipamentoseconsumiveis\",\"https:\/\/www.youtube.com\/channel\/UCGla_lu2IiHeN4oHY2118Tg\"]}]}<\/script>\n<!-- \/ Yoast SEO plugin. -->","yoast_head_json":{"title":"BD-8 VersaSTUDIO UV Led - PRINTHUB","description":"Solicite a sua Demo","robots":{"index":"index","follow":"follow","max-snippet":"max-snippet:-1","max-image-preview":"max-image-preview:large","max-video-preview":"max-video-preview:-1"},"canonical":"https:\/\/cmn.com.pt\/printhub\/produto\/roland\/versastudio-uv-bd-8\/","og_locale":"pt_PT","og_type":"article","og_title":"BD-8 VersaSTUDIO UV Led - PRINTHUB","og_description":"Solicite a sua Demo","og_url":"https:\/\/cmn.com.pt\/printhub\/produto\/roland\/versastudio-uv-bd-8\/","og_site_name":"PRINTHUB","article_publisher":"https:\/\/www.facebook.com\/cmn.equipamentos.consumiveis\/","article_modified_time":"2025-12-16T16:52:25+00:00","og_image":[{"width":291,"height":173,"url":"https:\/\/cmn.com.pt\/printhub\/wp-content\/uploads\/2024\/11\/VersaStudio-DB-8_1.jpg","type":"image\/jpeg"}],"twitter_card":"summary_large_image","twitter_misc":{"Tempo estimado de leitura":"1 minuto"},"schema":{"@context":"https:\/\/schema.org","@graph":[{"@type":"WebPage","@id":"https:\/\/cmn.com.pt\/printhub\/produto\/roland\/versastudio-uv-bd-8\/","url":"https:\/\/cmn.com.pt\/printhub\/produto\/roland\/versastudio-uv-bd-8\/","name":"BD-8 VersaSTUDIO UV Led - PRINTHUB","isPartOf":{"@id":"https:\/\/cmn.com.pt\/printhub\/#website"},"datePublished":"2024-11-28T21:38:39+00:00","dateModified":"2025-12-16T16:52:25+00:00","description":"Solicite a sua Demo","breadcrumb":{"@id":"https:\/\/cmn.com.pt\/printhub\/produto\/roland\/versastudio-uv-bd-8\/#breadcrumb"},"inLanguage":"pt-PT","potentialAction":[{"@type":"ReadAction","target":["https:\/\/cmn.com.pt\/printhub\/produto\/roland\/versastudio-uv-bd-8\/"]}]},{"@type":"BreadcrumbList","@id":"https:\/\/cmn.com.pt\/printhub\/produto\/roland\/versastudio-uv-bd-8\/#breadcrumb","itemListElement":[{"@type":"ListItem","position":1,"name":"In\u00edcio","item":"https:\/\/cmn.com.pt\/printhub\/"},{"@type":"ListItem","position":2,"name":"Produtos","item":"https:\/\/cmn.com.pt\/printhub\/produtos\/"},{"@type":"ListItem","position":3,"name":"BD-8 VersaSTUDIO UV Led"}]},{"@type":"WebSite","@id":"https:\/\/cmn.com.pt\/printhub\/#website","url":"https:\/\/cmn.com.pt\/printhub\/","name":"CMN Equipamentos e Consum\u00edveis","description":"Equipamentos e Consum\u00edveis de Impress\u00e3o, Lda","publisher":{"@id":"https:\/\/cmn.com.pt\/printhub\/#organization"},"alternateName":"Empresa de Com\u00e9rcio e Repara\u00e7\u00e3o de equipamentos de impress\u00e3o de grande e pequeno formato, venda de Consum\u00edveis e materiais","potentialAction":[{"@type":"SearchAction","target":{"@type":"EntryPoint","urlTemplate":"https:\/\/cmn.com.pt\/printhub\/?s={search_term_string}"},"query-input":"required name=search_term_string"}],"inLanguage":"pt-PT"},{"@type":"Organization","@id":"https:\/\/cmn.com.pt\/printhub\/#organization","name":"CMN - Import Export Trading","url":"https:\/\/cmn.com.pt\/printhub\/","logo":{"@type":"ImageObject","inLanguage":"pt-PT","@id":"https:\/\/cmn.com.pt\/printhub\/#\/schema\/logo\/image\/","url":"https:\/\/cmn.com.pt\/printhub\/wp-content\/uploads\/2022\/07\/Logo-21-e1659456161272.png","contentUrl":"https:\/\/cmn.com.pt\/printhub\/wp-content\/uploads\/2022\/07\/Logo-21-e1659456161272.png","width":149,"height":51,"caption":"CMN - Import Export Trading"},"image":{"@id":"https:\/\/cmn.com.pt\/printhub\/#\/schema\/logo\/image\/"},"sameAs":["https:\/\/www.facebook.com\/cmn.equipamentos.consumiveis\/","https:\/\/www.instagram.com\/cmn_equipamentos\/","https:\/\/www.linkedin.com\/in\/cmnequipamentoseconsumiveis","https:\/\/www.youtube.com\/channel\/UCGla_lu2IiHeN4oHY2118Tg"]}]}},"_links":{"self":[{"href":"https:\/\/cmn.com.pt\/printhub\/wp-json\/wp\/v2\/product\/55111","targetHints":{"allow":["GET"]}}],"collection":[{"href":"https:\/\/cmn.com.pt\/printhub\/wp-json\/wp\/v2\/product"}],"about":[{"href":"https:\/\/cmn.com.pt\/printhub\/wp-json\/wp\/v2\/types\/product"}],"replies":[{"embeddable":true,"href":"https:\/\/cmn.com.pt\/printhub\/wp-json\/wp\/v2\/comments?post=55111"}],"version-history":[{"count":4,"href":"https:\/\/cmn.com.pt\/printhub\/wp-json\/wp\/v2\/product\/55111\/revisions"}],"predecessor-version":[{"id":55264,"href":"https:\/\/cmn.com.pt\/printhub\/wp-json\/wp\/v2\/product\/55111\/revisions\/55264"}],"wp:featuredmedia":[{"embeddable":true,"href":"https:\/\/cmn.com.pt\/printhub\/wp-json\/wp\/v2\/media\/55112"}],"wp:attachment":[{"href":"https:\/\/cmn.com.pt\/printhub\/wp-json\/wp\/v2\/media?parent=55111"}],"wp:term":[{"taxonomy":"product_cat","embeddable":true,"href":"https:\/\/cmn.com.pt\/printhub\/wp-json\/wp\/v2\/product_cat?post=55111"},{"taxonomy":"product_tag","embeddable":true,"href":"https:\/\/cmn.com.pt\/printhub\/wp-json\/wp\/v2\/product_tag?post=55111"}],"curies":[{"name":"wp","href":"https:\/\/api.w.org\/{rel}","templated":true}]}}