{"id":55378,"date":"2025-02-27T23:10:58","date_gmt":"2025-02-27T23:10:58","guid":{"rendered":"https:\/\/cmn.com.pt\/printhub\/?post_type=product&#038;p=55378"},"modified":"2025-02-27T23:29:05","modified_gmt":"2025-02-27T23:29:05","slug":"prensa-manual-ph230-base-23x30cm","status":"publish","type":"product","link":"https:\/\/cmn.com.pt\/printhub\/produto\/prensas\/prensa-manual-ph230-base-23x30cm\/","title":{"rendered":"Prensa Manual  PH230B | Base 23x30cm"},"content":{"rendered":"","protected":false},"excerpt":{"rendered":"<h4>Prensa Manual PH230B | Base 23x30cm<\/h4>\n<h4 class=\"page_title\">Easy Press Mini port\u00e1til sublima\u00e7\u00e3o camiseta m\u00e1quina de prensa t\u00e9rmica<\/h4>\n<p>Ref.: <strong>PH230B<\/strong><\/p>\n<p>Uma mais nova vers\u00e3o mini port\u00e1til de nossa popular prensa t\u00e9rmica de bra\u00e7o oscilante. Esta m\u00e1quina aplica transfer\u00eancias em muitos itens de superf\u00edcie plana, como tecido, metal, madeira, cer\u00e2mica e vidro. Crie suas pr\u00f3prias camisetas personalizadas, mouse pads, sacolas, placas de ve\u00edculos e muitos outros itens exclusivos e divertidos.<\/p>\n<ul>\n<li><em>Estilo: <\/em>Mini prensa t\u00e9rmica girat\u00f3ria<\/li>\n<li><em>Caracter\u00edsticas: <\/em>Oscil\u00e1vel\/intercambi\u00e1vel\/manual<\/li>\n<li><em>Tamanho da placa: <\/em>23x30cm<\/li>\n<li><em>Dimens\u00e3o: <\/em>40&#215;34,5x37cm<\/li>\n<li><em>Certificado: <\/em>CE (EMC, LVD, RoHS)<\/li>\n<li><em>Garantia: <\/em>12 meses<\/li>\n<\/ul>\n<p>&nbsp;<\/p>\n","protected":false},"featured_media":55386,"comment_status":"closed","ping_status":"closed","template":"","meta":{"content-type":""},"product_cat":[9935],"product_tag":[8841],"class_list":["post-55378","product","type-product","status-publish","has-post-thumbnail","hentry","product_cat-prensas","product_tag-prensas-termicas","product_shipping_class-classe-5"],"yoast_head":"<!-- This site is optimized with the Yoast SEO plugin v20.4 - https:\/\/yoast.com\/wordpress\/plugins\/seo\/ -->\n<title>Prensa Manual PH230B | Base 23x30cm - PRINTHUB<\/title>\n<meta name=\"robots\" content=\"index, follow, max-snippet:-1, max-image-preview:large, max-video-preview:-1\" \/>\n<link rel=\"canonical\" href=\"https:\/\/cmn.com.pt\/printhub\/produto\/prensas\/prensa-manual-ph230-base-23x30cm\/\" \/>\n<meta property=\"og:locale\" content=\"pt_PT\" \/>\n<meta property=\"og:type\" content=\"article\" \/>\n<meta property=\"og:title\" content=\"Prensa Manual PH230B | Base 23x30cm - PRINTHUB\" \/>\n<meta property=\"og:description\" content=\"Prensa Manual PH230B | Base 23x30cm Easy Press Mini port\u00e1til sublima\u00e7\u00e3o camiseta m\u00e1quina de prensa t\u00e9rmica Ref.: PH230B  Uma mais nova vers\u00e3o mini port\u00e1til de nossa popular prensa t\u00e9rmica de bra\u00e7o oscilante. Esta m\u00e1quina aplica transfer\u00eancias em muitos itens de superf\u00edcie plana, como tecido, metal, madeira, cer\u00e2mica e vidro. Crie suas pr\u00f3prias camisetas personalizadas, mouse pads, sacolas, placas de ve\u00edculos e muitos outros itens exclusivos e divertidos.   Estilo: Mini prensa t\u00e9rmica girat\u00f3ria  Caracter\u00edsticas: Oscil\u00e1vel\/intercambi\u00e1vel\/manual  Tamanho da placa: 23x30cm  Dimens\u00e3o: 40x34,5x37cm  Certificado: CE (EMC, LVD, RoHS)  Garantia: 12 meses  &nbsp;\" \/>\n<meta property=\"og:url\" content=\"https:\/\/cmn.com.pt\/printhub\/produto\/prensas\/prensa-manual-ph230-base-23x30cm\/\" \/>\n<meta property=\"og:site_name\" content=\"PRINTHUB\" \/>\n<meta property=\"article:publisher\" content=\"https:\/\/www.facebook.com\/cmn.equipamentos.consumiveis\/\" \/>\n<meta property=\"article:modified_time\" content=\"2025-02-27T23:29:05+00:00\" \/>\n<meta property=\"og:image\" content=\"https:\/\/cmn.com.pt\/printhub\/wp-content\/uploads\/2025\/02\/prensa-PH230H4.png\" \/>\n\t<meta property=\"og:image:width\" content=\"400\" \/>\n\t<meta property=\"og:image:height\" content=\"430\" \/>\n\t<meta property=\"og:image:type\" content=\"image\/png\" \/>\n<meta name=\"twitter:card\" content=\"summary_large_image\" \/>\n<script type=\"application\/ld+json\" class=\"yoast-schema-graph\">{\"@context\":\"https:\/\/schema.org\",\"@graph\":[{\"@type\":\"WebPage\",\"@id\":\"https:\/\/cmn.com.pt\/printhub\/produto\/prensas\/prensa-manual-ph230-base-23x30cm\/\",\"url\":\"https:\/\/cmn.com.pt\/printhub\/produto\/prensas\/prensa-manual-ph230-base-23x30cm\/\",\"name\":\"Prensa Manual PH230B | Base 23x30cm - PRINTHUB\",\"isPartOf\":{\"@id\":\"https:\/\/cmn.com.pt\/printhub\/#website\"},\"datePublished\":\"2025-02-27T23:10:58+00:00\",\"dateModified\":\"2025-02-27T23:29:05+00:00\",\"breadcrumb\":{\"@id\":\"https:\/\/cmn.com.pt\/printhub\/produto\/prensas\/prensa-manual-ph230-base-23x30cm\/#breadcrumb\"},\"inLanguage\":\"pt-PT\",\"potentialAction\":[{\"@type\":\"ReadAction\",\"target\":[\"https:\/\/cmn.com.pt\/printhub\/produto\/prensas\/prensa-manual-ph230-base-23x30cm\/\"]}]},{\"@type\":\"BreadcrumbList\",\"@id\":\"https:\/\/cmn.com.pt\/printhub\/produto\/prensas\/prensa-manual-ph230-base-23x30cm\/#breadcrumb\",\"itemListElement\":[{\"@type\":\"ListItem\",\"position\":1,\"name\":\"In\u00edcio\",\"item\":\"https:\/\/cmn.com.pt\/printhub\/\"},{\"@type\":\"ListItem\",\"position\":2,\"name\":\"Produtos\",\"item\":\"https:\/\/cmn.com.pt\/printhub\/produtos\/\"},{\"@type\":\"ListItem\",\"position\":3,\"name\":\"Prensa Manual PH230B | Base 23x30cm\"}]},{\"@type\":\"WebSite\",\"@id\":\"https:\/\/cmn.com.pt\/printhub\/#website\",\"url\":\"https:\/\/cmn.com.pt\/printhub\/\",\"name\":\"CMN Equipamentos e Consum\u00edveis\",\"description\":\"Equipamentos e Consum\u00edveis de Impress\u00e3o, Lda\",\"publisher\":{\"@id\":\"https:\/\/cmn.com.pt\/printhub\/#organization\"},\"alternateName\":\"Empresa de Com\u00e9rcio e Repara\u00e7\u00e3o de equipamentos de impress\u00e3o de grande e pequeno formato, venda de Consum\u00edveis e materiais\",\"potentialAction\":[{\"@type\":\"SearchAction\",\"target\":{\"@type\":\"EntryPoint\",\"urlTemplate\":\"https:\/\/cmn.com.pt\/printhub\/?s={search_term_string}\"},\"query-input\":\"required name=search_term_string\"}],\"inLanguage\":\"pt-PT\"},{\"@type\":\"Organization\",\"@id\":\"https:\/\/cmn.com.pt\/printhub\/#organization\",\"name\":\"CMN - Import Export Trading\",\"url\":\"https:\/\/cmn.com.pt\/printhub\/\",\"logo\":{\"@type\":\"ImageObject\",\"inLanguage\":\"pt-PT\",\"@id\":\"https:\/\/cmn.com.pt\/printhub\/#\/schema\/logo\/image\/\",\"url\":\"https:\/\/cmn.com.pt\/printhub\/wp-content\/uploads\/2022\/07\/Logo-21-e1659456161272.png\",\"contentUrl\":\"https:\/\/cmn.com.pt\/printhub\/wp-content\/uploads\/2022\/07\/Logo-21-e1659456161272.png\",\"width\":149,\"height\":51,\"caption\":\"CMN - Import Export Trading\"},\"image\":{\"@id\":\"https:\/\/cmn.com.pt\/printhub\/#\/schema\/logo\/image\/\"},\"sameAs\":[\"https:\/\/www.facebook.com\/cmn.equipamentos.consumiveis\/\",\"https:\/\/www.instagram.com\/cmn_equipamentos\/\",\"https:\/\/www.linkedin.com\/in\/cmnequipamentoseconsumiveis\",\"https:\/\/www.youtube.com\/channel\/UCGla_lu2IiHeN4oHY2118Tg\"]}]}<\/script>\n<!-- \/ Yoast SEO plugin. -->","yoast_head_json":{"title":"Prensa Manual PH230B | Base 23x30cm - PRINTHUB","robots":{"index":"index","follow":"follow","max-snippet":"max-snippet:-1","max-image-preview":"max-image-preview:large","max-video-preview":"max-video-preview:-1"},"canonical":"https:\/\/cmn.com.pt\/printhub\/produto\/prensas\/prensa-manual-ph230-base-23x30cm\/","og_locale":"pt_PT","og_type":"article","og_title":"Prensa Manual PH230B | Base 23x30cm - PRINTHUB","og_description":"Prensa Manual PH230B | Base 23x30cm Easy Press Mini port\u00e1til sublima\u00e7\u00e3o camiseta m\u00e1quina de prensa t\u00e9rmica Ref.: PH230B  Uma mais nova vers\u00e3o mini port\u00e1til de nossa popular prensa t\u00e9rmica de bra\u00e7o oscilante. Esta m\u00e1quina aplica transfer\u00eancias em muitos itens de superf\u00edcie plana, como tecido, metal, madeira, cer\u00e2mica e vidro. Crie suas pr\u00f3prias camisetas personalizadas, mouse pads, sacolas, placas de ve\u00edculos e muitos outros itens exclusivos e divertidos.   Estilo: Mini prensa t\u00e9rmica girat\u00f3ria  Caracter\u00edsticas: Oscil\u00e1vel\/intercambi\u00e1vel\/manual  Tamanho da placa: 23x30cm  Dimens\u00e3o: 40x34,5x37cm  Certificado: CE (EMC, LVD, RoHS)  Garantia: 12 meses  &nbsp;","og_url":"https:\/\/cmn.com.pt\/printhub\/produto\/prensas\/prensa-manual-ph230-base-23x30cm\/","og_site_name":"PRINTHUB","article_publisher":"https:\/\/www.facebook.com\/cmn.equipamentos.consumiveis\/","article_modified_time":"2025-02-27T23:29:05+00:00","og_image":[{"width":400,"height":430,"url":"https:\/\/cmn.com.pt\/printhub\/wp-content\/uploads\/2025\/02\/prensa-PH230H4.png","type":"image\/png"}],"twitter_card":"summary_large_image","schema":{"@context":"https:\/\/schema.org","@graph":[{"@type":"WebPage","@id":"https:\/\/cmn.com.pt\/printhub\/produto\/prensas\/prensa-manual-ph230-base-23x30cm\/","url":"https:\/\/cmn.com.pt\/printhub\/produto\/prensas\/prensa-manual-ph230-base-23x30cm\/","name":"Prensa Manual PH230B | Base 23x30cm - PRINTHUB","isPartOf":{"@id":"https:\/\/cmn.com.pt\/printhub\/#website"},"datePublished":"2025-02-27T23:10:58+00:00","dateModified":"2025-02-27T23:29:05+00:00","breadcrumb":{"@id":"https:\/\/cmn.com.pt\/printhub\/produto\/prensas\/prensa-manual-ph230-base-23x30cm\/#breadcrumb"},"inLanguage":"pt-PT","potentialAction":[{"@type":"ReadAction","target":["https:\/\/cmn.com.pt\/printhub\/produto\/prensas\/prensa-manual-ph230-base-23x30cm\/"]}]},{"@type":"BreadcrumbList","@id":"https:\/\/cmn.com.pt\/printhub\/produto\/prensas\/prensa-manual-ph230-base-23x30cm\/#breadcrumb","itemListElement":[{"@type":"ListItem","position":1,"name":"In\u00edcio","item":"https:\/\/cmn.com.pt\/printhub\/"},{"@type":"ListItem","position":2,"name":"Produtos","item":"https:\/\/cmn.com.pt\/printhub\/produtos\/"},{"@type":"ListItem","position":3,"name":"Prensa Manual PH230B | Base 23x30cm"}]},{"@type":"WebSite","@id":"https:\/\/cmn.com.pt\/printhub\/#website","url":"https:\/\/cmn.com.pt\/printhub\/","name":"CMN Equipamentos e Consum\u00edveis","description":"Equipamentos e Consum\u00edveis de Impress\u00e3o, Lda","publisher":{"@id":"https:\/\/cmn.com.pt\/printhub\/#organization"},"alternateName":"Empresa de Com\u00e9rcio e Repara\u00e7\u00e3o de equipamentos de impress\u00e3o de grande e pequeno formato, venda de Consum\u00edveis e materiais","potentialAction":[{"@type":"SearchAction","target":{"@type":"EntryPoint","urlTemplate":"https:\/\/cmn.com.pt\/printhub\/?s={search_term_string}"},"query-input":"required name=search_term_string"}],"inLanguage":"pt-PT"},{"@type":"Organization","@id":"https:\/\/cmn.com.pt\/printhub\/#organization","name":"CMN - Import Export Trading","url":"https:\/\/cmn.com.pt\/printhub\/","logo":{"@type":"ImageObject","inLanguage":"pt-PT","@id":"https:\/\/cmn.com.pt\/printhub\/#\/schema\/logo\/image\/","url":"https:\/\/cmn.com.pt\/printhub\/wp-content\/uploads\/2022\/07\/Logo-21-e1659456161272.png","contentUrl":"https:\/\/cmn.com.pt\/printhub\/wp-content\/uploads\/2022\/07\/Logo-21-e1659456161272.png","width":149,"height":51,"caption":"CMN - Import Export Trading"},"image":{"@id":"https:\/\/cmn.com.pt\/printhub\/#\/schema\/logo\/image\/"},"sameAs":["https:\/\/www.facebook.com\/cmn.equipamentos.consumiveis\/","https:\/\/www.instagram.com\/cmn_equipamentos\/","https:\/\/www.linkedin.com\/in\/cmnequipamentoseconsumiveis","https:\/\/www.youtube.com\/channel\/UCGla_lu2IiHeN4oHY2118Tg"]}]}},"_links":{"self":[{"href":"https:\/\/cmn.com.pt\/printhub\/wp-json\/wp\/v2\/product\/55378","targetHints":{"allow":["GET"]}}],"collection":[{"href":"https:\/\/cmn.com.pt\/printhub\/wp-json\/wp\/v2\/product"}],"about":[{"href":"https:\/\/cmn.com.pt\/printhub\/wp-json\/wp\/v2\/types\/product"}],"replies":[{"embeddable":true,"href":"https:\/\/cmn.com.pt\/printhub\/wp-json\/wp\/v2\/comments?post=55378"}],"version-history":[{"count":4,"href":"https:\/\/cmn.com.pt\/printhub\/wp-json\/wp\/v2\/product\/55378\/revisions"}],"predecessor-version":[{"id":55388,"href":"https:\/\/cmn.com.pt\/printhub\/wp-json\/wp\/v2\/product\/55378\/revisions\/55388"}],"wp:featuredmedia":[{"embeddable":true,"href":"https:\/\/cmn.com.pt\/printhub\/wp-json\/wp\/v2\/media\/55386"}],"wp:attachment":[{"href":"https:\/\/cmn.com.pt\/printhub\/wp-json\/wp\/v2\/media?parent=55378"}],"wp:term":[{"taxonomy":"product_cat","embeddable":true,"href":"https:\/\/cmn.com.pt\/printhub\/wp-json\/wp\/v2\/product_cat?post=55378"},{"taxonomy":"product_tag","embeddable":true,"href":"https:\/\/cmn.com.pt\/printhub\/wp-json\/wp\/v2\/product_tag?post=55378"}],"curies":[{"name":"wp","href":"https:\/\/api.w.org\/{rel}","templated":true}]}}