{"id":55640,"date":"2025-10-08T09:12:36","date_gmt":"2025-10-08T09:12:36","guid":{"rendered":"https:\/\/cmn.com.pt\/printhub\/?post_type=product&#038;p=55640"},"modified":"2025-10-08T09:44:57","modified_gmt":"2025-10-08T09:44:57","slug":"prensa-manual-ph3808-base-38x38cm","status":"publish","type":"product","link":"https:\/\/cmn.com.pt\/printhub\/produto\/prensas\/prensa-manual-ph3808-base-38x38cm\/","title":{"rendered":"Prensa Manual  PH3808 | Base 38x38cm"},"content":{"rendered":"<h3 class=\"tw-data-text tw-text-large tw-ta\" dir=\"ltr\" tabindex=\"-1\" role=\"text\" data-placeholder=\"Tradu\u00e7\u00e3o\" data-ved=\"2ahUKEwjw4dDloJSQAxXJR6QEHdCFLZYQ3ewLegQICxAV\" aria-label=\"Texto traduzido: [QUALIDADE INDUSTRIAL] Esta prensa t\u00e9rmica tipo concha de qualidade industrial adota a mais recente tecnologia de aquecimento e uma placa inferior com patente pendente para melhorar o desempenho da transfer\u00eancia. A estabilidade tamb\u00e9m foi aprimorada com um sensor de temperatura de alta precis\u00e3o e um controlador de tempo preciso, amplamente utilizado em decora\u00e7\u00f5es para casa, presentes personalizados e comemora\u00e7\u00f5es de feriados. [PAINEL DE CONTROLE INTELIGENTE] Esta prensa t\u00e9rmica \u00e9 equipada com um painel de controle preciso, ajudando voc\u00ea a regular com precis\u00e3o a temperatura e o tempo. Ap\u00f3s o t\u00e9rmino do aquecimento, a m\u00e1quina emitir\u00e1 um alarme autom\u00e1tico para lembr\u00e1-lo de retirar os itens. Faixa de temperatura: 0 - 450 \u2109 \/ 0 - 232 \u2103; Controle de tempo: 0 - 999 segundos; Pot\u00eancia: 1000 W; Voltagem: 110 V\/220 V.\"><span class=\"Y2IQFc\" lang=\"pt\"><strong>QUALIDADE INDUSTRIAL<\/strong> &#8211; Esta prensa t\u00e9rmica tipo concha de qualidade industrial adota a mais recente tecnologia de aquecimento e uma placa inferior para melhorar o desempenho da transfer\u00eancia. A estabilidade tamb\u00e9m foi aprimorada com um sensor de temperatura de alta precis\u00e3o e um controlador de tempo preciso, amplamente utilizado em decora\u00e7\u00f5es para casa, presentes personalizados e comemora\u00e7\u00f5es. <strong>PAINEL DE CONTROLE INTELIGENTE<\/strong> &#8211; Esta prensa t\u00e9rmica \u00e9 equipada com um painel de controle preciso, ajudando a regular com precis\u00e3o a temperatura e o tempo. Ap\u00f3s o t\u00e9rmino do aquecimento, a m\u00e1quina emitir\u00e1 um alarme autom\u00e1tico para lembr\u00e1-lo de retirar os itens. Faixa de temperatura: 0 &#8211; 450 \u2109 \/ 0 &#8211; 232 \u2103; Controle de tempo: 0 &#8211; 999 segundos; Pot\u00eancia: 1000 W; Voltagem: 220 V. <\/span><\/h3>\n<div class=\"MjjYud\">\n<div class=\"A6K0A\" data-rpos=\"0\">\n<div class=\"Ww4FFb vt6azd obcontainer wDYxhc\" role=\"presentation\" data-md=\"77\" data-hveid=\"CAsQAA\" data-ved=\"2ahUKEwjw4dDloJSQAxXJR6QEHdCFLZYQkCl6BAgLEAA\">\n<div class=\"EyBRub\" data-kpfbbcast=\"\">\n<div id=\"tw-main\" data-hveid=\"CAsQAQ\">\n<div id=\"tw-container\" class=\"nev7se\" data-cp=\"1\" data-nnttsvi=\"1\" data-sletp=\"false\" data-sm=\"1\" data-ssbp=\"false\" data-sugg-time=\"500\" data-sugg-url=\"https:\/\/clients1.google.com\/complete\/search\" data-uilc=\"pt-PT\" data-vil=\",af,af-ZA,am,am-ET,ar-EG,ar-AE,ar-KW,ar-QA,ar,ar-IL,ar-JO,ar-LB,ar-PS,az,az-AZ,bg,bg-BG,bn,bn-BD,bn-IN,ca,ca-es,cs,cs-CZ,de,de-DE,de-CH,de-AT,de-LI,en,en-US,en-CA,en-AU,en-NZ,en-GB,en-IN,en-KE,en-TZ,en-NG,en-GH,en-PH,en-ZA,es,es-ES,es-AR,es-UY,es-419,es-BO,es-CL,es-CR,es-CO,es-DO,es-EC,es-GT,es-HN,es-NI,es-PA,es-PE,es-PR,es-PY,es-SV,es-VE,es-MX,es-US,eu,eu-ES,fi,fi-FI,fr,fr-FR,fr-CH,fr-BE,gl,gl-ES,gu,gu-IN,he,he-IL,iw,iw-IL,hu,hu-HU,hy,hy-AM,id,id-ID,is,is-IS,it,it-IT,it-CH,ja,ja-JP,jv,jv-ID,ka,ka-GE,km,km-KH,kn,kn-IN,ko,ko-KR,la,lo,lo-LA,lv,lv-LV,ml,ml-IN,mr,mr-IN,ms,ms-MY,nl,nl-NL,nb,nb-NO,ne,ne-NP,pl,pl-PL,pt,pt-BR,pt-PT,ro,ro-RO,ru,ru-RU,si-LK,sk,sk-SK,sr,sr-RS,su,su-ID,sv,sv-SE,sw,sw-TZ,sw-KE,ta,ta-IN,ta-SG,ta-LK,ta-MY,te,te-IN,tr,tr-TR,ur,ur-PK,ur-IN,yue,yue-HK,yue-Hant-HK,zh-HK,zh,zh-CN,zh-cmn,zh-cmn-CN,zh-Hans,zh-Hans-CN,zh-cmn-Hans,zh-cmn-Hans-CN,cmn-CN,cmn-Hans,cmn-Hans-CN,zh-TW,zh-Hant-TW,cmn-TW,cmn-Hant-TW,zh-cmn-TW,zh-cmn-Hant-TW,zu,zu-ZA,hi,hi-IN,tl,tl-PH,pa,pa-IN\">\n<div>\n<div>\n<div id=\"tw-ob\" class=\"tw-src-ltr\">\n<div class=\"oSioSc\">\n<div id=\"tw-target\">\n<div id=\"kAz1tf\" class=\"g9WsWb PZPZlf\" data-attrid=\"tw-targetArea\" data-entityname=\"Google Translate\">\n<div id=\"tw-target-text-container\" class=\"tw-ta-container tw-nfl\" tabindex=\"0\" role=\"text\">\n<h3 id=\"tw-target-text\" class=\"tw-data-text tw-text-large tw-ta\" dir=\"ltr\" tabindex=\"-1\" role=\"text\" data-placeholder=\"Tradu\u00e7\u00e3o\" data-ved=\"2ahUKEwjw4dDloJSQAxXJR6QEHdCFLZYQ3ewLegQICxAV\" aria-label=\"Texto traduzido: [REVESTIMENTO ISOLANTE DE TEFLON] O revolucion\u00e1rio material Teflon reduz a temperatura da superf\u00edcie para uma sensa\u00e7\u00e3o confort\u00e1vel ao corpo. Portanto, \u00e9 menos propenso a arranh\u00f5es. Este tipo de revestimento tamb\u00e9m diminui o risco de ader\u00eancia entre as roupas e a chapa, garantindo um excelente resultado de transfer\u00eancia. [PRESS\u00c3O CENTRALIZADA] Voc\u00ea pode aumentar ou diminuir a press\u00e3o girando o bot\u00e3o de faixa total no sentido hor\u00e1rio ou anti-hor\u00e1rio, de acordo com a espessura do material que est\u00e1 transferindo. Tente algumas vezes para definir a press\u00e3o desejada. A empunhadura de borracha antiderrapante tamb\u00e9m proporciona uma experi\u00eancia de uso confort\u00e1vel. [F\u00c1CIL DE USAR] A prensa t\u00e9rmica para artesanato de 38 cm x 38 cm \u00e9 \u00fatil para fazer presentes para todos os membros da fam\u00edlia ou amigos. Pode ser usada em camisetas, almofadas, bolsas, capas de celular, etc. Transfira rapidamente imagens e personagens coloridas para tecidos como algod\u00e3o, tecido, HTV, cer\u00e2mica, vidro, tecidos, linho, n\u00e1ilon, etc.\"><span class=\"Y2IQFc\" lang=\"pt\"><strong>REVESTIMENTO ISOLANTE DE TEFLON<\/strong> &#8211; O revolucion\u00e1rio material Teflon reduz a temperatura da superf\u00edcie para uma sensa\u00e7\u00e3o confort\u00e1vel ao corpo. Portanto, \u00e9 menos propenso a arranh\u00f5es. Este tipo de revestimento tamb\u00e9m diminui o risco de ader\u00eancia entre as roupas e a chapa, garantindo um excelente resultado de transfer\u00eancia. <strong>PRESS\u00c3O CENTRALIZADA<\/strong> &#8211; Pode aumentar ou diminuir a press\u00e3o girando o bot\u00e3o de faixa total no sentido hor\u00e1rio ou anti-hor\u00e1rio, de acordo com a espessura do material que est\u00e1 transferindo. Tente algumas vezes para definir a press\u00e3o desejada. A esponja de borracha antiderrapante tamb\u00e9m proporciona uma experi\u00eancia de uso confort\u00e1vel. <strong>F\u00c1CIL DE USAR<\/strong><\/span><\/h3>\n<\/div>\n<\/div>\n<\/div>\n<\/div>\n<\/div>\n<\/div>\n<\/div>\n<\/div>\n<\/div>\n<\/div>\n<\/div>\n<\/div>\n<\/div>\n<div class=\"MjjYud\">\n<div class=\"A6K0A\" data-rpos=\"0\">\n<div class=\"Ww4FFb vt6azd obcontainer wDYxhc\" role=\"presentation\" data-md=\"77\" data-hveid=\"CAsQAA\" data-ved=\"2ahUKEwjw4dDloJSQAxXJR6QEHdCFLZYQkCl6BAgLEAA\">\n<div class=\"EyBRub\" data-kpfbbcast=\"\">\n<div id=\"tw-main\" data-hveid=\"CAsQAQ\">\n<div id=\"tw-container\" class=\"nev7se\" data-cp=\"1\" data-nnttsvi=\"1\" data-sletp=\"false\" data-sm=\"1\" data-ssbp=\"false\" data-sugg-time=\"500\" data-sugg-url=\"https:\/\/clients1.google.com\/complete\/search\" data-uilc=\"pt-PT\" data-vil=\",af,af-ZA,am,am-ET,ar-EG,ar-AE,ar-KW,ar-QA,ar,ar-IL,ar-JO,ar-LB,ar-PS,az,az-AZ,bg,bg-BG,bn,bn-BD,bn-IN,ca,ca-es,cs,cs-CZ,de,de-DE,de-CH,de-AT,de-LI,en,en-US,en-CA,en-AU,en-NZ,en-GB,en-IN,en-KE,en-TZ,en-NG,en-GH,en-PH,en-ZA,es,es-ES,es-AR,es-UY,es-419,es-BO,es-CL,es-CR,es-CO,es-DO,es-EC,es-GT,es-HN,es-NI,es-PA,es-PE,es-PR,es-PY,es-SV,es-VE,es-MX,es-US,eu,eu-ES,fi,fi-FI,fr,fr-FR,fr-CH,fr-BE,gl,gl-ES,gu,gu-IN,he,he-IL,iw,iw-IL,hu,hu-HU,hy,hy-AM,id,id-ID,is,is-IS,it,it-IT,it-CH,ja,ja-JP,jv,jv-ID,ka,ka-GE,km,km-KH,kn,kn-IN,ko,ko-KR,la,lo,lo-LA,lv,lv-LV,ml,ml-IN,mr,mr-IN,ms,ms-MY,nl,nl-NL,nb,nb-NO,ne,ne-NP,pl,pl-PL,pt,pt-BR,pt-PT,ro,ro-RO,ru,ru-RU,si-LK,sk,sk-SK,sr,sr-RS,su,su-ID,sv,sv-SE,sw,sw-TZ,sw-KE,ta,ta-IN,ta-SG,ta-LK,ta-MY,te,te-IN,tr,tr-TR,ur,ur-PK,ur-IN,yue,yue-HK,yue-Hant-HK,zh-HK,zh,zh-CN,zh-cmn,zh-cmn-CN,zh-Hans,zh-Hans-CN,zh-cmn-Hans,zh-cmn-Hans-CN,cmn-CN,cmn-Hans,cmn-Hans-CN,zh-TW,zh-Hant-TW,cmn-TW,cmn-Hant-TW,zh-cmn-TW,zh-cmn-Hant-TW,zu,zu-ZA,hi,hi-IN,tl,tl-PH,pa,pa-IN\">\n<div>\n<div>\n<div id=\"tw-images\"><\/div>\n<div class=\"dURPtb\"><\/div>\n<div><\/div>\n<\/div>\n<\/div>\n<\/div>\n<\/div>\n<\/div>\n<\/div>\n<\/div>\n<\/div>\n<h4 id=\"tw-target-text\" class=\"tw-data-text tw-text-large tw-ta\" dir=\"ltr\" tabindex=\"-1\" role=\"text\" data-placeholder=\"Tradu\u00e7\u00e3o\" data-ved=\"2ahUKEwjw4dDloJSQAxXJR6QEHdCFLZYQ3ewLegQICxAV\" aria-label=\"Texto traduzido: [QUALIDADE INDUSTRIAL] Esta prensa t\u00e9rmica tipo concha de qualidade industrial adota a mais recente tecnologia de aquecimento e uma placa inferior com patente pendente para melhorar o desempenho da transfer\u00eancia. A estabilidade tamb\u00e9m foi aprimorada com um sensor de temperatura de alta precis\u00e3o e um controlador de tempo preciso, amplamente utilizado em decora\u00e7\u00f5es para casa, presentes personalizados e comemora\u00e7\u00f5es de feriados. [PAINEL DE CONTROLE INTELIGENTE] Esta prensa t\u00e9rmica \u00e9 equipada com um painel de controle preciso, ajudando voc\u00ea a regular com precis\u00e3o a temperatura e o tempo. Ap\u00f3s o t\u00e9rmino do aquecimento, a m\u00e1quina emitir\u00e1 um alarme autom\u00e1tico para lembr\u00e1-lo de retirar os itens. Faixa de temperatura: 0 - 450 \u2109 \/ 0 - 232 \u2103; Controle de tempo: 0 - 999 segundos; Pot\u00eancia: 1000 W; Voltagem: 110 V\/220 V.\"><\/h4>\n<h4><\/h4>\n","protected":false},"excerpt":{"rendered":"<p>QUALIDADE INDUSTRIAL &#8211; Esta prensa t\u00e9rmica tipo concha de qualidade industrial adota a mais recente tecnologia de aquecimento e uma placa inferior para melhorar o desempenho da transfer\u00eancia. A estabilidade tamb\u00e9m foi aprimorada com um sensor de temperatura de alta precis\u00e3o e um controlador de tempo preciso, amplamente utilizado em decora\u00e7\u00f5es para casa, presentes personalizados [&hellip;]<\/p>\n","protected":false},"featured_media":55644,"comment_status":"closed","ping_status":"closed","template":"","meta":{"content-type":""},"product_cat":[9935],"product_tag":[8841],"class_list":["post-55640","product","type-product","status-publish","has-post-thumbnail","hentry","product_cat-prensas","product_tag-prensas-termicas","product_shipping_class-classe-5"],"yoast_head":"<!-- This site is optimized with the Yoast SEO plugin v20.4 - https:\/\/yoast.com\/wordpress\/plugins\/seo\/ -->\n<title>Prensa Manual PH3808 | Base 38x38cm - PRINTHUB<\/title>\n<meta name=\"robots\" content=\"index, follow, max-snippet:-1, max-image-preview:large, max-video-preview:-1\" \/>\n<link rel=\"canonical\" href=\"https:\/\/cmn.com.pt\/printhub\/produto\/prensas\/prensa-manual-ph3808-base-38x38cm\/\" \/>\n<meta property=\"og:locale\" content=\"pt_PT\" \/>\n<meta property=\"og:type\" content=\"article\" \/>\n<meta property=\"og:title\" content=\"Prensa Manual PH3808 | Base 38x38cm - PRINTHUB\" \/>\n<meta property=\"og:description\" content=\"QUALIDADE INDUSTRIAL &#8211; Esta prensa t\u00e9rmica tipo concha de qualidade industrial adota a mais recente tecnologia de aquecimento e uma placa inferior para melhorar o desempenho da transfer\u00eancia. A estabilidade tamb\u00e9m foi aprimorada com um sensor de temperatura de alta precis\u00e3o e um controlador de tempo preciso, amplamente utilizado em decora\u00e7\u00f5es para casa, presentes personalizados [&hellip;]\" \/>\n<meta property=\"og:url\" content=\"https:\/\/cmn.com.pt\/printhub\/produto\/prensas\/prensa-manual-ph3808-base-38x38cm\/\" \/>\n<meta property=\"og:site_name\" content=\"PRINTHUB\" \/>\n<meta property=\"article:publisher\" content=\"https:\/\/www.facebook.com\/cmn.equipamentos.consumiveis\/\" \/>\n<meta property=\"article:modified_time\" content=\"2025-10-08T09:44:57+00:00\" \/>\n<meta property=\"og:image\" content=\"https:\/\/cmn.com.pt\/printhub\/wp-content\/uploads\/2025\/10\/Craft-Heat-Press-HP380-2-300x300-1.jpg\" \/>\n\t<meta property=\"og:image:width\" content=\"300\" \/>\n\t<meta property=\"og:image:height\" content=\"300\" \/>\n\t<meta property=\"og:image:type\" content=\"image\/jpeg\" \/>\n<meta name=\"twitter:card\" content=\"summary_large_image\" \/>\n<meta name=\"twitter:label1\" content=\"Tempo estimado de leitura\" \/>\n\t<meta name=\"twitter:data1\" content=\"2 minutos\" \/>\n<script type=\"application\/ld+json\" class=\"yoast-schema-graph\">{\"@context\":\"https:\/\/schema.org\",\"@graph\":[{\"@type\":\"WebPage\",\"@id\":\"https:\/\/cmn.com.pt\/printhub\/produto\/prensas\/prensa-manual-ph3808-base-38x38cm\/\",\"url\":\"https:\/\/cmn.com.pt\/printhub\/produto\/prensas\/prensa-manual-ph3808-base-38x38cm\/\",\"name\":\"Prensa Manual PH3808 | Base 38x38cm - PRINTHUB\",\"isPartOf\":{\"@id\":\"https:\/\/cmn.com.pt\/printhub\/#website\"},\"datePublished\":\"2025-10-08T09:12:36+00:00\",\"dateModified\":\"2025-10-08T09:44:57+00:00\",\"breadcrumb\":{\"@id\":\"https:\/\/cmn.com.pt\/printhub\/produto\/prensas\/prensa-manual-ph3808-base-38x38cm\/#breadcrumb\"},\"inLanguage\":\"pt-PT\",\"potentialAction\":[{\"@type\":\"ReadAction\",\"target\":[\"https:\/\/cmn.com.pt\/printhub\/produto\/prensas\/prensa-manual-ph3808-base-38x38cm\/\"]}]},{\"@type\":\"BreadcrumbList\",\"@id\":\"https:\/\/cmn.com.pt\/printhub\/produto\/prensas\/prensa-manual-ph3808-base-38x38cm\/#breadcrumb\",\"itemListElement\":[{\"@type\":\"ListItem\",\"position\":1,\"name\":\"In\u00edcio\",\"item\":\"https:\/\/cmn.com.pt\/printhub\/\"},{\"@type\":\"ListItem\",\"position\":2,\"name\":\"Produtos\",\"item\":\"https:\/\/cmn.com.pt\/printhub\/produtos\/\"},{\"@type\":\"ListItem\",\"position\":3,\"name\":\"Prensa Manual PH3808 | Base 38x38cm\"}]},{\"@type\":\"WebSite\",\"@id\":\"https:\/\/cmn.com.pt\/printhub\/#website\",\"url\":\"https:\/\/cmn.com.pt\/printhub\/\",\"name\":\"CMN Equipamentos e Consum\u00edveis\",\"description\":\"Equipamentos e Consum\u00edveis de Impress\u00e3o, Lda\",\"publisher\":{\"@id\":\"https:\/\/cmn.com.pt\/printhub\/#organization\"},\"alternateName\":\"Empresa de Com\u00e9rcio e Repara\u00e7\u00e3o de equipamentos de impress\u00e3o de grande e pequeno formato, venda de Consum\u00edveis e materiais\",\"potentialAction\":[{\"@type\":\"SearchAction\",\"target\":{\"@type\":\"EntryPoint\",\"urlTemplate\":\"https:\/\/cmn.com.pt\/printhub\/?s={search_term_string}\"},\"query-input\":\"required name=search_term_string\"}],\"inLanguage\":\"pt-PT\"},{\"@type\":\"Organization\",\"@id\":\"https:\/\/cmn.com.pt\/printhub\/#organization\",\"name\":\"CMN - Import Export Trading\",\"url\":\"https:\/\/cmn.com.pt\/printhub\/\",\"logo\":{\"@type\":\"ImageObject\",\"inLanguage\":\"pt-PT\",\"@id\":\"https:\/\/cmn.com.pt\/printhub\/#\/schema\/logo\/image\/\",\"url\":\"https:\/\/cmn.com.pt\/printhub\/wp-content\/uploads\/2022\/07\/Logo-21-e1659456161272.png\",\"contentUrl\":\"https:\/\/cmn.com.pt\/printhub\/wp-content\/uploads\/2022\/07\/Logo-21-e1659456161272.png\",\"width\":149,\"height\":51,\"caption\":\"CMN - Import Export Trading\"},\"image\":{\"@id\":\"https:\/\/cmn.com.pt\/printhub\/#\/schema\/logo\/image\/\"},\"sameAs\":[\"https:\/\/www.facebook.com\/cmn.equipamentos.consumiveis\/\",\"https:\/\/www.instagram.com\/cmn_equipamentos\/\",\"https:\/\/www.linkedin.com\/in\/cmnequipamentoseconsumiveis\",\"https:\/\/www.youtube.com\/channel\/UCGla_lu2IiHeN4oHY2118Tg\"]}]}<\/script>\n<!-- \/ Yoast SEO plugin. -->","yoast_head_json":{"title":"Prensa Manual PH3808 | Base 38x38cm - PRINTHUB","robots":{"index":"index","follow":"follow","max-snippet":"max-snippet:-1","max-image-preview":"max-image-preview:large","max-video-preview":"max-video-preview:-1"},"canonical":"https:\/\/cmn.com.pt\/printhub\/produto\/prensas\/prensa-manual-ph3808-base-38x38cm\/","og_locale":"pt_PT","og_type":"article","og_title":"Prensa Manual PH3808 | Base 38x38cm - PRINTHUB","og_description":"QUALIDADE INDUSTRIAL &#8211; Esta prensa t\u00e9rmica tipo concha de qualidade industrial adota a mais recente tecnologia de aquecimento e uma placa inferior para melhorar o desempenho da transfer\u00eancia. A estabilidade tamb\u00e9m foi aprimorada com um sensor de temperatura de alta precis\u00e3o e um controlador de tempo preciso, amplamente utilizado em decora\u00e7\u00f5es para casa, presentes personalizados [&hellip;]","og_url":"https:\/\/cmn.com.pt\/printhub\/produto\/prensas\/prensa-manual-ph3808-base-38x38cm\/","og_site_name":"PRINTHUB","article_publisher":"https:\/\/www.facebook.com\/cmn.equipamentos.consumiveis\/","article_modified_time":"2025-10-08T09:44:57+00:00","og_image":[{"width":300,"height":300,"url":"https:\/\/cmn.com.pt\/printhub\/wp-content\/uploads\/2025\/10\/Craft-Heat-Press-HP380-2-300x300-1.jpg","type":"image\/jpeg"}],"twitter_card":"summary_large_image","twitter_misc":{"Tempo estimado de leitura":"2 minutos"},"schema":{"@context":"https:\/\/schema.org","@graph":[{"@type":"WebPage","@id":"https:\/\/cmn.com.pt\/printhub\/produto\/prensas\/prensa-manual-ph3808-base-38x38cm\/","url":"https:\/\/cmn.com.pt\/printhub\/produto\/prensas\/prensa-manual-ph3808-base-38x38cm\/","name":"Prensa Manual PH3808 | Base 38x38cm - PRINTHUB","isPartOf":{"@id":"https:\/\/cmn.com.pt\/printhub\/#website"},"datePublished":"2025-10-08T09:12:36+00:00","dateModified":"2025-10-08T09:44:57+00:00","breadcrumb":{"@id":"https:\/\/cmn.com.pt\/printhub\/produto\/prensas\/prensa-manual-ph3808-base-38x38cm\/#breadcrumb"},"inLanguage":"pt-PT","potentialAction":[{"@type":"ReadAction","target":["https:\/\/cmn.com.pt\/printhub\/produto\/prensas\/prensa-manual-ph3808-base-38x38cm\/"]}]},{"@type":"BreadcrumbList","@id":"https:\/\/cmn.com.pt\/printhub\/produto\/prensas\/prensa-manual-ph3808-base-38x38cm\/#breadcrumb","itemListElement":[{"@type":"ListItem","position":1,"name":"In\u00edcio","item":"https:\/\/cmn.com.pt\/printhub\/"},{"@type":"ListItem","position":2,"name":"Produtos","item":"https:\/\/cmn.com.pt\/printhub\/produtos\/"},{"@type":"ListItem","position":3,"name":"Prensa Manual PH3808 | Base 38x38cm"}]},{"@type":"WebSite","@id":"https:\/\/cmn.com.pt\/printhub\/#website","url":"https:\/\/cmn.com.pt\/printhub\/","name":"CMN Equipamentos e Consum\u00edveis","description":"Equipamentos e Consum\u00edveis de Impress\u00e3o, Lda","publisher":{"@id":"https:\/\/cmn.com.pt\/printhub\/#organization"},"alternateName":"Empresa de Com\u00e9rcio e Repara\u00e7\u00e3o de equipamentos de impress\u00e3o de grande e pequeno formato, venda de Consum\u00edveis e materiais","potentialAction":[{"@type":"SearchAction","target":{"@type":"EntryPoint","urlTemplate":"https:\/\/cmn.com.pt\/printhub\/?s={search_term_string}"},"query-input":"required name=search_term_string"}],"inLanguage":"pt-PT"},{"@type":"Organization","@id":"https:\/\/cmn.com.pt\/printhub\/#organization","name":"CMN - Import Export Trading","url":"https:\/\/cmn.com.pt\/printhub\/","logo":{"@type":"ImageObject","inLanguage":"pt-PT","@id":"https:\/\/cmn.com.pt\/printhub\/#\/schema\/logo\/image\/","url":"https:\/\/cmn.com.pt\/printhub\/wp-content\/uploads\/2022\/07\/Logo-21-e1659456161272.png","contentUrl":"https:\/\/cmn.com.pt\/printhub\/wp-content\/uploads\/2022\/07\/Logo-21-e1659456161272.png","width":149,"height":51,"caption":"CMN - Import Export Trading"},"image":{"@id":"https:\/\/cmn.com.pt\/printhub\/#\/schema\/logo\/image\/"},"sameAs":["https:\/\/www.facebook.com\/cmn.equipamentos.consumiveis\/","https:\/\/www.instagram.com\/cmn_equipamentos\/","https:\/\/www.linkedin.com\/in\/cmnequipamentoseconsumiveis","https:\/\/www.youtube.com\/channel\/UCGla_lu2IiHeN4oHY2118Tg"]}]}},"_links":{"self":[{"href":"https:\/\/cmn.com.pt\/printhub\/wp-json\/wp\/v2\/product\/55640","targetHints":{"allow":["GET"]}}],"collection":[{"href":"https:\/\/cmn.com.pt\/printhub\/wp-json\/wp\/v2\/product"}],"about":[{"href":"https:\/\/cmn.com.pt\/printhub\/wp-json\/wp\/v2\/types\/product"}],"replies":[{"embeddable":true,"href":"https:\/\/cmn.com.pt\/printhub\/wp-json\/wp\/v2\/comments?post=55640"}],"version-history":[{"count":8,"href":"https:\/\/cmn.com.pt\/printhub\/wp-json\/wp\/v2\/product\/55640\/revisions"}],"predecessor-version":[{"id":55651,"href":"https:\/\/cmn.com.pt\/printhub\/wp-json\/wp\/v2\/product\/55640\/revisions\/55651"}],"wp:featuredmedia":[{"embeddable":true,"href":"https:\/\/cmn.com.pt\/printhub\/wp-json\/wp\/v2\/media\/55644"}],"wp:attachment":[{"href":"https:\/\/cmn.com.pt\/printhub\/wp-json\/wp\/v2\/media?parent=55640"}],"wp:term":[{"taxonomy":"product_cat","embeddable":true,"href":"https:\/\/cmn.com.pt\/printhub\/wp-json\/wp\/v2\/product_cat?post=55640"},{"taxonomy":"product_tag","embeddable":true,"href":"https:\/\/cmn.com.pt\/printhub\/wp-json\/wp\/v2\/product_tag?post=55640"}],"curies":[{"name":"wp","href":"https:\/\/api.w.org\/{rel}","templated":true}]}}