{"id":55827,"date":"2026-02-06T19:31:01","date_gmt":"2026-02-06T19:31:01","guid":{"rendered":"https:\/\/cmn.com.pt\/printhub\/?post_type=product&#038;p=55827"},"modified":"2026-02-06T19:44:43","modified_gmt":"2026-02-06T19:44:43","slug":"eco-sol-max-cleaning-liquid-esl5-500ml-bottle","status":"publish","type":"product","link":"https:\/\/cmn.com.pt\/printhub\/produto\/tintas-roland\/eco-sol-max-cleaning-liquid-esl5-500ml-bottle\/","title":{"rendered":"Eco-Sol MAX Cleaning Liquid (ESL5) (500ml bottle)"},"content":{"rendered":"","protected":false},"excerpt":{"rendered":"<h3 id=\"tw-target-text\" class=\"tw-data-text tw-text-large tw-ta\" dir=\"ltr\" tabindex=\"-1\" role=\"text\" data-placeholder=\"Tradu\u00e7\u00e3o\" data-ved=\"2ahUKEwiDnMWCzcWSAxVupCcCHfbLLd4Q3ewLegQIDBAW\" aria-label=\"Texto traduzido: Este frasco de 500ml de l\u00edquido de limpeza ESL5 \u00e9 utilizado para limpar e enxaguar o sistema de distribui\u00e7\u00e3o de tinta em todas as impressoras Roland que utilizam tintas Eco-Sol MAX, Eco-Sol MAX 2 e Eco-Sol MAX 3.\"><span class=\"Y2IQFc\" lang=\"pt\">L\u00edquido de limpeza ESL5<\/span><\/h3>\n<h3 class=\"tw-data-text tw-text-large tw-ta\" dir=\"ltr\" tabindex=\"-1\" role=\"text\" data-placeholder=\"Tradu\u00e7\u00e3o\" data-ved=\"2ahUKEwiDnMWCzcWSAxVupCcCHfbLLd4Q3ewLegQIDBAW\" aria-label=\"Texto traduzido: Este frasco de 500ml de l\u00edquido de limpeza ESL5 \u00e9 utilizado para limpar e enxaguar o sistema de distribui\u00e7\u00e3o de tinta em todas as impressoras Roland que utilizam tintas Eco-Sol MAX, Eco-Sol MAX 2 e Eco-Sol MAX 3.\"><span class=\"Y2IQFc\" lang=\"pt\"> Utilizado para limpar e sistema de circula\u00e7\u00e3o da tinta em todas as impressoras Roland que utilizam tintas Eco-Sol MAX, Eco-Sol MAX 2 e Eco-Sol MAX 3.<\/span><\/h3>\n","protected":false},"featured_media":55828,"comment_status":"closed","ping_status":"closed","template":"","meta":{"content-type":""},"product_cat":[9859],"product_tag":[],"class_list":["post-55827","product","type-product","status-publish","has-post-thumbnail","hentry","product_cat-tintas-roland","product_shipping_class-classe-1"],"yoast_head":"<!-- This site is optimized with the Yoast SEO plugin v20.4 - https:\/\/yoast.com\/wordpress\/plugins\/seo\/ -->\n<title>Eco-Sol MAX Cleaning Liquid (ESL5) (500ml bottle) - PRINTHUB<\/title>\n<meta name=\"robots\" content=\"index, follow, max-snippet:-1, max-image-preview:large, max-video-preview:-1\" \/>\n<link rel=\"canonical\" href=\"https:\/\/cmn.com.pt\/printhub\/produto\/tintas-roland\/eco-sol-max-cleaning-liquid-esl5-500ml-bottle\/\" \/>\n<meta property=\"og:locale\" content=\"pt_PT\" \/>\n<meta property=\"og:type\" content=\"article\" \/>\n<meta property=\"og:title\" content=\"Eco-Sol MAX Cleaning Liquid (ESL5) (500ml bottle) - PRINTHUB\" \/>\n<meta property=\"og:description\" content=\"L\u00edquido de limpeza ESL5  Utilizado para limpar e sistema de circula\u00e7\u00e3o da tinta em todas as impressoras Roland que utilizam tintas Eco-Sol MAX, Eco-Sol MAX 2 e Eco-Sol MAX 3.\" \/>\n<meta property=\"og:url\" content=\"https:\/\/cmn.com.pt\/printhub\/produto\/tintas-roland\/eco-sol-max-cleaning-liquid-esl5-500ml-bottle\/\" \/>\n<meta property=\"og:site_name\" content=\"PRINTHUB\" \/>\n<meta property=\"article:publisher\" content=\"https:\/\/www.facebook.com\/cmn.equipamentos.consumiveis\/\" \/>\n<meta property=\"article:modified_time\" content=\"2026-02-06T19:44:43+00:00\" \/>\n<meta property=\"og:image\" content=\"https:\/\/cmn.com.pt\/printhub\/wp-content\/uploads\/2026\/02\/cleaning-liquid-esl5-500ml-bottle-6000007197_550.webp\" \/>\n\t<meta property=\"og:image:width\" content=\"550\" \/>\n\t<meta property=\"og:image:height\" content=\"443\" \/>\n\t<meta property=\"og:image:type\" content=\"image\/webp\" \/>\n<meta name=\"twitter:card\" content=\"summary_large_image\" \/>\n<script type=\"application\/ld+json\" class=\"yoast-schema-graph\">{\"@context\":\"https:\/\/schema.org\",\"@graph\":[{\"@type\":\"WebPage\",\"@id\":\"https:\/\/cmn.com.pt\/printhub\/produto\/tintas-roland\/eco-sol-max-cleaning-liquid-esl5-500ml-bottle\/\",\"url\":\"https:\/\/cmn.com.pt\/printhub\/produto\/tintas-roland\/eco-sol-max-cleaning-liquid-esl5-500ml-bottle\/\",\"name\":\"Eco-Sol MAX Cleaning Liquid (ESL5) (500ml bottle) - PRINTHUB\",\"isPartOf\":{\"@id\":\"https:\/\/cmn.com.pt\/printhub\/#website\"},\"datePublished\":\"2026-02-06T19:31:01+00:00\",\"dateModified\":\"2026-02-06T19:44:43+00:00\",\"breadcrumb\":{\"@id\":\"https:\/\/cmn.com.pt\/printhub\/produto\/tintas-roland\/eco-sol-max-cleaning-liquid-esl5-500ml-bottle\/#breadcrumb\"},\"inLanguage\":\"pt-PT\",\"potentialAction\":[{\"@type\":\"ReadAction\",\"target\":[\"https:\/\/cmn.com.pt\/printhub\/produto\/tintas-roland\/eco-sol-max-cleaning-liquid-esl5-500ml-bottle\/\"]}]},{\"@type\":\"BreadcrumbList\",\"@id\":\"https:\/\/cmn.com.pt\/printhub\/produto\/tintas-roland\/eco-sol-max-cleaning-liquid-esl5-500ml-bottle\/#breadcrumb\",\"itemListElement\":[{\"@type\":\"ListItem\",\"position\":1,\"name\":\"In\u00edcio\",\"item\":\"https:\/\/cmn.com.pt\/printhub\/\"},{\"@type\":\"ListItem\",\"position\":2,\"name\":\"Produtos\",\"item\":\"https:\/\/cmn.com.pt\/printhub\/produtos\/\"},{\"@type\":\"ListItem\",\"position\":3,\"name\":\"Eco-Sol MAX Cleaning Liquid (ESL5) (500ml bottle)\"}]},{\"@type\":\"WebSite\",\"@id\":\"https:\/\/cmn.com.pt\/printhub\/#website\",\"url\":\"https:\/\/cmn.com.pt\/printhub\/\",\"name\":\"CMN Equipamentos e Consum\u00edveis\",\"description\":\"Equipamentos e Consum\u00edveis de Impress\u00e3o, Lda\",\"publisher\":{\"@id\":\"https:\/\/cmn.com.pt\/printhub\/#organization\"},\"alternateName\":\"Empresa de Com\u00e9rcio e Repara\u00e7\u00e3o de equipamentos de impress\u00e3o de grande e pequeno formato, venda de Consum\u00edveis e materiais\",\"potentialAction\":[{\"@type\":\"SearchAction\",\"target\":{\"@type\":\"EntryPoint\",\"urlTemplate\":\"https:\/\/cmn.com.pt\/printhub\/?s={search_term_string}\"},\"query-input\":\"required name=search_term_string\"}],\"inLanguage\":\"pt-PT\"},{\"@type\":\"Organization\",\"@id\":\"https:\/\/cmn.com.pt\/printhub\/#organization\",\"name\":\"CMN - Import Export Trading\",\"url\":\"https:\/\/cmn.com.pt\/printhub\/\",\"logo\":{\"@type\":\"ImageObject\",\"inLanguage\":\"pt-PT\",\"@id\":\"https:\/\/cmn.com.pt\/printhub\/#\/schema\/logo\/image\/\",\"url\":\"https:\/\/cmn.com.pt\/printhub\/wp-content\/uploads\/2022\/07\/Logo-21-e1659456161272.png\",\"contentUrl\":\"https:\/\/cmn.com.pt\/printhub\/wp-content\/uploads\/2022\/07\/Logo-21-e1659456161272.png\",\"width\":149,\"height\":51,\"caption\":\"CMN - Import Export Trading\"},\"image\":{\"@id\":\"https:\/\/cmn.com.pt\/printhub\/#\/schema\/logo\/image\/\"},\"sameAs\":[\"https:\/\/www.facebook.com\/cmn.equipamentos.consumiveis\/\",\"https:\/\/www.instagram.com\/cmn_equipamentos\/\",\"https:\/\/www.linkedin.com\/in\/cmnequipamentoseconsumiveis\",\"https:\/\/www.youtube.com\/channel\/UCGla_lu2IiHeN4oHY2118Tg\"]}]}<\/script>\n<!-- \/ Yoast SEO plugin. -->","yoast_head_json":{"title":"Eco-Sol MAX Cleaning Liquid (ESL5) (500ml bottle) - PRINTHUB","robots":{"index":"index","follow":"follow","max-snippet":"max-snippet:-1","max-image-preview":"max-image-preview:large","max-video-preview":"max-video-preview:-1"},"canonical":"https:\/\/cmn.com.pt\/printhub\/produto\/tintas-roland\/eco-sol-max-cleaning-liquid-esl5-500ml-bottle\/","og_locale":"pt_PT","og_type":"article","og_title":"Eco-Sol MAX Cleaning Liquid (ESL5) (500ml bottle) - PRINTHUB","og_description":"L\u00edquido de limpeza ESL5  Utilizado para limpar e sistema de circula\u00e7\u00e3o da tinta em todas as impressoras Roland que utilizam tintas Eco-Sol MAX, Eco-Sol MAX 2 e Eco-Sol MAX 3.","og_url":"https:\/\/cmn.com.pt\/printhub\/produto\/tintas-roland\/eco-sol-max-cleaning-liquid-esl5-500ml-bottle\/","og_site_name":"PRINTHUB","article_publisher":"https:\/\/www.facebook.com\/cmn.equipamentos.consumiveis\/","article_modified_time":"2026-02-06T19:44:43+00:00","og_image":[{"width":550,"height":443,"url":"https:\/\/cmn.com.pt\/printhub\/wp-content\/uploads\/2026\/02\/cleaning-liquid-esl5-500ml-bottle-6000007197_550.webp","type":"image\/webp"}],"twitter_card":"summary_large_image","schema":{"@context":"https:\/\/schema.org","@graph":[{"@type":"WebPage","@id":"https:\/\/cmn.com.pt\/printhub\/produto\/tintas-roland\/eco-sol-max-cleaning-liquid-esl5-500ml-bottle\/","url":"https:\/\/cmn.com.pt\/printhub\/produto\/tintas-roland\/eco-sol-max-cleaning-liquid-esl5-500ml-bottle\/","name":"Eco-Sol MAX Cleaning Liquid (ESL5) (500ml bottle) - PRINTHUB","isPartOf":{"@id":"https:\/\/cmn.com.pt\/printhub\/#website"},"datePublished":"2026-02-06T19:31:01+00:00","dateModified":"2026-02-06T19:44:43+00:00","breadcrumb":{"@id":"https:\/\/cmn.com.pt\/printhub\/produto\/tintas-roland\/eco-sol-max-cleaning-liquid-esl5-500ml-bottle\/#breadcrumb"},"inLanguage":"pt-PT","potentialAction":[{"@type":"ReadAction","target":["https:\/\/cmn.com.pt\/printhub\/produto\/tintas-roland\/eco-sol-max-cleaning-liquid-esl5-500ml-bottle\/"]}]},{"@type":"BreadcrumbList","@id":"https:\/\/cmn.com.pt\/printhub\/produto\/tintas-roland\/eco-sol-max-cleaning-liquid-esl5-500ml-bottle\/#breadcrumb","itemListElement":[{"@type":"ListItem","position":1,"name":"In\u00edcio","item":"https:\/\/cmn.com.pt\/printhub\/"},{"@type":"ListItem","position":2,"name":"Produtos","item":"https:\/\/cmn.com.pt\/printhub\/produtos\/"},{"@type":"ListItem","position":3,"name":"Eco-Sol MAX Cleaning Liquid (ESL5) (500ml bottle)"}]},{"@type":"WebSite","@id":"https:\/\/cmn.com.pt\/printhub\/#website","url":"https:\/\/cmn.com.pt\/printhub\/","name":"CMN Equipamentos e Consum\u00edveis","description":"Equipamentos e Consum\u00edveis de Impress\u00e3o, Lda","publisher":{"@id":"https:\/\/cmn.com.pt\/printhub\/#organization"},"alternateName":"Empresa de Com\u00e9rcio e Repara\u00e7\u00e3o de equipamentos de impress\u00e3o de grande e pequeno formato, venda de Consum\u00edveis e materiais","potentialAction":[{"@type":"SearchAction","target":{"@type":"EntryPoint","urlTemplate":"https:\/\/cmn.com.pt\/printhub\/?s={search_term_string}"},"query-input":"required name=search_term_string"}],"inLanguage":"pt-PT"},{"@type":"Organization","@id":"https:\/\/cmn.com.pt\/printhub\/#organization","name":"CMN - Import Export Trading","url":"https:\/\/cmn.com.pt\/printhub\/","logo":{"@type":"ImageObject","inLanguage":"pt-PT","@id":"https:\/\/cmn.com.pt\/printhub\/#\/schema\/logo\/image\/","url":"https:\/\/cmn.com.pt\/printhub\/wp-content\/uploads\/2022\/07\/Logo-21-e1659456161272.png","contentUrl":"https:\/\/cmn.com.pt\/printhub\/wp-content\/uploads\/2022\/07\/Logo-21-e1659456161272.png","width":149,"height":51,"caption":"CMN - Import Export Trading"},"image":{"@id":"https:\/\/cmn.com.pt\/printhub\/#\/schema\/logo\/image\/"},"sameAs":["https:\/\/www.facebook.com\/cmn.equipamentos.consumiveis\/","https:\/\/www.instagram.com\/cmn_equipamentos\/","https:\/\/www.linkedin.com\/in\/cmnequipamentoseconsumiveis","https:\/\/www.youtube.com\/channel\/UCGla_lu2IiHeN4oHY2118Tg"]}]}},"_links":{"self":[{"href":"https:\/\/cmn.com.pt\/printhub\/wp-json\/wp\/v2\/product\/55827","targetHints":{"allow":["GET"]}}],"collection":[{"href":"https:\/\/cmn.com.pt\/printhub\/wp-json\/wp\/v2\/product"}],"about":[{"href":"https:\/\/cmn.com.pt\/printhub\/wp-json\/wp\/v2\/types\/product"}],"replies":[{"embeddable":true,"href":"https:\/\/cmn.com.pt\/printhub\/wp-json\/wp\/v2\/comments?post=55827"}],"version-history":[{"count":1,"href":"https:\/\/cmn.com.pt\/printhub\/wp-json\/wp\/v2\/product\/55827\/revisions"}],"predecessor-version":[{"id":55829,"href":"https:\/\/cmn.com.pt\/printhub\/wp-json\/wp\/v2\/product\/55827\/revisions\/55829"}],"wp:featuredmedia":[{"embeddable":true,"href":"https:\/\/cmn.com.pt\/printhub\/wp-json\/wp\/v2\/media\/55828"}],"wp:attachment":[{"href":"https:\/\/cmn.com.pt\/printhub\/wp-json\/wp\/v2\/media?parent=55827"}],"wp:term":[{"taxonomy":"product_cat","embeddable":true,"href":"https:\/\/cmn.com.pt\/printhub\/wp-json\/wp\/v2\/product_cat?post=55827"},{"taxonomy":"product_tag","embeddable":true,"href":"https:\/\/cmn.com.pt\/printhub\/wp-json\/wp\/v2\/product_tag?post=55827"}],"curies":[{"name":"wp","href":"https:\/\/api.w.org\/{rel}","templated":true}]}}